{"id":18073,"date":"2025-11-16T09:46:15","date_gmt":"2025-11-16T08:46:15","guid":{"rendered":"https:\/\/ibcparts.eu\/?post_type=product&#038;p=18073"},"modified":"2025-11-23T18:44:32","modified_gmt":"2025-11-23T17:44:32","slug":"izolacijska-ponjava-za-popolno-izolacijo-1000l-ibc-cisterne","status":"publish","type":"product","link":"https:\/\/ibcparts.eu\/de\/produkt\/isolierabdeckung-fuer-1000l-ibc-tank\/","title":{"rendered":"Isolierung f\u00fcr 1000L IBC-Tanks (zur Isolierung bei Verwendung eines Heizmantels)"},"content":{"rendered":"","protected":false},"excerpt":{"rendered":"<p>Diese Isolierfolie h\u00e4lt die Temperatur im IBC-Beh\u00e4lter aufrecht oder kontrolliert die Temperatur des Inhalts auf einer Standardpalette.<\/p>\n<p>Es wird auch zur Isolierung in Anwendungen verwendet <a href=\"https:\/\/ibcparts.eu\/nakupujte\/grelniki-zascitne-in-termoizolacijske-ponjave-za-sode-in-ibc-cisterne\/grelni-plasc-za-1000l-ibc-cisterno\/\"><strong>des Heizmantels<\/strong><\/a>.<\/p>\n<ul>\n<li>Hergestellt aus hochwertigem, wasserabweisendem Nylonmaterial.<\/li>\n<li>Verstellbare Befestigungsriemen.<\/li>\n<li>Schnellverschluss-Schnallen.<\/li>\n<li>Einfache Montage auf jedem Standard 1000 Liter Tank.<\/li>\n<li>Abmessungen: 1200 x 1000 x 1140 mm.<\/li>\n<li>Gewicht: 6000 g<\/li>\n<li>Hergestellt in der EU.<\/li>\n<li>Der Preis f\u00fcr dieses Produkt versteht sich ohne MwSt. Der genaue Betrag der Versandkosten wird bei der Erstellung des Kostenvoranschlags berechnet.<\/li>\n<li>Wir ber\u00fccksichtigen in der Regel einen zus\u00e4tzlichen Rabatt, insbesondere bei Mengen von 2 oder mehr.<\/li>\n<\/ul>\n<p>&nbsp;<\/p>\n<p><span dir=\"auto\">Die IBC-Isolierh\u00fclle dient der Isolierung und Aufrechterhaltung der Temperatur im Inneren des IBC-Containers.\u00a0<\/span><\/p>\n<p><span dir=\"auto\">Die Isolationsjacke ist aus hochwertigem Nylonmaterial gefertigt und verf\u00fcgt \u00fcber vier Schnellverschlussriemen zur einfachen Befestigung.<\/span><\/p>\n<p><span dir=\"auto\">Dank dieser Konstruktion kann die Jacke zusammen mit einer Heizh\u00fclle f\u00fcr einen IBC-Container verwendet werden: zuerst die Heizung installieren und die Stromversorgung anschlie\u00dfen, dann die Jacke als Au\u00dfenschicht anbringen. Ziehen Sie die B\u00e4nder f\u00fcr eine schnellere Erw\u00e4rmung an.<\/span><\/p>\n<p><span dir=\"auto\">Zus\u00e4tzlich zum Heizen oder zur Temperaturerhaltung kann es auch zusammen mit einer Jacke verwendet werden <a href=\"https:\/\/ibcparts.eu\/nakupujte\/grelniki-zascitne-in-termoizolacijske-ponjave-za-sode-in-ibc-cisterne\/izolacijski-pokrov-za-1000l-ibc-cisterno\/\"><strong>Abdeckung<\/strong><\/a> und\/oder <a href=\"https:\/\/ibcparts.eu\/nakupujte\/grelniki-zascitne-in-termoizolacijske-ponjave-za-sode-in-ibc-cisterne\/podstavni-bazni-grelec-za-1000l-ibc-cisterno\/\"><strong>Grundheizung<\/strong><\/a>.<\/span><\/p>","protected":false},"featured_media":18074,"template":"","meta":[],"product_brand":[],"product_cat":[317,262],"product_tag":[343,342],"class_list":{"0":"post-18073","1":"product","2":"type-product","3":"status-publish","4":"has-post-thumbnail","6":"product_cat-grelniki-zascitne-in-termoizolacijske-ponjave-za-sode-in-ibc-cisterne","7":"product_cat-zascitne-ponjave","8":"product_tag-izolacija-za-ibc-cisterno","9":"product_tag-izolirna-ponjava-za-1000l-ibc-cisterno","11":"first","12":"instock","13":"featured","14":"shipping-taxable","15":"purchasable","16":"product-type-simple"},"yoast_head":"<!-- This site is optimized with the Yoast SEO plugin v27.1.1 - https:\/\/yoast.com\/product\/yoast-seo-wordpress\/ -->\n<title>Izolacija za 1000L IBC cisterne (za izolacijo pri uporabi grelnega pla\u0161\u010da) | IBCparts.eu<\/title>\n<meta name=\"description\" content=\"Ta izolirna ponjava za 1000L IBC cisterno ohranja temperaturo ali nadzoruje temperaturo vsebine. Uporablja se tudi za izolacijo pri uporabi grelnega pla\u0161\u010da.\" \/>\n<meta name=\"robots\" content=\"index, follow, max-snippet:-1, max-image-preview:large, max-video-preview:-1\" \/>\n<link rel=\"canonical\" href=\"https:\/\/ibcparts.eu\/de\/produkt\/isolierabdeckung-fuer-1000l-ibc-tank\/\" \/>\n<meta property=\"og:locale\" content=\"de_DE\" \/>\n<meta property=\"og:type\" content=\"article\" \/>\n<meta property=\"og:title\" content=\"Izolacija za 1000L IBC cisterne (za izolacijo pri uporabi grelnega pla\u0161\u010da) | IBCparts.eu\" \/>\n<meta property=\"og:description\" content=\"Ta izolirna ponjava za 1000L IBC cisterno ohranja temperaturo ali nadzoruje temperaturo vsebine. Uporablja se tudi za izolacijo pri uporabi grelnega pla\u0161\u010da.\" \/>\n<meta property=\"og:url\" content=\"https:\/\/ibcparts.eu\/de\/produkt\/isolierabdeckung-fuer-1000l-ibc-tank\/\" \/>\n<meta property=\"og:site_name\" content=\"IBCparts.eu\" \/>\n<meta property=\"article:modified_time\" content=\"2025-11-23T17:44:32+00:00\" \/>\n<meta property=\"og:image\" content=\"https:\/\/ibcparts.eu\/wp-content\/uploads\/2025\/11\/Izolacijska-ponjava-za-IBc-cisterno.webp\" \/>\n\t<meta property=\"og:image:width\" content=\"600\" \/>\n\t<meta property=\"og:image:height\" content=\"600\" \/>\n\t<meta property=\"og:image:type\" content=\"image\/webp\" \/>\n<meta name=\"twitter:card\" content=\"summary_large_image\" \/>\n<script type=\"application\/ld+json\" class=\"yoast-schema-graph\">{\"@context\":\"https:\/\/schema.org\",\"@graph\":[{\"@type\":\"WebPage\",\"@id\":\"https:\/\/ibcparts.eu\/izdelek\/izolacijska-ponjava-za-popolno-izolacijo-1000l-ibc-cisterne\/\",\"url\":\"https:\/\/ibcparts.eu\/izdelek\/izolacijska-ponjava-za-popolno-izolacijo-1000l-ibc-cisterne\/\",\"name\":\"Izolacija za 1000L IBC cisterne (za izolacijo pri uporabi grelnega pla\u0161\u010da) | IBCparts.eu\",\"isPartOf\":{\"@id\":\"https:\/\/ibcparts.eu\/#website\"},\"primaryImageOfPage\":{\"@id\":\"https:\/\/ibcparts.eu\/izdelek\/izolacijska-ponjava-za-popolno-izolacijo-1000l-ibc-cisterne\/#primaryimage\"},\"image\":{\"@id\":\"https:\/\/ibcparts.eu\/izdelek\/izolacijska-ponjava-za-popolno-izolacijo-1000l-ibc-cisterne\/#primaryimage\"},\"thumbnailUrl\":\"https:\/\/ibcparts.eu\/wp-content\/uploads\/2025\/11\/Izolacijska-ponjava-za-IBc-cisterno.webp\",\"datePublished\":\"2025-11-16T08:46:15+00:00\",\"dateModified\":\"2025-11-23T17:44:32+00:00\",\"description\":\"Ta izolirna ponjava za 1000L IBC cisterno ohranja temperaturo ali nadzoruje temperaturo vsebine. Uporablja se tudi za izolacijo pri uporabi grelnega pla\u0161\u010da.\",\"breadcrumb\":{\"@id\":\"https:\/\/ibcparts.eu\/izdelek\/izolacijska-ponjava-za-popolno-izolacijo-1000l-ibc-cisterne\/#breadcrumb\"},\"inLanguage\":\"de\",\"potentialAction\":[{\"@type\":\"ReadAction\",\"target\":[\"https:\/\/ibcparts.eu\/izdelek\/izolacijska-ponjava-za-popolno-izolacijo-1000l-ibc-cisterne\/\"]}]},{\"@type\":\"ImageObject\",\"inLanguage\":\"de\",\"@id\":\"https:\/\/ibcparts.eu\/izdelek\/izolacijska-ponjava-za-popolno-izolacijo-1000l-ibc-cisterne\/#primaryimage\",\"url\":\"https:\/\/ibcparts.eu\/wp-content\/uploads\/2025\/11\/Izolacijska-ponjava-za-IBc-cisterno.webp\",\"contentUrl\":\"https:\/\/ibcparts.eu\/wp-content\/uploads\/2025\/11\/Izolacijska-ponjava-za-IBc-cisterno.webp\",\"width\":600,\"height\":600,\"caption\":\"Izolacijska ponjava za IBC cisterno\"},{\"@type\":\"BreadcrumbList\",\"@id\":\"https:\/\/ibcparts.eu\/izdelek\/izolacijska-ponjava-za-popolno-izolacijo-1000l-ibc-cisterne\/#breadcrumb\",\"itemListElement\":[{\"@type\":\"ListItem\",\"position\":1,\"name\":\"Home\",\"item\":\"https:\/\/ibcparts.eu\/\"},{\"@type\":\"ListItem\",\"position\":2,\"name\":\"Nakupujte\",\"item\":\"https:\/\/ibcparts.eu\/nakupujte\/\"},{\"@type\":\"ListItem\",\"position\":3,\"name\":\"Izolacija za 1000L IBC cisterne (za izolacijo pri uporabi grelnega pla\u0161\u010da)\"}]},{\"@type\":\"WebSite\",\"@id\":\"https:\/\/ibcparts.eu\/#website\",\"url\":\"https:\/\/ibcparts.eu\/\",\"name\":\"IBCparts.eu\",\"description\":\"\",\"publisher\":{\"@id\":\"https:\/\/ibcparts.eu\/#organization\"},\"potentialAction\":[{\"@type\":\"SearchAction\",\"target\":{\"@type\":\"EntryPoint\",\"urlTemplate\":\"https:\/\/ibcparts.eu\/?s={search_term_string}\"},\"query-input\":{\"@type\":\"PropertyValueSpecification\",\"valueRequired\":true,\"valueName\":\"search_term_string\"}}],\"inLanguage\":\"de\"},{\"@type\":\"Organization\",\"@id\":\"https:\/\/ibcparts.eu\/#organization\",\"name\":\"IBCparts\",\"url\":\"https:\/\/ibcparts.eu\/\",\"logo\":{\"@type\":\"ImageObject\",\"inLanguage\":\"de\",\"@id\":\"https:\/\/ibcparts.eu\/#\/schema\/logo\/image\/\",\"url\":\"https:\/\/ibcparts.eu\/wp-content\/uploads\/2021\/10\/Footer-Logo.png\",\"contentUrl\":\"https:\/\/ibcparts.eu\/wp-content\/uploads\/2021\/10\/Footer-Logo.png\",\"width\":1992,\"height\":772,\"caption\":\"IBCparts\"},\"image\":{\"@id\":\"https:\/\/ibcparts.eu\/#\/schema\/logo\/image\/\"}}]}<\/script>\n<!-- \/ Yoast SEO plugin. -->","yoast_head_json":{"title":"Isolierung f\u00fcr 1000L IBC-Tanks (zur Isolierung bei Verwendung eines Heizmantels) | IBCparts.eu","description":"Diese Isolierplane f\u00fcr einen 1000-Liter-IBC-Tank h\u00e4lt die Temperatur des Inhalts aufrecht oder kontrolliert sie. Sie wird auch zur Isolierung bei Verwendung einer Heizmanschette verwendet.","robots":{"index":"index","follow":"follow","max-snippet":"max-snippet:-1","max-image-preview":"max-image-preview:large","max-video-preview":"max-video-preview:-1"},"canonical":"https:\/\/ibcparts.eu\/de\/produkt\/isolierabdeckung-fuer-1000l-ibc-tank\/","og_locale":"de_DE","og_type":"article","og_title":"Izolacija za 1000L IBC cisterne (za izolacijo pri uporabi grelnega pla\u0161\u010da) | IBCparts.eu","og_description":"Ta izolirna ponjava za 1000L IBC cisterno ohranja temperaturo ali nadzoruje temperaturo vsebine. Uporablja se tudi za izolacijo pri uporabi grelnega pla\u0161\u010da.","og_url":"https:\/\/ibcparts.eu\/de\/produkt\/isolierabdeckung-fuer-1000l-ibc-tank\/","og_site_name":"IBCparts.eu","article_modified_time":"2025-11-23T17:44:32+00:00","og_image":[{"width":600,"height":600,"url":"https:\/\/ibcparts.eu\/wp-content\/uploads\/2025\/11\/Izolacijska-ponjava-za-IBc-cisterno.webp","type":"image\/webp"}],"twitter_card":"summary_large_image","schema":{"@context":"https:\/\/schema.org","@graph":[{"@type":"WebPage","@id":"https:\/\/ibcparts.eu\/izdelek\/izolacijska-ponjava-za-popolno-izolacijo-1000l-ibc-cisterne\/","url":"https:\/\/ibcparts.eu\/izdelek\/izolacijska-ponjava-za-popolno-izolacijo-1000l-ibc-cisterne\/","name":"Isolierung f\u00fcr 1000L IBC-Tanks (zur Isolierung bei Verwendung eines Heizmantels) | IBCparts.eu","isPartOf":{"@id":"https:\/\/ibcparts.eu\/#website"},"primaryImageOfPage":{"@id":"https:\/\/ibcparts.eu\/izdelek\/izolacijska-ponjava-za-popolno-izolacijo-1000l-ibc-cisterne\/#primaryimage"},"image":{"@id":"https:\/\/ibcparts.eu\/izdelek\/izolacijska-ponjava-za-popolno-izolacijo-1000l-ibc-cisterne\/#primaryimage"},"thumbnailUrl":"https:\/\/ibcparts.eu\/wp-content\/uploads\/2025\/11\/Izolacijska-ponjava-za-IBc-cisterno.webp","datePublished":"2025-11-16T08:46:15+00:00","dateModified":"2025-11-23T17:44:32+00:00","description":"Diese Isolierplane f\u00fcr einen 1000-Liter-IBC-Tank h\u00e4lt die Temperatur des Inhalts aufrecht oder kontrolliert sie. Sie wird auch zur Isolierung bei Verwendung einer Heizmanschette verwendet.","breadcrumb":{"@id":"https:\/\/ibcparts.eu\/izdelek\/izolacijska-ponjava-za-popolno-izolacijo-1000l-ibc-cisterne\/#breadcrumb"},"inLanguage":"de","potentialAction":[{"@type":"ReadAction","target":["https:\/\/ibcparts.eu\/izdelek\/izolacijska-ponjava-za-popolno-izolacijo-1000l-ibc-cisterne\/"]}]},{"@type":"ImageObject","inLanguage":"de","@id":"https:\/\/ibcparts.eu\/izdelek\/izolacijska-ponjava-za-popolno-izolacijo-1000l-ibc-cisterne\/#primaryimage","url":"https:\/\/ibcparts.eu\/wp-content\/uploads\/2025\/11\/Izolacijska-ponjava-za-IBc-cisterno.webp","contentUrl":"https:\/\/ibcparts.eu\/wp-content\/uploads\/2025\/11\/Izolacijska-ponjava-za-IBc-cisterno.webp","width":600,"height":600,"caption":"Izolacijska ponjava za IBC cisterno"},{"@type":"BreadcrumbList","@id":"https:\/\/ibcparts.eu\/izdelek\/izolacijska-ponjava-za-popolno-izolacijo-1000l-ibc-cisterne\/#breadcrumb","itemListElement":[{"@type":"ListItem","position":1,"name":"Home","item":"https:\/\/ibcparts.eu\/"},{"@type":"ListItem","position":2,"name":"Nakupujte","item":"https:\/\/ibcparts.eu\/nakupujte\/"},{"@type":"ListItem","position":3,"name":"Izolacija za 1000L IBC cisterne (za izolacijo pri uporabi grelnega pla\u0161\u010da)"}]},{"@type":"WebSite","@id":"https:\/\/ibcparts.eu\/#website","url":"https:\/\/ibcparts.eu\/","name":"IBC-Teile.eu","description":"","publisher":{"@id":"https:\/\/ibcparts.eu\/#organization"},"potentialAction":[{"@type":"SearchAction","target":{"@type":"EntryPoint","urlTemplate":"https:\/\/ibcparts.eu\/?s={search_term_string}"},"query-input":{"@type":"PropertyValueSpecification","valueRequired":true,"valueName":"search_term_string"}}],"inLanguage":"de"},{"@type":"Organization","@id":"https:\/\/ibcparts.eu\/#organization","name":"IBC-Teile","url":"https:\/\/ibcparts.eu\/","logo":{"@type":"ImageObject","inLanguage":"de","@id":"https:\/\/ibcparts.eu\/#\/schema\/logo\/image\/","url":"https:\/\/ibcparts.eu\/wp-content\/uploads\/2021\/10\/Footer-Logo.png","contentUrl":"https:\/\/ibcparts.eu\/wp-content\/uploads\/2021\/10\/Footer-Logo.png","width":1992,"height":772,"caption":"IBCparts"},"image":{"@id":"https:\/\/ibcparts.eu\/#\/schema\/logo\/image\/"}}]}},"_links":{"self":[{"href":"https:\/\/ibcparts.eu\/de\/wp-json\/wp\/v2\/product\/18073","targetHints":{"allow":["GET"]}}],"collection":[{"href":"https:\/\/ibcparts.eu\/de\/wp-json\/wp\/v2\/product"}],"about":[{"href":"https:\/\/ibcparts.eu\/de\/wp-json\/wp\/v2\/types\/product"}],"version-history":[{"count":0,"href":"https:\/\/ibcparts.eu\/de\/wp-json\/wp\/v2\/product\/18073\/revisions"}],"wp:featuredmedia":[{"embeddable":true,"href":"https:\/\/ibcparts.eu\/de\/wp-json\/wp\/v2\/media\/18074"}],"wp:attachment":[{"href":"https:\/\/ibcparts.eu\/de\/wp-json\/wp\/v2\/media?parent=18073"}],"wp:term":[{"taxonomy":"product_brand","embeddable":true,"href":"https:\/\/ibcparts.eu\/de\/wp-json\/wp\/v2\/product_brand?post=18073"},{"taxonomy":"product_cat","embeddable":true,"href":"https:\/\/ibcparts.eu\/de\/wp-json\/wp\/v2\/product_cat?post=18073"},{"taxonomy":"product_tag","embeddable":true,"href":"https:\/\/ibcparts.eu\/de\/wp-json\/wp\/v2\/product_tag?post=18073"}],"curies":[{"name":"wp","href":"https:\/\/api.w.org\/{rel}","templated":true}]}}