{"id":17388,"date":"2024-12-31T10:26:50","date_gmt":"2024-12-31T09:26:50","guid":{"rendered":"https:\/\/ibcparts.eu\/?post_type=product&#038;p=17388"},"modified":"2026-01-13T14:08:50","modified_gmt":"2026-01-13T13:08:50","slug":"camlock-prikljucek-z-moskim-s60x6","status":"publish","type":"product","link":"https:\/\/ibcparts.eu\/de\/produkt\/camlock-anschluss-mit-aussengewinde-s60x6\/","title":{"rendered":"Camlock-2\u2033-Anschluss mit m\u00e4nnlichem S60x6-Gewinde"},"content":{"rendered":"","protected":false},"excerpt":{"rendered":"<h2 data-start=\"165\" data-end=\"235\">Camlock-2\u2033-Anschluss mit m\u00e4nnlichem S60x6-Gewinde f\u00fcr IBC-Container<\/h2>\n<p data-start=\"237\" data-end=\"667\" class=\" translation-block\">Der Camlock-2\u2033-Anschluss mit m\u00e4nnlichem S60x6-Gewinde ist f\u00fcr den Anschluss an ein <strong data-start=\"318\" data-end=\"339\">2\u2033-Camlock-Ventil<\/strong> an IBC-Containern oder anderen Systemen mit Camlock-Verbindung vorgesehen. Er wird als <strong data-start=\"414\" data-end=\"460\">Adapter bzw. Anschluss f\u00fcr einen IBC-Container<\/strong> verwendet, da er die Umwandlung eines 2\u2033-Camlock-Anschlusses in das standardm\u00e4\u00dfige IBC-Gewinde S60x6 erm\u00f6glicht. Er besteht aus PP-Material und verf\u00fcgt \u00fcber eine Gummidichtung, die <strong data-start=\"601\" data-end=\"666\">eine zuverl\u00e4ssige Abdichtung auch bei kleineren Unregelm\u00e4\u00dfigkeiten an der Verbindung<\/strong> gew\u00e4hrleistet.<\/p>\n<p data-start=\"669\" data-end=\"694\"><strong data-start=\"669\" data-end=\"692\">Technische Eigenschaften<\/strong><\/p>\n<ul>\n<li data-start=\"697\" data-end=\"756\">Produkttyp: Camlock-Adapter (Anschluss f\u00fcr IBC-Container)<\/li>\n<li class=\" translation-block\"><strong>Anschlusstyp an der Zisterne:<\/strong> 2\u2033 Camlock<\/li>\n<li>Au\u00dfengewinde (m\u00e4nnlich) S60x6 auf der anderen Seite \u2013 dieser Adapter wandelt das 2\u2033-Camlock-Ventil Ihrer Zisterne in das bei IBC-Containern am h\u00e4ufigsten verwendete Gewinde S60x6 um.<\/li>\n<li class=\" translation-block\"><strong>Material:<\/strong> Kunststoff (PP)<\/li>\n<li><strong>Farbe:<\/strong> Schwarz<\/li>\n<li><strong>Dichtung:<\/strong> guma<\/li>\n<\/ul>","protected":false},"featured_media":17384,"template":"","meta":[],"product_brand":[],"product_cat":[195,170],"product_tag":[408],"class_list":{"0":"post-17388","1":"product","2":"type-product","3":"status-publish","4":"has-post-thumbnail","6":"product_cat-camlock-prikljucki","7":"product_cat-reducirji-in-prikljucki-za-ibc","8":"product_tag-camlock-2-prikljucek-z-moskim-s60x6-navojem-za-ibc-cisterno","10":"first","11":"instock","12":"shipping-taxable","13":"purchasable","14":"product-type-simple"},"yoast_head":"<!-- This site is optimized with the Yoast SEO plugin v27.1.1 - https:\/\/yoast.com\/product\/yoast-seo-wordpress\/ -->\n<title>Camlock 2&quot; priklju\u010dek z mo\u0161kim S60x6 navojem | IBCparts.eu<\/title>\n<meta name=\"description\" content=\"Camlock 2\u2033 priklju\u010dek z mo\u0161kim S60x6 navojem za IBC cisterno. PP izvedba z gumijastim tesnilom za zanesljivo pretvorbo camlock priklopa.\" \/>\n<meta name=\"robots\" content=\"index, follow, max-snippet:-1, max-image-preview:large, max-video-preview:-1\" \/>\n<link rel=\"canonical\" href=\"https:\/\/ibcparts.eu\/de\/produkt\/camlock-anschluss-mit-aussengewinde-s60x6\/\" \/>\n<meta property=\"og:locale\" content=\"de_DE\" \/>\n<meta property=\"og:type\" content=\"article\" \/>\n<meta property=\"og:title\" content=\"Camlock 2&quot; priklju\u010dek z mo\u0161kim S60x6 navojem | IBCparts.eu\" \/>\n<meta property=\"og:description\" content=\"Camlock 2\u2033 priklju\u010dek z mo\u0161kim S60x6 navojem za IBC cisterno. PP izvedba z gumijastim tesnilom za zanesljivo pretvorbo camlock priklopa.\" \/>\n<meta property=\"og:url\" content=\"https:\/\/ibcparts.eu\/de\/produkt\/camlock-anschluss-mit-aussengewinde-s60x6\/\" \/>\n<meta property=\"og:site_name\" content=\"IBCparts.eu\" \/>\n<meta property=\"article:modified_time\" content=\"2026-01-13T13:08:50+00:00\" \/>\n<meta property=\"og:image\" content=\"https:\/\/ibcparts.eu\/wp-content\/uploads\/2024\/12\/Camlock-2-F-x-S60x6-M.png\" \/>\n\t<meta property=\"og:image:width\" content=\"500\" \/>\n\t<meta property=\"og:image:height\" content=\"500\" \/>\n\t<meta property=\"og:image:type\" content=\"image\/png\" \/>\n<meta name=\"twitter:card\" content=\"summary_large_image\" \/>\n<script type=\"application\/ld+json\" class=\"yoast-schema-graph\">{\"@context\":\"https:\/\/schema.org\",\"@graph\":[{\"@type\":\"WebPage\",\"@id\":\"https:\/\/ibcparts.eu\/izdelek\/camlock-prikljucek-z-moskim-s60x6\/\",\"url\":\"https:\/\/ibcparts.eu\/izdelek\/camlock-prikljucek-z-moskim-s60x6\/\",\"name\":\"Camlock 2\\\" priklju\u010dek z mo\u0161kim S60x6 navojem | IBCparts.eu\",\"isPartOf\":{\"@id\":\"https:\/\/ibcparts.eu\/#website\"},\"primaryImageOfPage\":{\"@id\":\"https:\/\/ibcparts.eu\/izdelek\/camlock-prikljucek-z-moskim-s60x6\/#primaryimage\"},\"image\":{\"@id\":\"https:\/\/ibcparts.eu\/izdelek\/camlock-prikljucek-z-moskim-s60x6\/#primaryimage\"},\"thumbnailUrl\":\"https:\/\/ibcparts.eu\/wp-content\/uploads\/2024\/12\/Camlock-2-F-x-S60x6-M.png\",\"datePublished\":\"2024-12-31T09:26:50+00:00\",\"dateModified\":\"2026-01-13T13:08:50+00:00\",\"description\":\"Camlock 2\u2033 priklju\u010dek z mo\u0161kim S60x6 navojem za IBC cisterno. PP izvedba z gumijastim tesnilom za zanesljivo pretvorbo camlock priklopa.\",\"breadcrumb\":{\"@id\":\"https:\/\/ibcparts.eu\/izdelek\/camlock-prikljucek-z-moskim-s60x6\/#breadcrumb\"},\"inLanguage\":\"de\",\"potentialAction\":[{\"@type\":\"ReadAction\",\"target\":[\"https:\/\/ibcparts.eu\/izdelek\/camlock-prikljucek-z-moskim-s60x6\/\"]}]},{\"@type\":\"ImageObject\",\"inLanguage\":\"de\",\"@id\":\"https:\/\/ibcparts.eu\/izdelek\/camlock-prikljucek-z-moskim-s60x6\/#primaryimage\",\"url\":\"https:\/\/ibcparts.eu\/wp-content\/uploads\/2024\/12\/Camlock-2-F-x-S60x6-M.png\",\"contentUrl\":\"https:\/\/ibcparts.eu\/wp-content\/uploads\/2024\/12\/Camlock-2-F-x-S60x6-M.png\",\"width\":500,\"height\":500},{\"@type\":\"BreadcrumbList\",\"@id\":\"https:\/\/ibcparts.eu\/izdelek\/camlock-prikljucek-z-moskim-s60x6\/#breadcrumb\",\"itemListElement\":[{\"@type\":\"ListItem\",\"position\":1,\"name\":\"Home\",\"item\":\"https:\/\/ibcparts.eu\/\"},{\"@type\":\"ListItem\",\"position\":2,\"name\":\"Nakupujte\",\"item\":\"https:\/\/ibcparts.eu\/nakupujte\/\"},{\"@type\":\"ListItem\",\"position\":3,\"name\":\"Camlock 2&#8243; priklju\u010dek z mo\u0161kim S60x6 navojem\"}]},{\"@type\":\"WebSite\",\"@id\":\"https:\/\/ibcparts.eu\/#website\",\"url\":\"https:\/\/ibcparts.eu\/\",\"name\":\"IBCparts.eu\",\"description\":\"\",\"publisher\":{\"@id\":\"https:\/\/ibcparts.eu\/#organization\"},\"potentialAction\":[{\"@type\":\"SearchAction\",\"target\":{\"@type\":\"EntryPoint\",\"urlTemplate\":\"https:\/\/ibcparts.eu\/?s={search_term_string}\"},\"query-input\":{\"@type\":\"PropertyValueSpecification\",\"valueRequired\":true,\"valueName\":\"search_term_string\"}}],\"inLanguage\":\"de\"},{\"@type\":\"Organization\",\"@id\":\"https:\/\/ibcparts.eu\/#organization\",\"name\":\"IBCparts\",\"url\":\"https:\/\/ibcparts.eu\/\",\"logo\":{\"@type\":\"ImageObject\",\"inLanguage\":\"de\",\"@id\":\"https:\/\/ibcparts.eu\/#\/schema\/logo\/image\/\",\"url\":\"https:\/\/ibcparts.eu\/wp-content\/uploads\/2021\/10\/Footer-Logo.png\",\"contentUrl\":\"https:\/\/ibcparts.eu\/wp-content\/uploads\/2021\/10\/Footer-Logo.png\",\"width\":1992,\"height\":772,\"caption\":\"IBCparts\"},\"image\":{\"@id\":\"https:\/\/ibcparts.eu\/#\/schema\/logo\/image\/\"}}]}<\/script>\n<!-- \/ Yoast SEO plugin. -->","yoast_head_json":{"title":"Camlock 2\" priklju\u010dek z mo\u0161kim S60x6 navojem | IBCparts.eu","description":"Camlock 2\u2033 priklju\u010dek z mo\u0161kim S60x6 navojem za IBC cisterno. PP izvedba z gumijastim tesnilom za zanesljivo pretvorbo camlock priklopa.","robots":{"index":"index","follow":"follow","max-snippet":"max-snippet:-1","max-image-preview":"max-image-preview:large","max-video-preview":"max-video-preview:-1"},"canonical":"https:\/\/ibcparts.eu\/de\/produkt\/camlock-anschluss-mit-aussengewinde-s60x6\/","og_locale":"de_DE","og_type":"article","og_title":"Camlock 2\" priklju\u010dek z mo\u0161kim S60x6 navojem | IBCparts.eu","og_description":"Camlock 2\u2033 priklju\u010dek z mo\u0161kim S60x6 navojem za IBC cisterno. PP izvedba z gumijastim tesnilom za zanesljivo pretvorbo camlock priklopa.","og_url":"https:\/\/ibcparts.eu\/de\/produkt\/camlock-anschluss-mit-aussengewinde-s60x6\/","og_site_name":"IBCparts.eu","article_modified_time":"2026-01-13T13:08:50+00:00","og_image":[{"width":500,"height":500,"url":"https:\/\/ibcparts.eu\/wp-content\/uploads\/2024\/12\/Camlock-2-F-x-S60x6-M.png","type":"image\/png"}],"twitter_card":"summary_large_image","schema":{"@context":"https:\/\/schema.org","@graph":[{"@type":"WebPage","@id":"https:\/\/ibcparts.eu\/izdelek\/camlock-prikljucek-z-moskim-s60x6\/","url":"https:\/\/ibcparts.eu\/izdelek\/camlock-prikljucek-z-moskim-s60x6\/","name":"Camlock 2\" priklju\u010dek z mo\u0161kim S60x6 navojem | IBCparts.eu","isPartOf":{"@id":"https:\/\/ibcparts.eu\/#website"},"primaryImageOfPage":{"@id":"https:\/\/ibcparts.eu\/izdelek\/camlock-prikljucek-z-moskim-s60x6\/#primaryimage"},"image":{"@id":"https:\/\/ibcparts.eu\/izdelek\/camlock-prikljucek-z-moskim-s60x6\/#primaryimage"},"thumbnailUrl":"https:\/\/ibcparts.eu\/wp-content\/uploads\/2024\/12\/Camlock-2-F-x-S60x6-M.png","datePublished":"2024-12-31T09:26:50+00:00","dateModified":"2026-01-13T13:08:50+00:00","description":"Camlock 2\u2033 priklju\u010dek z mo\u0161kim S60x6 navojem za IBC cisterno. PP izvedba z gumijastim tesnilom za zanesljivo pretvorbo camlock priklopa.","breadcrumb":{"@id":"https:\/\/ibcparts.eu\/izdelek\/camlock-prikljucek-z-moskim-s60x6\/#breadcrumb"},"inLanguage":"de","potentialAction":[{"@type":"ReadAction","target":["https:\/\/ibcparts.eu\/izdelek\/camlock-prikljucek-z-moskim-s60x6\/"]}]},{"@type":"ImageObject","inLanguage":"de","@id":"https:\/\/ibcparts.eu\/izdelek\/camlock-prikljucek-z-moskim-s60x6\/#primaryimage","url":"https:\/\/ibcparts.eu\/wp-content\/uploads\/2024\/12\/Camlock-2-F-x-S60x6-M.png","contentUrl":"https:\/\/ibcparts.eu\/wp-content\/uploads\/2024\/12\/Camlock-2-F-x-S60x6-M.png","width":500,"height":500},{"@type":"BreadcrumbList","@id":"https:\/\/ibcparts.eu\/izdelek\/camlock-prikljucek-z-moskim-s60x6\/#breadcrumb","itemListElement":[{"@type":"ListItem","position":1,"name":"Home","item":"https:\/\/ibcparts.eu\/"},{"@type":"ListItem","position":2,"name":"Nakupujte","item":"https:\/\/ibcparts.eu\/nakupujte\/"},{"@type":"ListItem","position":3,"name":"Camlock 2&#8243; priklju\u010dek z mo\u0161kim S60x6 navojem"}]},{"@type":"WebSite","@id":"https:\/\/ibcparts.eu\/#website","url":"https:\/\/ibcparts.eu\/","name":"IBC-Teile.eu","description":"","publisher":{"@id":"https:\/\/ibcparts.eu\/#organization"},"potentialAction":[{"@type":"SearchAction","target":{"@type":"EntryPoint","urlTemplate":"https:\/\/ibcparts.eu\/?s={search_term_string}"},"query-input":{"@type":"PropertyValueSpecification","valueRequired":true,"valueName":"search_term_string"}}],"inLanguage":"de"},{"@type":"Organization","@id":"https:\/\/ibcparts.eu\/#organization","name":"IBC-Teile","url":"https:\/\/ibcparts.eu\/","logo":{"@type":"ImageObject","inLanguage":"de","@id":"https:\/\/ibcparts.eu\/#\/schema\/logo\/image\/","url":"https:\/\/ibcparts.eu\/wp-content\/uploads\/2021\/10\/Footer-Logo.png","contentUrl":"https:\/\/ibcparts.eu\/wp-content\/uploads\/2021\/10\/Footer-Logo.png","width":1992,"height":772,"caption":"IBCparts"},"image":{"@id":"https:\/\/ibcparts.eu\/#\/schema\/logo\/image\/"}}]}},"_links":{"self":[{"href":"https:\/\/ibcparts.eu\/de\/wp-json\/wp\/v2\/product\/17388","targetHints":{"allow":["GET"]}}],"collection":[{"href":"https:\/\/ibcparts.eu\/de\/wp-json\/wp\/v2\/product"}],"about":[{"href":"https:\/\/ibcparts.eu\/de\/wp-json\/wp\/v2\/types\/product"}],"version-history":[{"count":3,"href":"https:\/\/ibcparts.eu\/de\/wp-json\/wp\/v2\/product\/17388\/revisions"}],"predecessor-version":[{"id":20188,"href":"https:\/\/ibcparts.eu\/de\/wp-json\/wp\/v2\/product\/17388\/revisions\/20188"}],"wp:featuredmedia":[{"embeddable":true,"href":"https:\/\/ibcparts.eu\/de\/wp-json\/wp\/v2\/media\/17384"}],"wp:attachment":[{"href":"https:\/\/ibcparts.eu\/de\/wp-json\/wp\/v2\/media?parent=17388"}],"wp:term":[{"taxonomy":"product_brand","embeddable":true,"href":"https:\/\/ibcparts.eu\/de\/wp-json\/wp\/v2\/product_brand?post=17388"},{"taxonomy":"product_cat","embeddable":true,"href":"https:\/\/ibcparts.eu\/de\/wp-json\/wp\/v2\/product_cat?post=17388"},{"taxonomy":"product_tag","embeddable":true,"href":"https:\/\/ibcparts.eu\/de\/wp-json\/wp\/v2\/product_tag?post=17388"}],"curies":[{"name":"wp","href":"https:\/\/api.w.org\/{rel}","templated":true}]}}