{"id":17233,"date":"2024-08-07T12:32:35","date_gmt":"2024-08-07T11:32:35","guid":{"rendered":"https:\/\/ibcparts.eu\/?post_type=product&#038;p=17233"},"modified":"2025-12-05T09:17:44","modified_gmt":"2025-12-05T08:17:44","slug":"ogrevalna-odeja-za-odmrzovanje-tal","status":"publish","type":"product","link":"https:\/\/ibcparts.eu\/de\/produkt\/heizmatte-zum-auftauen-des-bodens\/","title":{"rendered":"Ogrevalne odeje, blazine UltraHeat (0-90\u00baC)"},"content":{"rendered":"","protected":false},"excerpt":{"rendered":"<p>Mit einer Heizdecke k\u00f6nnen Sie gefrorenen Boden und gefrorene Rohre leicht auftauen und Eis und Schnee schmelzen.<\/p>\n<p>Es kann als Frostschutz f\u00fcr Rohrleitungen und andere gefriergef\u00e4hrdete Anlagen verwendet werden.<\/p>\n<p>Decken sind von oben isoliert und strahlen W\u00e4rme nur nach unten ab.<\/p>\n<p>Sie sind aus strapazierf\u00e4higen, wasserdichten und witterungsbest\u00e4ndigen Materialien gefertigt, die eine lange Lebensdauer haben und nahezu allen Bedingungen standhalten.<br \/>\nBedingungen.<\/p>\n<p>Ideal f\u00fcr:<\/p>\n<ul>\n<li>Betonh\u00e4rtung.<\/li>\n<li>Auftauen des gefrorenen Bodens.<\/li>\n<li>Vorw\u00e4rmen von Baumaterialien.<\/li>\n<li>Schutz von Baumaterialien vor dem Einfrieren.<\/li>\n<li>Aufrechterhaltung der W\u00e4rme in elektrischen und Telekommunikationskabeln.<\/li>\n<\/ul>\n<p>&nbsp;<\/p>\n<p><strong>Variacije (vse 230V):<\/strong><\/p>\n<ul>\n<li>500 x 50 cm, 1140W<\/li>\n<li>500 x 50 cm, 1485W<\/li>\n<li>300 x 50 cm, 700W<\/li>\n<li>200 x 50 cm, 560W<\/li>\n<li>100 x 50 cm, 230V 270W<\/li>\n<li>60 x 60 cm, 230V 200W<\/li>\n<li>100 x 100 cm, 230V 450W<\/li>\n<li>130 x 130 cm, 230V 750W<\/li>\n<li>200 x 100 cm, 230V 1200W<\/li>\n<li>300 x 100 cm, 230V 1730W<\/li>\n<li>70 x 100 x 70 cm, 230V 200W (trikotna oblika &#8211; triangular)<\/li>\n<li>120 x 80 cm, 230V 450W<\/li>\n<li>100 x 29 cm, 230V 200W<\/li>\n<li>150 x 29 cm, 230V 220W<\/li>\n<li>380 x 29 cm, 230V 400W<\/li>\n<li>380 x 29 cm, 230V 650W<\/li>\n<\/ul>\n<p>&nbsp;<\/p>\n<ul>\n<li>Langlebige PVC-Materialien.<\/li>\n<li>Klasse IP67.<\/li>\n<li>Hergestellt in der EU.<\/li>\n<li><strong>Cena za ta izdelek je brez DDV. Po\u0161tnina zna\u0161a 60\u20ac.<\/strong><\/li>\n<\/ul>\n<p>Die Installation ist sehr einfach, ebenso wie das Wiedereinpacken nach getaner Arbeit. Falten Sie die Matte einfach auf der Oberfl\u00e4che aus, auf der Sie arbeiten m\u00f6chten. Stecken Sie das Netzkabel ein, und schon haben Sie eine sicher aufgetaute Oberfl\u00e4che. Sobald die Oberfl\u00e4che aufgetaut ist, ziehen Sie den Stecker aus der Steckdose und rollen die Matte zusammen.<\/p>","protected":false},"featured_media":17237,"template":"","meta":[],"product_brand":[],"product_cat":[317],"product_tag":[330,458,329,328],"class_list":{"0":"post-17233","1":"product","2":"type-product","3":"status-publish","4":"has-post-thumbnail","6":"product_cat-grelniki-zascitne-in-termoizolacijske-ponjave-za-sode-in-ibc-cisterne","7":"product_tag-grelec-betona","8":"product_tag-grelna-blazina","9":"product_tag-grelnik-tal","10":"product_tag-odeja-za-odmrzovanje-tal","12":"first","13":"instock","14":"shipping-taxable","15":"purchasable","16":"product-type-variable"},"yoast_head":"<!-- This site is optimized with the Yoast SEO plugin v27.1.1 - https:\/\/yoast.com\/product\/yoast-seo-wordpress\/ -->\n<title>Ogrevalne odeje, blazine UltraHeat (0-90\u00baC) | IBCparts.eu<\/title>\n<meta name=\"description\" content=\"Ogrevalna odeja za odmrzovanje tal, strjevanje betona, za\u0161\u010dito pred zmrzovanjem cevovodov in druge opreme, ki jim grozi zmrzovanje.\" \/>\n<meta name=\"robots\" content=\"index, follow, max-snippet:-1, max-image-preview:large, max-video-preview:-1\" \/>\n<link rel=\"canonical\" href=\"https:\/\/ibcparts.eu\/de\/produkt\/heizmatte-zum-auftauen-des-bodens\/\" \/>\n<meta property=\"og:locale\" content=\"de_DE\" \/>\n<meta property=\"og:type\" content=\"article\" \/>\n<meta property=\"og:title\" content=\"Ogrevalne odeje, blazine UltraHeat (0-90\u00baC) | IBCparts.eu\" \/>\n<meta property=\"og:description\" content=\"Ogrevalna odeja za odmrzovanje tal, strjevanje betona, za\u0161\u010dito pred zmrzovanjem cevovodov in druge opreme, ki jim grozi zmrzovanje.\" \/>\n<meta property=\"og:url\" content=\"https:\/\/ibcparts.eu\/de\/produkt\/heizmatte-zum-auftauen-des-bodens\/\" \/>\n<meta property=\"og:site_name\" content=\"IBCparts.eu\" \/>\n<meta property=\"article:modified_time\" content=\"2025-12-05T08:17:44+00:00\" \/>\n<meta property=\"og:image\" content=\"https:\/\/ibcparts.eu\/wp-content\/uploads\/2024\/08\/Ogrevalna-odeja-za-odmrzovanje-tal-removebg-preview.png\" \/>\n\t<meta property=\"og:image:width\" content=\"500\" \/>\n\t<meta property=\"og:image:height\" content=\"500\" \/>\n\t<meta property=\"og:image:type\" content=\"image\/png\" \/>\n<meta name=\"twitter:card\" content=\"summary_large_image\" \/>\n<script type=\"application\/ld+json\" class=\"yoast-schema-graph\">{\"@context\":\"https:\/\/schema.org\",\"@graph\":[{\"@type\":\"WebPage\",\"@id\":\"https:\/\/ibcparts.eu\/de\/produkt\/ogrevalna-odeja-za-odmrzovanje-tal\/\",\"url\":\"https:\/\/ibcparts.eu\/de\/produkt\/ogrevalna-odeja-za-odmrzovanje-tal\/\",\"name\":\"Ogrevalne odeje, blazine UltraHeat (0-90\u00baC) | IBCparts.eu\",\"isPartOf\":{\"@id\":\"https:\/\/ibcparts.eu\/#website\"},\"primaryImageOfPage\":{\"@id\":\"https:\/\/ibcparts.eu\/de\/produkt\/ogrevalna-odeja-za-odmrzovanje-tal\/#primaryimage\"},\"image\":{\"@id\":\"https:\/\/ibcparts.eu\/de\/produkt\/ogrevalna-odeja-za-odmrzovanje-tal\/#primaryimage\"},\"thumbnailUrl\":\"https:\/\/ibcparts.eu\/wp-content\/uploads\/2024\/08\/Ogrevalna-odeja-za-odmrzovanje-tal-removebg-preview.png\",\"datePublished\":\"2024-08-07T11:32:35+00:00\",\"dateModified\":\"2025-12-05T08:17:44+00:00\",\"description\":\"Ogrevalna odeja za odmrzovanje tal, strjevanje betona, za\u0161\u010dito pred zmrzovanjem cevovodov in druge opreme, ki jim grozi zmrzovanje.\",\"breadcrumb\":{\"@id\":\"https:\/\/ibcparts.eu\/de\/produkt\/ogrevalna-odeja-za-odmrzovanje-tal\/#breadcrumb\"},\"inLanguage\":\"de\",\"potentialAction\":[{\"@type\":\"ReadAction\",\"target\":[\"https:\/\/ibcparts.eu\/de\/produkt\/ogrevalna-odeja-za-odmrzovanje-tal\/\"]}]},{\"@type\":\"ImageObject\",\"inLanguage\":\"de\",\"@id\":\"https:\/\/ibcparts.eu\/de\/produkt\/ogrevalna-odeja-za-odmrzovanje-tal\/#primaryimage\",\"url\":\"https:\/\/ibcparts.eu\/wp-content\/uploads\/2024\/08\/Ogrevalna-odeja-za-odmrzovanje-tal-removebg-preview.png\",\"contentUrl\":\"https:\/\/ibcparts.eu\/wp-content\/uploads\/2024\/08\/Ogrevalna-odeja-za-odmrzovanje-tal-removebg-preview.png\",\"width\":500,\"height\":500},{\"@type\":\"BreadcrumbList\",\"@id\":\"https:\/\/ibcparts.eu\/de\/produkt\/ogrevalna-odeja-za-odmrzovanje-tal\/#breadcrumb\",\"itemListElement\":[{\"@type\":\"ListItem\",\"position\":1,\"name\":\"Home\",\"item\":\"https:\/\/ibcparts.eu\/\"},{\"@type\":\"ListItem\",\"position\":2,\"name\":\"Nakupujte\",\"item\":\"https:\/\/ibcparts.eu\/nakupujte\/\"},{\"@type\":\"ListItem\",\"position\":3,\"name\":\"Ogrevalne odeje, blazine UltraHeat (0-90\u00baC)\"}]},{\"@type\":\"WebSite\",\"@id\":\"https:\/\/ibcparts.eu\/#website\",\"url\":\"https:\/\/ibcparts.eu\/\",\"name\":\"IBCparts.eu\",\"description\":\"\",\"publisher\":{\"@id\":\"https:\/\/ibcparts.eu\/#organization\"},\"potentialAction\":[{\"@type\":\"SearchAction\",\"target\":{\"@type\":\"EntryPoint\",\"urlTemplate\":\"https:\/\/ibcparts.eu\/?s={search_term_string}\"},\"query-input\":{\"@type\":\"PropertyValueSpecification\",\"valueRequired\":true,\"valueName\":\"search_term_string\"}}],\"inLanguage\":\"de\"},{\"@type\":\"Organization\",\"@id\":\"https:\/\/ibcparts.eu\/#organization\",\"name\":\"IBCparts\",\"url\":\"https:\/\/ibcparts.eu\/\",\"logo\":{\"@type\":\"ImageObject\",\"inLanguage\":\"de\",\"@id\":\"https:\/\/ibcparts.eu\/#\/schema\/logo\/image\/\",\"url\":\"https:\/\/ibcparts.eu\/wp-content\/uploads\/2021\/10\/Footer-Logo.png\",\"contentUrl\":\"https:\/\/ibcparts.eu\/wp-content\/uploads\/2021\/10\/Footer-Logo.png\",\"width\":1992,\"height\":772,\"caption\":\"IBCparts\"},\"image\":{\"@id\":\"https:\/\/ibcparts.eu\/#\/schema\/logo\/image\/\"}}]}<\/script>\n<!-- \/ Yoast SEO plugin. -->","yoast_head_json":{"title":"Ogrevalne odeje, blazine UltraHeat (0-90\u00baC) | IBCparts.eu","description":"Heizdecke zum Auftauen von B\u00f6den, H\u00e4rten von Beton, Frostschutz f\u00fcr Rohrleitungen und andere gefriergef\u00e4hrdete Anlagen.","robots":{"index":"index","follow":"follow","max-snippet":"max-snippet:-1","max-image-preview":"max-image-preview:large","max-video-preview":"max-video-preview:-1"},"canonical":"https:\/\/ibcparts.eu\/de\/produkt\/heizmatte-zum-auftauen-des-bodens\/","og_locale":"de_DE","og_type":"article","og_title":"Ogrevalne odeje, blazine UltraHeat (0-90\u00baC) | IBCparts.eu","og_description":"Ogrevalna odeja za odmrzovanje tal, strjevanje betona, za\u0161\u010dito pred zmrzovanjem cevovodov in druge opreme, ki jim grozi zmrzovanje.","og_url":"https:\/\/ibcparts.eu\/de\/produkt\/heizmatte-zum-auftauen-des-bodens\/","og_site_name":"IBCparts.eu","article_modified_time":"2025-12-05T08:17:44+00:00","og_image":[{"width":500,"height":500,"url":"https:\/\/ibcparts.eu\/wp-content\/uploads\/2024\/08\/Ogrevalna-odeja-za-odmrzovanje-tal-removebg-preview.png","type":"image\/png"}],"twitter_card":"summary_large_image","schema":{"@context":"https:\/\/schema.org","@graph":[{"@type":"WebPage","@id":"https:\/\/ibcparts.eu\/de\/produkt\/ogrevalna-odeja-za-odmrzovanje-tal\/","url":"https:\/\/ibcparts.eu\/de\/produkt\/ogrevalna-odeja-za-odmrzovanje-tal\/","name":"Ogrevalne odeje, blazine UltraHeat (0-90\u00baC) | IBCparts.eu","isPartOf":{"@id":"https:\/\/ibcparts.eu\/#website"},"primaryImageOfPage":{"@id":"https:\/\/ibcparts.eu\/de\/produkt\/ogrevalna-odeja-za-odmrzovanje-tal\/#primaryimage"},"image":{"@id":"https:\/\/ibcparts.eu\/de\/produkt\/ogrevalna-odeja-za-odmrzovanje-tal\/#primaryimage"},"thumbnailUrl":"https:\/\/ibcparts.eu\/wp-content\/uploads\/2024\/08\/Ogrevalna-odeja-za-odmrzovanje-tal-removebg-preview.png","datePublished":"2024-08-07T11:32:35+00:00","dateModified":"2025-12-05T08:17:44+00:00","description":"Heizdecke zum Auftauen von B\u00f6den, H\u00e4rten von Beton, Frostschutz f\u00fcr Rohrleitungen und andere gefriergef\u00e4hrdete Anlagen.","breadcrumb":{"@id":"https:\/\/ibcparts.eu\/de\/produkt\/ogrevalna-odeja-za-odmrzovanje-tal\/#breadcrumb"},"inLanguage":"de","potentialAction":[{"@type":"ReadAction","target":["https:\/\/ibcparts.eu\/de\/produkt\/ogrevalna-odeja-za-odmrzovanje-tal\/"]}]},{"@type":"ImageObject","inLanguage":"de","@id":"https:\/\/ibcparts.eu\/de\/produkt\/ogrevalna-odeja-za-odmrzovanje-tal\/#primaryimage","url":"https:\/\/ibcparts.eu\/wp-content\/uploads\/2024\/08\/Ogrevalna-odeja-za-odmrzovanje-tal-removebg-preview.png","contentUrl":"https:\/\/ibcparts.eu\/wp-content\/uploads\/2024\/08\/Ogrevalna-odeja-za-odmrzovanje-tal-removebg-preview.png","width":500,"height":500},{"@type":"BreadcrumbList","@id":"https:\/\/ibcparts.eu\/de\/produkt\/ogrevalna-odeja-za-odmrzovanje-tal\/#breadcrumb","itemListElement":[{"@type":"ListItem","position":1,"name":"Home","item":"https:\/\/ibcparts.eu\/"},{"@type":"ListItem","position":2,"name":"Nakupujte","item":"https:\/\/ibcparts.eu\/nakupujte\/"},{"@type":"ListItem","position":3,"name":"Ogrevalne odeje, blazine UltraHeat (0-90\u00baC)"}]},{"@type":"WebSite","@id":"https:\/\/ibcparts.eu\/#website","url":"https:\/\/ibcparts.eu\/","name":"IBC-Teile.eu","description":"","publisher":{"@id":"https:\/\/ibcparts.eu\/#organization"},"potentialAction":[{"@type":"SearchAction","target":{"@type":"EntryPoint","urlTemplate":"https:\/\/ibcparts.eu\/?s={search_term_string}"},"query-input":{"@type":"PropertyValueSpecification","valueRequired":true,"valueName":"search_term_string"}}],"inLanguage":"de"},{"@type":"Organization","@id":"https:\/\/ibcparts.eu\/#organization","name":"IBC-Teile","url":"https:\/\/ibcparts.eu\/","logo":{"@type":"ImageObject","inLanguage":"de","@id":"https:\/\/ibcparts.eu\/#\/schema\/logo\/image\/","url":"https:\/\/ibcparts.eu\/wp-content\/uploads\/2021\/10\/Footer-Logo.png","contentUrl":"https:\/\/ibcparts.eu\/wp-content\/uploads\/2021\/10\/Footer-Logo.png","width":1992,"height":772,"caption":"IBCparts"},"image":{"@id":"https:\/\/ibcparts.eu\/#\/schema\/logo\/image\/"}}]}},"_links":{"self":[{"href":"https:\/\/ibcparts.eu\/de\/wp-json\/wp\/v2\/product\/17233","targetHints":{"allow":["GET"]}}],"collection":[{"href":"https:\/\/ibcparts.eu\/de\/wp-json\/wp\/v2\/product"}],"about":[{"href":"https:\/\/ibcparts.eu\/de\/wp-json\/wp\/v2\/types\/product"}],"version-history":[{"count":0,"href":"https:\/\/ibcparts.eu\/de\/wp-json\/wp\/v2\/product\/17233\/revisions"}],"wp:featuredmedia":[{"embeddable":true,"href":"https:\/\/ibcparts.eu\/de\/wp-json\/wp\/v2\/media\/17237"}],"wp:attachment":[{"href":"https:\/\/ibcparts.eu\/de\/wp-json\/wp\/v2\/media?parent=17233"}],"wp:term":[{"taxonomy":"product_brand","embeddable":true,"href":"https:\/\/ibcparts.eu\/de\/wp-json\/wp\/v2\/product_brand?post=17233"},{"taxonomy":"product_cat","embeddable":true,"href":"https:\/\/ibcparts.eu\/de\/wp-json\/wp\/v2\/product_cat?post=17233"},{"taxonomy":"product_tag","embeddable":true,"href":"https:\/\/ibcparts.eu\/de\/wp-json\/wp\/v2\/product_tag?post=17233"}],"curies":[{"name":"wp","href":"https:\/\/api.w.org\/{rel}","templated":true}]}}