{"id":17210,"date":"2024-08-07T08:38:48","date_gmt":"2024-08-07T07:38:48","guid":{"rendered":"https:\/\/ibcparts.eu\/?post_type=product&#038;p=17210"},"modified":"2025-11-23T18:43:57","modified_gmt":"2025-11-23T17:43:57","slug":"masivna-vodotesna-pvc-prevleka-za-1000l-ibc-cisterno","status":"publish","type":"product","link":"https:\/\/ibcparts.eu\/de\/produkt\/robuste-wasserdichte-pvc-abdeckung-fuer-1000l-ibc-tank\/","title":{"rendered":"Professionelle wasserdichte PVC-Plane f\u00fcr 1000L IBC-Tank (deckt auch den Heizmantel ab)"},"content":{"rendered":"","protected":false},"excerpt":{"rendered":"<p>Diese massive wasserdichte PVC-Beschichtung sch\u00fctzt den IBC-Tank vor Wassersch\u00e4den in feuchten Umgebungen.<\/p>\n<ul>\n<li>Geschwei\u00dfte N\u00e4hte gew\u00e4hrleisten vollst\u00e4ndige Wasserdichtigkeit.<\/li>\n<li>Konzipiert f\u00fcr IBC-Tanks mit angeschlossener Heizung (diese Kombination erm\u00f6glicht eine sichere Beheizung des Beh\u00e4lterinhalts auch bei nassem Wetter oder feuchten Bedingungen).<\/li>\n<li>Strapazierf\u00e4higes PVC-Material.<\/li>\n<li>Leicht anzubringen und zu entfernen.<\/li>\n<li>Zusammenklappbar f\u00fcr kompakte Lagerung.<\/li>\n<li>Einfache Montage auf jedem Standard 1000 Liter Tank.<\/li>\n<li>Abmessungen: 1300 x 1100 x 1000 mm<\/li>\n<li>Gewicht: 5000 g<\/li>\n<li>Hergestellt in der EU.<\/li>\n<li>Cena za ta izdelek brez DDV in to\u010den znesek po\u0161tnine se izra\u010duna pri izdelavi predra\u010duna.<\/li>\n<li>Wir ber\u00fccksichtigen in der Regel einen zus\u00e4tzlichen Rabatt, insbesondere bei Mengen von 2 oder mehr.<\/li>\n<\/ul>","protected":false},"featured_media":17216,"template":"","meta":[],"product_brand":[],"product_cat":[317,262],"product_tag":[],"class_list":{"0":"post-17210","1":"product","2":"type-product","3":"status-publish","4":"has-post-thumbnail","6":"product_cat-grelniki-zascitne-in-termoizolacijske-ponjave-za-sode-in-ibc-cisterne","7":"product_cat-zascitne-ponjave","9":"first","10":"instock","11":"shipping-taxable","12":"purchasable","13":"product-type-simple"},"yoast_head":"<!-- This site is optimized with the Yoast SEO plugin v27.1.1 - https:\/\/yoast.com\/product\/yoast-seo-wordpress\/ -->\n<title>Profesionalna vodoodporna\/vodotesna PVC ponjava za 1000L IBC cisterno (pokrije tudi grelni pla\u0161\u010d) | IBCparts.eu<\/title>\n<meta name=\"description\" content=\"Masivna vodotesna PVC prevleka za 1000L IBC cisterno. Varjeni \u0161ivi. Zasnovana za IBC cisterne s pritrjenim grelnikom.\" \/>\n<meta name=\"robots\" content=\"index, follow, max-snippet:-1, max-image-preview:large, max-video-preview:-1\" \/>\n<link rel=\"canonical\" href=\"https:\/\/ibcparts.eu\/de\/produkt\/robuste-wasserdichte-pvc-abdeckung-fuer-1000l-ibc-tank\/\" \/>\n<meta property=\"og:locale\" content=\"de_DE\" \/>\n<meta property=\"og:type\" content=\"article\" \/>\n<meta property=\"og:title\" content=\"Profesionalna vodoodporna\/vodotesna PVC ponjava za 1000L IBC cisterno (pokrije tudi grelni pla\u0161\u010d) | IBCparts.eu\" \/>\n<meta property=\"og:description\" content=\"Masivna vodotesna PVC prevleka za 1000L IBC cisterno. Varjeni \u0161ivi. Zasnovana za IBC cisterne s pritrjenim grelnikom.\" \/>\n<meta property=\"og:url\" content=\"https:\/\/ibcparts.eu\/de\/produkt\/robuste-wasserdichte-pvc-abdeckung-fuer-1000l-ibc-tank\/\" \/>\n<meta property=\"og:site_name\" content=\"IBCparts.eu\" \/>\n<meta property=\"article:modified_time\" content=\"2025-11-23T17:43:57+00:00\" \/>\n<meta property=\"og:image\" content=\"https:\/\/ibcparts.eu\/wp-content\/uploads\/2024\/08\/Profesionalnavodoodporna-ponjava-za-IBC-cisterno.png\" \/>\n\t<meta property=\"og:image:width\" content=\"516\" \/>\n\t<meta property=\"og:image:height\" content=\"483\" \/>\n\t<meta property=\"og:image:type\" content=\"image\/png\" \/>\n<meta name=\"twitter:card\" content=\"summary_large_image\" \/>\n<script type=\"application\/ld+json\" class=\"yoast-schema-graph\">{\"@context\":\"https:\/\/schema.org\",\"@graph\":[{\"@type\":\"WebPage\",\"@id\":\"https:\/\/ibcparts.eu\/izdelek\/masivna-vodotesna-pvc-prevleka-za-1000l-ibc-cisterno\/\",\"url\":\"https:\/\/ibcparts.eu\/izdelek\/masivna-vodotesna-pvc-prevleka-za-1000l-ibc-cisterno\/\",\"name\":\"Profesionalna vodoodporna\/vodotesna PVC ponjava za 1000L IBC cisterno (pokrije tudi grelni pla\u0161\u010d) | IBCparts.eu\",\"isPartOf\":{\"@id\":\"https:\/\/ibcparts.eu\/#website\"},\"primaryImageOfPage\":{\"@id\":\"https:\/\/ibcparts.eu\/izdelek\/masivna-vodotesna-pvc-prevleka-za-1000l-ibc-cisterno\/#primaryimage\"},\"image\":{\"@id\":\"https:\/\/ibcparts.eu\/izdelek\/masivna-vodotesna-pvc-prevleka-za-1000l-ibc-cisterno\/#primaryimage\"},\"thumbnailUrl\":\"https:\/\/ibcparts.eu\/wp-content\/uploads\/2024\/08\/Profesionalnavodoodporna-ponjava-za-IBC-cisterno.png\",\"datePublished\":\"2024-08-07T07:38:48+00:00\",\"dateModified\":\"2025-11-23T17:43:57+00:00\",\"description\":\"Masivna vodotesna PVC prevleka za 1000L IBC cisterno. Varjeni \u0161ivi. Zasnovana za IBC cisterne s pritrjenim grelnikom.\",\"breadcrumb\":{\"@id\":\"https:\/\/ibcparts.eu\/izdelek\/masivna-vodotesna-pvc-prevleka-za-1000l-ibc-cisterno\/#breadcrumb\"},\"inLanguage\":\"de\",\"potentialAction\":[{\"@type\":\"ReadAction\",\"target\":[\"https:\/\/ibcparts.eu\/izdelek\/masivna-vodotesna-pvc-prevleka-za-1000l-ibc-cisterno\/\"]}]},{\"@type\":\"ImageObject\",\"inLanguage\":\"de\",\"@id\":\"https:\/\/ibcparts.eu\/izdelek\/masivna-vodotesna-pvc-prevleka-za-1000l-ibc-cisterno\/#primaryimage\",\"url\":\"https:\/\/ibcparts.eu\/wp-content\/uploads\/2024\/08\/Profesionalnavodoodporna-ponjava-za-IBC-cisterno.png\",\"contentUrl\":\"https:\/\/ibcparts.eu\/wp-content\/uploads\/2024\/08\/Profesionalnavodoodporna-ponjava-za-IBC-cisterno.png\",\"width\":516,\"height\":483},{\"@type\":\"BreadcrumbList\",\"@id\":\"https:\/\/ibcparts.eu\/izdelek\/masivna-vodotesna-pvc-prevleka-za-1000l-ibc-cisterno\/#breadcrumb\",\"itemListElement\":[{\"@type\":\"ListItem\",\"position\":1,\"name\":\"Home\",\"item\":\"https:\/\/ibcparts.eu\/\"},{\"@type\":\"ListItem\",\"position\":2,\"name\":\"Nakupujte\",\"item\":\"https:\/\/ibcparts.eu\/nakupujte\/\"},{\"@type\":\"ListItem\",\"position\":3,\"name\":\"Profesionalna vodoodporna\/vodotesna PVC ponjava za 1000L IBC cisterno (pokrije tudi grelni pla\u0161\u010d)\"}]},{\"@type\":\"WebSite\",\"@id\":\"https:\/\/ibcparts.eu\/#website\",\"url\":\"https:\/\/ibcparts.eu\/\",\"name\":\"IBCparts.eu\",\"description\":\"\",\"publisher\":{\"@id\":\"https:\/\/ibcparts.eu\/#organization\"},\"potentialAction\":[{\"@type\":\"SearchAction\",\"target\":{\"@type\":\"EntryPoint\",\"urlTemplate\":\"https:\/\/ibcparts.eu\/?s={search_term_string}\"},\"query-input\":{\"@type\":\"PropertyValueSpecification\",\"valueRequired\":true,\"valueName\":\"search_term_string\"}}],\"inLanguage\":\"de\"},{\"@type\":\"Organization\",\"@id\":\"https:\/\/ibcparts.eu\/#organization\",\"name\":\"IBCparts\",\"url\":\"https:\/\/ibcparts.eu\/\",\"logo\":{\"@type\":\"ImageObject\",\"inLanguage\":\"de\",\"@id\":\"https:\/\/ibcparts.eu\/#\/schema\/logo\/image\/\",\"url\":\"https:\/\/ibcparts.eu\/wp-content\/uploads\/2021\/10\/Footer-Logo.png\",\"contentUrl\":\"https:\/\/ibcparts.eu\/wp-content\/uploads\/2021\/10\/Footer-Logo.png\",\"width\":1992,\"height\":772,\"caption\":\"IBCparts\"},\"image\":{\"@id\":\"https:\/\/ibcparts.eu\/#\/schema\/logo\/image\/\"}}]}<\/script>\n<!-- \/ Yoast SEO plugin. -->","yoast_head_json":{"title":"Professionelle wasserdichte PVC-Plane f\u00fcr 1000L IBC Tank (deckt auch den Heizmantel ab) | IBCparts.eu","description":"Solide, wasserdichte PVC-Abdeckung f\u00fcr 1000L IBC-Tank. Geschwei\u00dfte N\u00e4hte. Konzipiert f\u00fcr IBC-Tanks mit angeschlossener Heizung.","robots":{"index":"index","follow":"follow","max-snippet":"max-snippet:-1","max-image-preview":"max-image-preview:large","max-video-preview":"max-video-preview:-1"},"canonical":"https:\/\/ibcparts.eu\/de\/produkt\/robuste-wasserdichte-pvc-abdeckung-fuer-1000l-ibc-tank\/","og_locale":"de_DE","og_type":"article","og_title":"Profesionalna vodoodporna\/vodotesna PVC ponjava za 1000L IBC cisterno (pokrije tudi grelni pla\u0161\u010d) | IBCparts.eu","og_description":"Masivna vodotesna PVC prevleka za 1000L IBC cisterno. Varjeni \u0161ivi. Zasnovana za IBC cisterne s pritrjenim grelnikom.","og_url":"https:\/\/ibcparts.eu\/de\/produkt\/robuste-wasserdichte-pvc-abdeckung-fuer-1000l-ibc-tank\/","og_site_name":"IBCparts.eu","article_modified_time":"2025-11-23T17:43:57+00:00","og_image":[{"width":516,"height":483,"url":"https:\/\/ibcparts.eu\/wp-content\/uploads\/2024\/08\/Profesionalnavodoodporna-ponjava-za-IBC-cisterno.png","type":"image\/png"}],"twitter_card":"summary_large_image","schema":{"@context":"https:\/\/schema.org","@graph":[{"@type":"WebPage","@id":"https:\/\/ibcparts.eu\/izdelek\/masivna-vodotesna-pvc-prevleka-za-1000l-ibc-cisterno\/","url":"https:\/\/ibcparts.eu\/izdelek\/masivna-vodotesna-pvc-prevleka-za-1000l-ibc-cisterno\/","name":"Professionelle wasserdichte PVC-Plane f\u00fcr 1000L IBC Tank (deckt auch den Heizmantel ab) | IBCparts.eu","isPartOf":{"@id":"https:\/\/ibcparts.eu\/#website"},"primaryImageOfPage":{"@id":"https:\/\/ibcparts.eu\/izdelek\/masivna-vodotesna-pvc-prevleka-za-1000l-ibc-cisterno\/#primaryimage"},"image":{"@id":"https:\/\/ibcparts.eu\/izdelek\/masivna-vodotesna-pvc-prevleka-za-1000l-ibc-cisterno\/#primaryimage"},"thumbnailUrl":"https:\/\/ibcparts.eu\/wp-content\/uploads\/2024\/08\/Profesionalnavodoodporna-ponjava-za-IBC-cisterno.png","datePublished":"2024-08-07T07:38:48+00:00","dateModified":"2025-11-23T17:43:57+00:00","description":"Solide, wasserdichte PVC-Abdeckung f\u00fcr 1000L IBC-Tank. Geschwei\u00dfte N\u00e4hte. Konzipiert f\u00fcr IBC-Tanks mit angeschlossener Heizung.","breadcrumb":{"@id":"https:\/\/ibcparts.eu\/izdelek\/masivna-vodotesna-pvc-prevleka-za-1000l-ibc-cisterno\/#breadcrumb"},"inLanguage":"de","potentialAction":[{"@type":"ReadAction","target":["https:\/\/ibcparts.eu\/izdelek\/masivna-vodotesna-pvc-prevleka-za-1000l-ibc-cisterno\/"]}]},{"@type":"ImageObject","inLanguage":"de","@id":"https:\/\/ibcparts.eu\/izdelek\/masivna-vodotesna-pvc-prevleka-za-1000l-ibc-cisterno\/#primaryimage","url":"https:\/\/ibcparts.eu\/wp-content\/uploads\/2024\/08\/Profesionalnavodoodporna-ponjava-za-IBC-cisterno.png","contentUrl":"https:\/\/ibcparts.eu\/wp-content\/uploads\/2024\/08\/Profesionalnavodoodporna-ponjava-za-IBC-cisterno.png","width":516,"height":483},{"@type":"BreadcrumbList","@id":"https:\/\/ibcparts.eu\/izdelek\/masivna-vodotesna-pvc-prevleka-za-1000l-ibc-cisterno\/#breadcrumb","itemListElement":[{"@type":"ListItem","position":1,"name":"Home","item":"https:\/\/ibcparts.eu\/"},{"@type":"ListItem","position":2,"name":"Nakupujte","item":"https:\/\/ibcparts.eu\/nakupujte\/"},{"@type":"ListItem","position":3,"name":"Profesionalna vodoodporna\/vodotesna PVC ponjava za 1000L IBC cisterno (pokrije tudi grelni pla\u0161\u010d)"}]},{"@type":"WebSite","@id":"https:\/\/ibcparts.eu\/#website","url":"https:\/\/ibcparts.eu\/","name":"IBC-Teile.eu","description":"","publisher":{"@id":"https:\/\/ibcparts.eu\/#organization"},"potentialAction":[{"@type":"SearchAction","target":{"@type":"EntryPoint","urlTemplate":"https:\/\/ibcparts.eu\/?s={search_term_string}"},"query-input":{"@type":"PropertyValueSpecification","valueRequired":true,"valueName":"search_term_string"}}],"inLanguage":"de"},{"@type":"Organization","@id":"https:\/\/ibcparts.eu\/#organization","name":"IBC-Teile","url":"https:\/\/ibcparts.eu\/","logo":{"@type":"ImageObject","inLanguage":"de","@id":"https:\/\/ibcparts.eu\/#\/schema\/logo\/image\/","url":"https:\/\/ibcparts.eu\/wp-content\/uploads\/2021\/10\/Footer-Logo.png","contentUrl":"https:\/\/ibcparts.eu\/wp-content\/uploads\/2021\/10\/Footer-Logo.png","width":1992,"height":772,"caption":"IBCparts"},"image":{"@id":"https:\/\/ibcparts.eu\/#\/schema\/logo\/image\/"}}]}},"_links":{"self":[{"href":"https:\/\/ibcparts.eu\/de\/wp-json\/wp\/v2\/product\/17210","targetHints":{"allow":["GET"]}}],"collection":[{"href":"https:\/\/ibcparts.eu\/de\/wp-json\/wp\/v2\/product"}],"about":[{"href":"https:\/\/ibcparts.eu\/de\/wp-json\/wp\/v2\/types\/product"}],"version-history":[{"count":0,"href":"https:\/\/ibcparts.eu\/de\/wp-json\/wp\/v2\/product\/17210\/revisions"}],"wp:featuredmedia":[{"embeddable":true,"href":"https:\/\/ibcparts.eu\/de\/wp-json\/wp\/v2\/media\/17216"}],"wp:attachment":[{"href":"https:\/\/ibcparts.eu\/de\/wp-json\/wp\/v2\/media?parent=17210"}],"wp:term":[{"taxonomy":"product_brand","embeddable":true,"href":"https:\/\/ibcparts.eu\/de\/wp-json\/wp\/v2\/product_brand?post=17210"},{"taxonomy":"product_cat","embeddable":true,"href":"https:\/\/ibcparts.eu\/de\/wp-json\/wp\/v2\/product_cat?post=17210"},{"taxonomy":"product_tag","embeddable":true,"href":"https:\/\/ibcparts.eu\/de\/wp-json\/wp\/v2\/product_tag?post=17210"}],"curies":[{"name":"wp","href":"https:\/\/api.w.org\/{rel}","templated":true}]}}