{"id":16260,"date":"2024-02-01T11:58:52","date_gmt":"2024-02-01T10:58:52","guid":{"rendered":"https:\/\/ibcparts.eu\/?post_type=product&#038;p=16260"},"modified":"2026-02-09T08:11:45","modified_gmt":"2026-02-09T07:11:45","slug":"komplet-pro-direct","status":"publish","type":"product","link":"https:\/\/ibcparts.eu\/de\/produkt\/komplet-pro-direct\/","title":{"rendered":"Komplet PRO\u00a0DIRECT(3\/4&#8243;, 1&#8243;) za IBC cisterno"},"content":{"rendered":"","protected":false},"excerpt":{"rendered":"<h2 data-start=\"254\" data-end=\"342\"><strong data-start=\"258\" data-end=\"342\">Komplet PRO DIRECT \u2013 MF PRO ventil s PP nastavkom za cev za IBC cisterno (S60x6 \/ DN50)<\/strong><\/h2>\n<p data-start=\"344\" data-end=\"623\"><strong data-start=\"344\" data-end=\"381\">Priklju\u010dni ventil za IBC cisterno<\/strong> z <strong data-start=\"384\" data-end=\"402\">Reducirjem PRO<\/strong> und <strong data-start=\"406\" data-end=\"466\">MF PRO ventilom in ravnim nastavkom za cev<\/strong>. Komplet je \u017ee sestavljen in deluje kot zanesljiv <strong data-start=\"517\" data-end=\"544\">Adapter f\u00fcr IBC-Container<\/strong>, primeren za ve\u010dino standardnih IBC cistern z grobim navojem <strong data-start=\"606\" data-end=\"622\">S60x6 (DN50)<\/strong>.<\/p>\n<p data-start=\"625\" data-end=\"890\"><strong data-start=\"625\" data-end=\"642\">MF PRO ventil<\/strong> je opremljen s <strong data-start=\"658\" data-end=\"709\">PP nastavkom za cev 3\/4\u2033 (20 mm) ali 1\u2033 (25 mm)<\/strong> in omogo\u010da direkten priklop cevi. Re\u0161itev je primerna za zalivanje, pretakanje vode ali druge aplikacije, kjer potrebujete lahek, a zanesljiv IBC priklju\u010dek.<\/p>\n<p data-start=\"892\" data-end=\"1112\">Glavna prednost kompleta je\u00a0<strong data-start=\"920\" data-end=\"935\">Reducir PRO<\/strong>, izdelan iz visokokakovostnega materiala (\u010disti PP, stru\u017een iz enega kosa, masiven) in opremljen z\u00a0<strong data-start=\"992\" data-end=\"1054\">NB\/SB gumijastim tesnilom. Certificirano za stik z \u017eivili<\/strong>. Na trgu pogosto najdemo zelo podobne, vendar z bistveno tanj\u0161o steno.<\/p>\n<p data-start=\"1114\" data-end=\"1274\" class=\" translation-block\">Das Set ist kompatibel mit IBC-Containern mit einem Au\u00dfendurchmesser des Gewindes von 55\u201362 mm und einem Gewindesteigungsabstand von ~6 mm, was den am h\u00e4ufigsten verwendeten Standard bei IBC-Ventilen darstellt.<\/p>\n<p data-start=\"1395\" data-end=\"1417\"><strong data-start=\"1395\" data-end=\"1417\">Die wichtigsten Vorteile:<\/strong><\/p>\n<ul>\n<li data-start=\"1420\" data-end=\"1459\">priklju\u010dni <strong data-start=\"1431\" data-end=\"1457\">ventil za IBC cisterno<\/strong><\/li>\n<li data-start=\"1462\" data-end=\"1506\" class=\" translation-block\">Fungiert als Adapter \/ Anschluss f\u00fcr ein IBC-Ventil<\/li>\n<li data-start=\"1509\" data-end=\"1544\" class=\" translation-block\">Standardgewinde S60x6 \/ DN50<\/li>\n<li data-start=\"1547\" data-end=\"1597\" class=\" translation-block\">PRO-Reduzieradapter mit NB\/SB-Dichtung (f\u00fcr Lebensmittelkontakt geeignet)<\/li>\n<li data-start=\"1600\" data-end=\"1634\"><strong data-start=\"1600\" data-end=\"1632\">zelo kvaliteten krigli\u010dni MF PRO ventil z ravnim nastavkom za cev<\/strong><\/li>\n<li data-start=\"1637\" data-end=\"1686\">nastavek za cev <strong data-start=\"1653\" data-end=\"1684\">3\/4\u2033 (20 mm) ali 1\u2033 (25 mm)<\/strong><\/li>\n<\/ul>\n<p class=\" translation-block\">Wenn Ihr Container ein anderes Ventil hat, k\u00f6nnen Sie den Ventiltyp <a href=\"https:\/\/ibcparts.eu\/de\/ibc-info\/\" target=\"_self\">hier<\/a> \u00fcberpr\u00fcfen und anschlie\u00dfend den passenden Adapter ausw\u00e4hlen. Wenn Sie sich dennoch nicht ganz sicher sind, kontaktieren Sie uns bitte.<\/p>","protected":false},"featured_media":16263,"template":"","meta":[],"product_brand":[],"product_cat":[173],"product_tag":[],"class_list":{"0":"post-16260","1":"product","2":"type-product","3":"status-publish","4":"has-post-thumbnail","6":"product_cat-kompleti-pro","8":"first","9":"instock","10":"shipping-taxable","11":"purchasable","12":"product-type-variable"},"yoast_head":"<!-- This site is optimized with the Yoast SEO plugin v27.1.1 - https:\/\/yoast.com\/product\/yoast-seo-wordpress\/ -->\n<title>Komplet PRO\u00a0DIRECT(3\/4&quot;, 1&quot;) za IBC cisterno | IBCparts.eu<\/title>\n<meta name=\"description\" content=\"Priklju\u010dni ventil oziroma adapter za IBC cisterno S60x6 (DN50) z MF PRO ventilom in ravnim nastavkom za cev 3\/4\u2033 ali 1\u2033. Z Reducirjem PRO.\" \/>\n<meta name=\"robots\" content=\"index, follow, max-snippet:-1, max-image-preview:large, max-video-preview:-1\" \/>\n<link rel=\"canonical\" href=\"https:\/\/ibcparts.eu\/de\/produkt\/komplet-pro-direct\/\" \/>\n<meta property=\"og:locale\" content=\"de_DE\" \/>\n<meta property=\"og:type\" content=\"article\" \/>\n<meta property=\"og:title\" content=\"Komplet PRO\u00a0DIRECT(3\/4&quot;, 1&quot;) za IBC cisterno | IBCparts.eu\" \/>\n<meta property=\"og:description\" content=\"Priklju\u010dni ventil oziroma adapter za IBC cisterno S60x6 (DN50) z MF PRO ventilom in ravnim nastavkom za cev 3\/4\u2033 ali 1\u2033. Z Reducirjem PRO.\" \/>\n<meta property=\"og:url\" content=\"https:\/\/ibcparts.eu\/de\/produkt\/komplet-pro-direct\/\" \/>\n<meta property=\"og:site_name\" content=\"IBCparts.eu\" \/>\n<meta property=\"article:modified_time\" content=\"2026-02-09T07:11:45+00:00\" \/>\n<meta property=\"og:image\" content=\"https:\/\/ibcparts.eu\/wp-content\/uploads\/2024\/02\/komplet-pro-direct-32_orig.png\" \/>\n\t<meta property=\"og:image:width\" content=\"500\" \/>\n\t<meta property=\"og:image:height\" content=\"500\" \/>\n\t<meta property=\"og:image:type\" content=\"image\/png\" \/>\n<meta name=\"twitter:card\" content=\"summary_large_image\" \/>\n<script type=\"application\/ld+json\" class=\"yoast-schema-graph\">{\"@context\":\"https:\/\/schema.org\",\"@graph\":[{\"@type\":\"WebPage\",\"@id\":\"https:\/\/ibcparts.eu\/izdelek\/komplet-pro-direct\/\",\"url\":\"https:\/\/ibcparts.eu\/izdelek\/komplet-pro-direct\/\",\"name\":\"Komplet PRO\u00a0DIRECT(3\/4\\\", 1\\\") za IBC cisterno | IBCparts.eu\",\"isPartOf\":{\"@id\":\"https:\/\/ibcparts.eu\/#website\"},\"primaryImageOfPage\":{\"@id\":\"https:\/\/ibcparts.eu\/izdelek\/komplet-pro-direct\/#primaryimage\"},\"image\":{\"@id\":\"https:\/\/ibcparts.eu\/izdelek\/komplet-pro-direct\/#primaryimage\"},\"thumbnailUrl\":\"https:\/\/ibcparts.eu\/wp-content\/uploads\/2024\/02\/komplet-pro-direct-32_orig.png\",\"datePublished\":\"2024-02-01T10:58:52+00:00\",\"dateModified\":\"2026-02-09T07:11:45+00:00\",\"description\":\"Priklju\u010dni ventil oziroma adapter za IBC cisterno S60x6 (DN50) z MF PRO ventilom in ravnim nastavkom za cev 3\/4\u2033 ali 1\u2033. Z Reducirjem PRO.\",\"breadcrumb\":{\"@id\":\"https:\/\/ibcparts.eu\/izdelek\/komplet-pro-direct\/#breadcrumb\"},\"inLanguage\":\"de\",\"potentialAction\":[{\"@type\":\"ReadAction\",\"target\":[\"https:\/\/ibcparts.eu\/izdelek\/komplet-pro-direct\/\"]}]},{\"@type\":\"ImageObject\",\"inLanguage\":\"de\",\"@id\":\"https:\/\/ibcparts.eu\/izdelek\/komplet-pro-direct\/#primaryimage\",\"url\":\"https:\/\/ibcparts.eu\/wp-content\/uploads\/2024\/02\/komplet-pro-direct-32_orig.png\",\"contentUrl\":\"https:\/\/ibcparts.eu\/wp-content\/uploads\/2024\/02\/komplet-pro-direct-32_orig.png\",\"width\":500,\"height\":500,\"caption\":\"Priklju\u010dni ventil oziroma adapter za IBC cisterno S60x6 (DN50) z MF PRO ventilom in ravnim nastavkom za cev 3\/4\u2033 ali 1\u2033\"},{\"@type\":\"BreadcrumbList\",\"@id\":\"https:\/\/ibcparts.eu\/izdelek\/komplet-pro-direct\/#breadcrumb\",\"itemListElement\":[{\"@type\":\"ListItem\",\"position\":1,\"name\":\"Home\",\"item\":\"https:\/\/ibcparts.eu\/\"},{\"@type\":\"ListItem\",\"position\":2,\"name\":\"Nakupujte\",\"item\":\"https:\/\/ibcparts.eu\/nakupujte\/\"},{\"@type\":\"ListItem\",\"position\":3,\"name\":\"Komplet PRO\u00a0DIRECT(3\/4&#8243;, 1&#8243;) za IBC cisterno\"}]},{\"@type\":\"WebSite\",\"@id\":\"https:\/\/ibcparts.eu\/#website\",\"url\":\"https:\/\/ibcparts.eu\/\",\"name\":\"IBCparts.eu\",\"description\":\"\",\"publisher\":{\"@id\":\"https:\/\/ibcparts.eu\/#organization\"},\"potentialAction\":[{\"@type\":\"SearchAction\",\"target\":{\"@type\":\"EntryPoint\",\"urlTemplate\":\"https:\/\/ibcparts.eu\/?s={search_term_string}\"},\"query-input\":{\"@type\":\"PropertyValueSpecification\",\"valueRequired\":true,\"valueName\":\"search_term_string\"}}],\"inLanguage\":\"de\"},{\"@type\":\"Organization\",\"@id\":\"https:\/\/ibcparts.eu\/#organization\",\"name\":\"IBCparts\",\"url\":\"https:\/\/ibcparts.eu\/\",\"logo\":{\"@type\":\"ImageObject\",\"inLanguage\":\"de\",\"@id\":\"https:\/\/ibcparts.eu\/#\/schema\/logo\/image\/\",\"url\":\"https:\/\/ibcparts.eu\/wp-content\/uploads\/2021\/10\/Footer-Logo.png\",\"contentUrl\":\"https:\/\/ibcparts.eu\/wp-content\/uploads\/2021\/10\/Footer-Logo.png\",\"width\":1992,\"height\":772,\"caption\":\"IBCparts\"},\"image\":{\"@id\":\"https:\/\/ibcparts.eu\/#\/schema\/logo\/image\/\"}}]}<\/script>\n<!-- \/ Yoast SEO plugin. -->","yoast_head_json":{"title":"Komplet PRO\u00a0DIRECT(3\/4\", 1\") za IBC cisterno | IBCparts.eu","description":"Priklju\u010dni ventil oziroma adapter za IBC cisterno S60x6 (DN50) z MF PRO ventilom in ravnim nastavkom za cev 3\/4\u2033 ali 1\u2033. Z Reducirjem PRO.","robots":{"index":"index","follow":"follow","max-snippet":"max-snippet:-1","max-image-preview":"max-image-preview:large","max-video-preview":"max-video-preview:-1"},"canonical":"https:\/\/ibcparts.eu\/de\/produkt\/komplet-pro-direct\/","og_locale":"de_DE","og_type":"article","og_title":"Komplet PRO\u00a0DIRECT(3\/4\", 1\") za IBC cisterno | IBCparts.eu","og_description":"Priklju\u010dni ventil oziroma adapter za IBC cisterno S60x6 (DN50) z MF PRO ventilom in ravnim nastavkom za cev 3\/4\u2033 ali 1\u2033. Z Reducirjem PRO.","og_url":"https:\/\/ibcparts.eu\/de\/produkt\/komplet-pro-direct\/","og_site_name":"IBCparts.eu","article_modified_time":"2026-02-09T07:11:45+00:00","og_image":[{"width":500,"height":500,"url":"https:\/\/ibcparts.eu\/wp-content\/uploads\/2024\/02\/komplet-pro-direct-32_orig.png","type":"image\/png"}],"twitter_card":"summary_large_image","schema":{"@context":"https:\/\/schema.org","@graph":[{"@type":"WebPage","@id":"https:\/\/ibcparts.eu\/izdelek\/komplet-pro-direct\/","url":"https:\/\/ibcparts.eu\/izdelek\/komplet-pro-direct\/","name":"Komplet PRO\u00a0DIRECT(3\/4\", 1\") za IBC cisterno | IBCparts.eu","isPartOf":{"@id":"https:\/\/ibcparts.eu\/#website"},"primaryImageOfPage":{"@id":"https:\/\/ibcparts.eu\/izdelek\/komplet-pro-direct\/#primaryimage"},"image":{"@id":"https:\/\/ibcparts.eu\/izdelek\/komplet-pro-direct\/#primaryimage"},"thumbnailUrl":"https:\/\/ibcparts.eu\/wp-content\/uploads\/2024\/02\/komplet-pro-direct-32_orig.png","datePublished":"2024-02-01T10:58:52+00:00","dateModified":"2026-02-09T07:11:45+00:00","description":"Priklju\u010dni ventil oziroma adapter za IBC cisterno S60x6 (DN50) z MF PRO ventilom in ravnim nastavkom za cev 3\/4\u2033 ali 1\u2033. Z Reducirjem PRO.","breadcrumb":{"@id":"https:\/\/ibcparts.eu\/izdelek\/komplet-pro-direct\/#breadcrumb"},"inLanguage":"de","potentialAction":[{"@type":"ReadAction","target":["https:\/\/ibcparts.eu\/izdelek\/komplet-pro-direct\/"]}]},{"@type":"ImageObject","inLanguage":"de","@id":"https:\/\/ibcparts.eu\/izdelek\/komplet-pro-direct\/#primaryimage","url":"https:\/\/ibcparts.eu\/wp-content\/uploads\/2024\/02\/komplet-pro-direct-32_orig.png","contentUrl":"https:\/\/ibcparts.eu\/wp-content\/uploads\/2024\/02\/komplet-pro-direct-32_orig.png","width":500,"height":500,"caption":"Priklju\u010dni ventil oziroma adapter za IBC cisterno S60x6 (DN50) z MF PRO ventilom in ravnim nastavkom za cev 3\/4\u2033 ali 1\u2033"},{"@type":"BreadcrumbList","@id":"https:\/\/ibcparts.eu\/izdelek\/komplet-pro-direct\/#breadcrumb","itemListElement":[{"@type":"ListItem","position":1,"name":"Home","item":"https:\/\/ibcparts.eu\/"},{"@type":"ListItem","position":2,"name":"Nakupujte","item":"https:\/\/ibcparts.eu\/nakupujte\/"},{"@type":"ListItem","position":3,"name":"Komplet PRO\u00a0DIRECT(3\/4&#8243;, 1&#8243;) za IBC cisterno"}]},{"@type":"WebSite","@id":"https:\/\/ibcparts.eu\/#website","url":"https:\/\/ibcparts.eu\/","name":"IBC-Teile.eu","description":"","publisher":{"@id":"https:\/\/ibcparts.eu\/#organization"},"potentialAction":[{"@type":"SearchAction","target":{"@type":"EntryPoint","urlTemplate":"https:\/\/ibcparts.eu\/?s={search_term_string}"},"query-input":{"@type":"PropertyValueSpecification","valueRequired":true,"valueName":"search_term_string"}}],"inLanguage":"de"},{"@type":"Organization","@id":"https:\/\/ibcparts.eu\/#organization","name":"IBC-Teile","url":"https:\/\/ibcparts.eu\/","logo":{"@type":"ImageObject","inLanguage":"de","@id":"https:\/\/ibcparts.eu\/#\/schema\/logo\/image\/","url":"https:\/\/ibcparts.eu\/wp-content\/uploads\/2021\/10\/Footer-Logo.png","contentUrl":"https:\/\/ibcparts.eu\/wp-content\/uploads\/2021\/10\/Footer-Logo.png","width":1992,"height":772,"caption":"IBCparts"},"image":{"@id":"https:\/\/ibcparts.eu\/#\/schema\/logo\/image\/"}}]}},"_links":{"self":[{"href":"https:\/\/ibcparts.eu\/de\/wp-json\/wp\/v2\/product\/16260","targetHints":{"allow":["GET"]}}],"collection":[{"href":"https:\/\/ibcparts.eu\/de\/wp-json\/wp\/v2\/product"}],"about":[{"href":"https:\/\/ibcparts.eu\/de\/wp-json\/wp\/v2\/types\/product"}],"version-history":[{"count":8,"href":"https:\/\/ibcparts.eu\/de\/wp-json\/wp\/v2\/product\/16260\/revisions"}],"predecessor-version":[{"id":20553,"href":"https:\/\/ibcparts.eu\/de\/wp-json\/wp\/v2\/product\/16260\/revisions\/20553"}],"wp:featuredmedia":[{"embeddable":true,"href":"https:\/\/ibcparts.eu\/de\/wp-json\/wp\/v2\/media\/16263"}],"wp:attachment":[{"href":"https:\/\/ibcparts.eu\/de\/wp-json\/wp\/v2\/media?parent=16260"}],"wp:term":[{"taxonomy":"product_brand","embeddable":true,"href":"https:\/\/ibcparts.eu\/de\/wp-json\/wp\/v2\/product_brand?post=16260"},{"taxonomy":"product_cat","embeddable":true,"href":"https:\/\/ibcparts.eu\/de\/wp-json\/wp\/v2\/product_cat?post=16260"},{"taxonomy":"product_tag","embeddable":true,"href":"https:\/\/ibcparts.eu\/de\/wp-json\/wp\/v2\/product_tag?post=16260"}],"curies":[{"name":"wp","href":"https:\/\/api.w.org\/{rel}","templated":true}]}}