{"id":16247,"date":"2024-02-01T11:50:16","date_gmt":"2024-02-01T10:50:16","guid":{"rendered":"https:\/\/ibcparts.eu\/?post_type=product&#038;p=16247"},"modified":"2026-02-09T08:09:38","modified_gmt":"2026-02-09T07:09:38","slug":"komplet-pro-1-qf","status":"publish","type":"product","link":"https:\/\/ibcparts.eu\/de\/produkt\/komplet-pro-1-qf\/","title":{"rendered":"PRO 1\u2033 QF Set f\u00fcr IBC-Container"},"content":{"rendered":"","protected":false},"excerpt":{"rendered":"<h2 data-start=\"202\" data-end=\"283\"><strong data-start=\"206\" data-end=\"283\">PRO 1\u2033 QuickFlow Set \u2013 Anschluss-Auslaufhahn f\u00fcr IBC-Container (S60x6 \/ DN50)<\/strong><\/h2>\n<p data-start=\"285\" data-end=\"536\" class=\" translation-block\">Anschluss-Auslaufhahn f\u00fcr IBC-Container mit PRO-Reduzieradapter und einer 1\u2033 QuickFlow Metall-Auslaufhahn. Das Set ist bereits vormontiert und fungiert als zuverl\u00e4ssiger Adapter f\u00fcr IBC-Container, geeignet f\u00fcr die meisten standardm\u00e4\u00dfigen IBC-Container mit grobem S60x6 (DN50) Gewinde.<\/p>\n<p data-start=\"538\" data-end=\"817\" class=\" translation-block\">Der 1\u2033 QuickFlow-Auslaufhahn ist f\u00fcr das m\u00f6glichst schnelle Umf\u00fcllen von Wasser konzipiert, vor allem direkt in eine Gie\u00dfkanne oder einen anderen Beh\u00e4lter. Aufgrund seiner Konstruktion erm\u00f6glicht er keinen Anschluss eines Gartenschlauchs, verf\u00fcgt jedoch \u00fcber einen gro\u00dfen Innendurchmesser von 15 mm, der im Vergleich zu kleineren H\u00e4hnen einen sehr hohen Durchfluss gew\u00e4hrleistet.<\/p>\n<p data-start=\"819\" data-end=\"1001\" class=\" translation-block\">Am Auslaufhahn ist ein Kunststoffsieb zur Strahlformung angebracht, das bei Verunreinigungen im Beh\u00e4lter bei Bedarf einfach entfernt werden kann.<\/p>\n<p data-start=\"1003\" data-end=\"1228\">Glavna prednost kompleta je\u00a0<strong data-start=\"920\" data-end=\"935\">Reducir PRO<\/strong>, izdelan iz visokokakovostnega materiala (\u010disti PP, stru\u017een iz enega kosa, masiven) in opremljen z\u00a0<strong data-start=\"992\" data-end=\"1054\">NB\/SB gumijastim tesnilom. Certificirano za stik z \u017eivili<\/strong>. Na trgu pogosto najdemo zelo podobne, vendar z bistveno tanj\u0161o steno.<\/p>\n<p data-start=\"1230\" data-end=\"1390\" class=\" translation-block\">Das Set ist kompatibel mit IBC-Containern mit einem Au\u00dfendurchmesser des Gewindes von 55\u201362 mm und einem Gewindesteigungsabstand von ~6 mm, was den am h\u00e4ufigsten verwendeten Standard bei IBC-Ventilen darstellt.<\/p>\n<p data-start=\"1392\" data-end=\"1509\" class=\" translation-block\">Wenn Ihre IBC-Zisterne einen anderen Ventiltyp hat, k\u00f6nnen Sie einen passenden IBC-Adapter ausw\u00e4hlen oder uns f\u00fcr Unterst\u00fctzung kontaktieren.<\/p>\n<p data-start=\"1511\" data-end=\"1533\"><strong data-start=\"1511\" data-end=\"1533\">Die wichtigsten Vorteile:<\/strong><\/p>\n<ul>\n<li data-start=\"1536\" data-end=\"1573\" class=\" translation-block\">Anschluss-Auslaufhahn f\u00fcr IBC-Container<\/li>\n<li data-start=\"1576\" data-end=\"1620\" class=\" translation-block\">Fungiert als Adapter \/ Anschluss f\u00fcr ein IBC-Ventil<\/li>\n<li data-start=\"1623\" data-end=\"1658\" class=\" translation-block\">Standardgewinde S60x6 \/ DN50<\/li>\n<li data-start=\"1661\" data-end=\"1711\" class=\" translation-block\">PRO-Reduzieradapter mit NB\/SB-Dichtung (f\u00fcr Lebensmittelkontakt geeignet)<\/li>\n<li data-start=\"1714\" data-end=\"1750\"><strong data-start=\"1714\" data-end=\"1748\">1\u2033 QuickFlow Metall-Auslaufhahn<\/strong><\/li>\n<li data-start=\"1753\" data-end=\"1801\" class=\" translation-block\">Innendurchmesser 15 mm f\u00fcr sehr schnellen Durchfluss<\/li>\n<li data-start=\"1804\" data-end=\"1842\">Ideal zum Bef\u00fcllen einer Gie\u00dfkanne<\/li>\n<\/ul>\n<p class=\" translation-block\">Wenn Ihr Container ein anderes Ventil hat, k\u00f6nnen Sie den Ventiltyp <a href=\"https:\/\/ibcparts.eu\/de\/ibc-info\/\" target=\"_self\">hier<\/a> \u00fcberpr\u00fcfen und anschlie\u00dfend den passenden Adapter ausw\u00e4hlen. Wenn Sie sich dennoch nicht ganz sicher sind, kontaktieren Sie uns bitte.<\/p>","protected":false},"featured_media":16248,"template":"","meta":[],"product_brand":[],"product_cat":[173],"product_tag":[],"class_list":{"0":"post-16247","1":"product","2":"type-product","3":"status-publish","4":"has-post-thumbnail","6":"product_cat-kompleti-pro","8":"first","9":"instock","10":"shipping-taxable","11":"purchasable","12":"product-type-simple"},"yoast_head":"<!-- This site is optimized with the Yoast SEO plugin v27.1.1 - https:\/\/yoast.com\/product\/yoast-seo-wordpress\/ -->\n<title>Komplet PRO\u00a01&quot; QF za IBC cisterno | IBCparts.eu<\/title>\n<meta name=\"description\" content=\"Priklju\u010dna pipa oziroma adapter za IBC cisterno S60x6 (DN50) z 1\u2033 QuickFlow kovinsko pipo PRO. Zelo hiter pretok, idealna za zalivalko.\" \/>\n<meta name=\"robots\" content=\"index, follow, max-snippet:-1, max-image-preview:large, max-video-preview:-1\" \/>\n<link rel=\"canonical\" href=\"https:\/\/ibcparts.eu\/de\/produkt\/komplet-pro-1-qf\/\" \/>\n<meta property=\"og:locale\" content=\"de_DE\" \/>\n<meta property=\"og:type\" content=\"article\" \/>\n<meta property=\"og:title\" content=\"Komplet PRO\u00a01&quot; QF za IBC cisterno | IBCparts.eu\" \/>\n<meta property=\"og:description\" content=\"Priklju\u010dna pipa oziroma adapter za IBC cisterno S60x6 (DN50) z 1\u2033 QuickFlow kovinsko pipo PRO. Zelo hiter pretok, idealna za zalivalko.\" \/>\n<meta property=\"og:url\" content=\"https:\/\/ibcparts.eu\/de\/produkt\/komplet-pro-1-qf\/\" \/>\n<meta property=\"og:site_name\" content=\"IBCparts.eu\" \/>\n<meta property=\"article:modified_time\" content=\"2026-02-09T07:09:38+00:00\" \/>\n<meta property=\"og:image\" content=\"https:\/\/ibcparts.eu\/wp-content\/uploads\/2024\/02\/komplet-pro-1-qf_orig.png\" \/>\n\t<meta property=\"og:image:width\" content=\"500\" \/>\n\t<meta property=\"og:image:height\" content=\"500\" \/>\n\t<meta property=\"og:image:type\" content=\"image\/png\" \/>\n<meta name=\"twitter:card\" content=\"summary_large_image\" \/>\n<script type=\"application\/ld+json\" class=\"yoast-schema-graph\">{\"@context\":\"https:\/\/schema.org\",\"@graph\":[{\"@type\":\"WebPage\",\"@id\":\"https:\/\/ibcparts.eu\/izdelek\/komplet-pro-1-qf\/\",\"url\":\"https:\/\/ibcparts.eu\/izdelek\/komplet-pro-1-qf\/\",\"name\":\"Komplet PRO\u00a01\\\" QF za IBC cisterno | IBCparts.eu\",\"isPartOf\":{\"@id\":\"https:\/\/ibcparts.eu\/#website\"},\"primaryImageOfPage\":{\"@id\":\"https:\/\/ibcparts.eu\/izdelek\/komplet-pro-1-qf\/#primaryimage\"},\"image\":{\"@id\":\"https:\/\/ibcparts.eu\/izdelek\/komplet-pro-1-qf\/#primaryimage\"},\"thumbnailUrl\":\"https:\/\/ibcparts.eu\/wp-content\/uploads\/2024\/02\/komplet-pro-1-qf_orig.png\",\"datePublished\":\"2024-02-01T10:50:16+00:00\",\"dateModified\":\"2026-02-09T07:09:38+00:00\",\"description\":\"Priklju\u010dna pipa oziroma adapter za IBC cisterno S60x6 (DN50) z 1\u2033 QuickFlow kovinsko pipo PRO. Zelo hiter pretok, idealna za zalivalko.\",\"breadcrumb\":{\"@id\":\"https:\/\/ibcparts.eu\/izdelek\/komplet-pro-1-qf\/#breadcrumb\"},\"inLanguage\":\"de\",\"potentialAction\":[{\"@type\":\"ReadAction\",\"target\":[\"https:\/\/ibcparts.eu\/izdelek\/komplet-pro-1-qf\/\"]}]},{\"@type\":\"ImageObject\",\"inLanguage\":\"de\",\"@id\":\"https:\/\/ibcparts.eu\/izdelek\/komplet-pro-1-qf\/#primaryimage\",\"url\":\"https:\/\/ibcparts.eu\/wp-content\/uploads\/2024\/02\/komplet-pro-1-qf_orig.png\",\"contentUrl\":\"https:\/\/ibcparts.eu\/wp-content\/uploads\/2024\/02\/komplet-pro-1-qf_orig.png\",\"width\":500,\"height\":500,\"caption\":\"Priklju\u010dna pipa oziroma adapter za IBC cisterno S60x6 (DN50) z 1\u2033 QuickFlow kovinsko pipo PRO\"},{\"@type\":\"BreadcrumbList\",\"@id\":\"https:\/\/ibcparts.eu\/izdelek\/komplet-pro-1-qf\/#breadcrumb\",\"itemListElement\":[{\"@type\":\"ListItem\",\"position\":1,\"name\":\"Home\",\"item\":\"https:\/\/ibcparts.eu\/\"},{\"@type\":\"ListItem\",\"position\":2,\"name\":\"Nakupujte\",\"item\":\"https:\/\/ibcparts.eu\/nakupujte\/\"},{\"@type\":\"ListItem\",\"position\":3,\"name\":\"Komplet PRO\u00a01&#8243; QF za IBC cisterno\"}]},{\"@type\":\"WebSite\",\"@id\":\"https:\/\/ibcparts.eu\/#website\",\"url\":\"https:\/\/ibcparts.eu\/\",\"name\":\"IBCparts.eu\",\"description\":\"\",\"publisher\":{\"@id\":\"https:\/\/ibcparts.eu\/#organization\"},\"potentialAction\":[{\"@type\":\"SearchAction\",\"target\":{\"@type\":\"EntryPoint\",\"urlTemplate\":\"https:\/\/ibcparts.eu\/?s={search_term_string}\"},\"query-input\":{\"@type\":\"PropertyValueSpecification\",\"valueRequired\":true,\"valueName\":\"search_term_string\"}}],\"inLanguage\":\"de\"},{\"@type\":\"Organization\",\"@id\":\"https:\/\/ibcparts.eu\/#organization\",\"name\":\"IBCparts\",\"url\":\"https:\/\/ibcparts.eu\/\",\"logo\":{\"@type\":\"ImageObject\",\"inLanguage\":\"de\",\"@id\":\"https:\/\/ibcparts.eu\/#\/schema\/logo\/image\/\",\"url\":\"https:\/\/ibcparts.eu\/wp-content\/uploads\/2021\/10\/Footer-Logo.png\",\"contentUrl\":\"https:\/\/ibcparts.eu\/wp-content\/uploads\/2021\/10\/Footer-Logo.png\",\"width\":1992,\"height\":772,\"caption\":\"IBCparts\"},\"image\":{\"@id\":\"https:\/\/ibcparts.eu\/#\/schema\/logo\/image\/\"}}]}<\/script>\n<!-- \/ Yoast SEO plugin. -->","yoast_head_json":{"title":"Komplet PRO\u00a01\" QF za IBC cisterno | IBCparts.eu","description":"Priklju\u010dna pipa oziroma adapter za IBC cisterno S60x6 (DN50) z 1\u2033 QuickFlow kovinsko pipo PRO. Zelo hiter pretok, idealna za zalivalko.","robots":{"index":"index","follow":"follow","max-snippet":"max-snippet:-1","max-image-preview":"max-image-preview:large","max-video-preview":"max-video-preview:-1"},"canonical":"https:\/\/ibcparts.eu\/de\/produkt\/komplet-pro-1-qf\/","og_locale":"de_DE","og_type":"article","og_title":"Komplet PRO\u00a01\" QF za IBC cisterno | IBCparts.eu","og_description":"Priklju\u010dna pipa oziroma adapter za IBC cisterno S60x6 (DN50) z 1\u2033 QuickFlow kovinsko pipo PRO. Zelo hiter pretok, idealna za zalivalko.","og_url":"https:\/\/ibcparts.eu\/de\/produkt\/komplet-pro-1-qf\/","og_site_name":"IBCparts.eu","article_modified_time":"2026-02-09T07:09:38+00:00","og_image":[{"width":500,"height":500,"url":"https:\/\/ibcparts.eu\/wp-content\/uploads\/2024\/02\/komplet-pro-1-qf_orig.png","type":"image\/png"}],"twitter_card":"summary_large_image","schema":{"@context":"https:\/\/schema.org","@graph":[{"@type":"WebPage","@id":"https:\/\/ibcparts.eu\/izdelek\/komplet-pro-1-qf\/","url":"https:\/\/ibcparts.eu\/izdelek\/komplet-pro-1-qf\/","name":"Komplet PRO\u00a01\" QF za IBC cisterno | IBCparts.eu","isPartOf":{"@id":"https:\/\/ibcparts.eu\/#website"},"primaryImageOfPage":{"@id":"https:\/\/ibcparts.eu\/izdelek\/komplet-pro-1-qf\/#primaryimage"},"image":{"@id":"https:\/\/ibcparts.eu\/izdelek\/komplet-pro-1-qf\/#primaryimage"},"thumbnailUrl":"https:\/\/ibcparts.eu\/wp-content\/uploads\/2024\/02\/komplet-pro-1-qf_orig.png","datePublished":"2024-02-01T10:50:16+00:00","dateModified":"2026-02-09T07:09:38+00:00","description":"Priklju\u010dna pipa oziroma adapter za IBC cisterno S60x6 (DN50) z 1\u2033 QuickFlow kovinsko pipo PRO. Zelo hiter pretok, idealna za zalivalko.","breadcrumb":{"@id":"https:\/\/ibcparts.eu\/izdelek\/komplet-pro-1-qf\/#breadcrumb"},"inLanguage":"de","potentialAction":[{"@type":"ReadAction","target":["https:\/\/ibcparts.eu\/izdelek\/komplet-pro-1-qf\/"]}]},{"@type":"ImageObject","inLanguage":"de","@id":"https:\/\/ibcparts.eu\/izdelek\/komplet-pro-1-qf\/#primaryimage","url":"https:\/\/ibcparts.eu\/wp-content\/uploads\/2024\/02\/komplet-pro-1-qf_orig.png","contentUrl":"https:\/\/ibcparts.eu\/wp-content\/uploads\/2024\/02\/komplet-pro-1-qf_orig.png","width":500,"height":500,"caption":"Priklju\u010dna pipa oziroma adapter za IBC cisterno S60x6 (DN50) z 1\u2033 QuickFlow kovinsko pipo PRO"},{"@type":"BreadcrumbList","@id":"https:\/\/ibcparts.eu\/izdelek\/komplet-pro-1-qf\/#breadcrumb","itemListElement":[{"@type":"ListItem","position":1,"name":"Home","item":"https:\/\/ibcparts.eu\/"},{"@type":"ListItem","position":2,"name":"Nakupujte","item":"https:\/\/ibcparts.eu\/nakupujte\/"},{"@type":"ListItem","position":3,"name":"Komplet PRO\u00a01&#8243; QF za IBC cisterno"}]},{"@type":"WebSite","@id":"https:\/\/ibcparts.eu\/#website","url":"https:\/\/ibcparts.eu\/","name":"IBC-Teile.eu","description":"","publisher":{"@id":"https:\/\/ibcparts.eu\/#organization"},"potentialAction":[{"@type":"SearchAction","target":{"@type":"EntryPoint","urlTemplate":"https:\/\/ibcparts.eu\/?s={search_term_string}"},"query-input":{"@type":"PropertyValueSpecification","valueRequired":true,"valueName":"search_term_string"}}],"inLanguage":"de"},{"@type":"Organization","@id":"https:\/\/ibcparts.eu\/#organization","name":"IBC-Teile","url":"https:\/\/ibcparts.eu\/","logo":{"@type":"ImageObject","inLanguage":"de","@id":"https:\/\/ibcparts.eu\/#\/schema\/logo\/image\/","url":"https:\/\/ibcparts.eu\/wp-content\/uploads\/2021\/10\/Footer-Logo.png","contentUrl":"https:\/\/ibcparts.eu\/wp-content\/uploads\/2021\/10\/Footer-Logo.png","width":1992,"height":772,"caption":"IBCparts"},"image":{"@id":"https:\/\/ibcparts.eu\/#\/schema\/logo\/image\/"}}]}},"_links":{"self":[{"href":"https:\/\/ibcparts.eu\/de\/wp-json\/wp\/v2\/product\/16247","targetHints":{"allow":["GET"]}}],"collection":[{"href":"https:\/\/ibcparts.eu\/de\/wp-json\/wp\/v2\/product"}],"about":[{"href":"https:\/\/ibcparts.eu\/de\/wp-json\/wp\/v2\/types\/product"}],"version-history":[{"count":6,"href":"https:\/\/ibcparts.eu\/de\/wp-json\/wp\/v2\/product\/16247\/revisions"}],"predecessor-version":[{"id":20551,"href":"https:\/\/ibcparts.eu\/de\/wp-json\/wp\/v2\/product\/16247\/revisions\/20551"}],"wp:featuredmedia":[{"embeddable":true,"href":"https:\/\/ibcparts.eu\/de\/wp-json\/wp\/v2\/media\/16248"}],"wp:attachment":[{"href":"https:\/\/ibcparts.eu\/de\/wp-json\/wp\/v2\/media?parent=16247"}],"wp:term":[{"taxonomy":"product_brand","embeddable":true,"href":"https:\/\/ibcparts.eu\/de\/wp-json\/wp\/v2\/product_brand?post=16247"},{"taxonomy":"product_cat","embeddable":true,"href":"https:\/\/ibcparts.eu\/de\/wp-json\/wp\/v2\/product_cat?post=16247"},{"taxonomy":"product_tag","embeddable":true,"href":"https:\/\/ibcparts.eu\/de\/wp-json\/wp\/v2\/product_tag?post=16247"}],"curies":[{"name":"wp","href":"https:\/\/api.w.org\/{rel}","templated":true}]}}