{"id":16238,"date":"2024-02-01T11:45:04","date_gmt":"2024-02-01T10:45:04","guid":{"rendered":"https:\/\/ibcparts.eu\/?post_type=product&#038;p=16238"},"modified":"2026-02-09T07:57:35","modified_gmt":"2026-02-09T06:57:35","slug":"komplet-pro-3-4-hf","status":"publish","type":"product","link":"https:\/\/ibcparts.eu\/de\/produkt\/komplet-pro-3-4-hf\/","title":{"rendered":"PRO 3\/4\u2033 HF Set f\u00fcr IBC-Container"},"content":{"rendered":"","protected":false},"excerpt":{"rendered":"<h2 data-start=\"302\" data-end=\"384\"><strong data-start=\"306\" data-end=\"384\">PRO 3\/4\u2033 HighFlow Set \u2013 Anschluss-Auslaufhahn f\u00fcr IBC-Container (S60x6 \/ DN50)<\/strong><\/h2>\n<p data-start=\"386\" data-end=\"655\" class=\" translation-block\">Anschluss-Auslaufhahn f\u00fcr IBC-Container mit PRO-Reduzieradapter und einer 3\/4\u2033 HighFlow Metall-Auslaufhahn. Das Set fungiert als Adapter f\u00fcr IBC-Container und ist bereits vormontiert, wodurch ein schneller und einfacher Anschluss an die meisten standardm\u00e4\u00dfigen IBC-Container mit grobem S60x6 (DN50) Gewinde erm\u00f6glicht wird.<\/p>\n<p data-start=\"657\" data-end=\"1022\" class=\" translation-block\">Der 3\/4\u2033 HighFlow-Auslaufhahn ist eine ausgezeichnete Wahl, wenn ein h\u00f6herer Wasserdurchfluss ben\u00f6tigt wird. Der Anschluss-Auslaufhahn erm\u00f6glicht die Verwendung mit einem \u201eClick\u201c-Gartenschlauchanschluss (Innendurchmesser 9 mm); f\u00fcr ein schnelleres Umf\u00fcllen in eine Gie\u00dfkanne kann der Click-Adapter einfach entfernt werden. Der Innendurchmesser des Hahns betr\u00e4gt 12 mm, was einen deutlich schnelleren Wasserauslauf als bei klassischen H\u00e4hnen gew\u00e4hrleistet.<\/p>\n<p data-start=\"1024\" data-end=\"1131\" class=\" translation-block\">An den Hahn kann auch ein zus\u00e4tzlicher \u201eClick\u201c-Gartenschlauchadapter angeschraubt werden \u2013 passend ist ein Anschluss mit 1\u2033 Gewinde.<\/p>\n<p data-start=\"1133\" data-end=\"1434\">Glavna prednost kompleta je\u00a0<strong data-start=\"920\" data-end=\"935\">Reducir PRO<\/strong>, izdelan iz visokokakovostnega materiala (\u010disti PP, stru\u017een iz enega kosa, masiven) in opremljen z\u00a0<strong data-start=\"992\" data-end=\"1054\">NB\/SB gumijastim tesnilom. Certificirano za stik z \u017eivili<\/strong>. Na trgu pogosto najdemo zelo podobne, vendar z bistveno tanj\u0161o steno.<\/p>\n<p data-start=\"1436\" data-end=\"1580\" class=\" translation-block\">Am Auslaufhahn ist ein Kunststoffsieb zur Strahlformung angebracht, das bei Verunreinigungen im Beh\u00e4lter bei Bedarf einfach entfernt werden kann.<\/p>\n<p data-start=\"1582\" data-end=\"1604\"><strong data-start=\"1582\" data-end=\"1604\">Die wichtigsten Vorteile:<\/strong><\/p>\n<ul>\n<li data-start=\"1607\" data-end=\"1644\" class=\" translation-block\">Anschluss-Auslaufhahn f\u00fcr IBC-Container<\/li>\n<li data-start=\"1647\" data-end=\"1698\" class=\" translation-block\">Fungiert als Adapter \/ Anschluss f\u00fcr ein IBC-Ventil<\/li>\n<li data-start=\"1701\" data-end=\"1736\" class=\" translation-block\">Standardgewinde S60x6 \/ DN50<\/li>\n<li data-start=\"1739\" data-end=\"1789\" class=\" translation-block\">PRO-Reduzieradapter mit NB\/SB-Dichtung (f\u00fcr Lebensmittelkontakt geeignet)<\/li>\n<li data-start=\"1792\" data-end=\"1843\" class=\" translation-block\">3\/4\u2033 HighFlow Metall-Auslaufhahn mit h\u00f6herem Durchfluss<\/li>\n<\/ul>\n<p class=\" translation-block\">Wenn Ihr Container ein anderes Ventil hat, k\u00f6nnen Sie den Ventiltyp <a href=\"https:\/\/ibcparts.eu\/de\/ibc-info\/\" target=\"_self\">hier<\/a> \u00fcberpr\u00fcfen und anschlie\u00dfend den passenden Adapter ausw\u00e4hlen. Wenn Sie sich dennoch nicht ganz sicher sind, kontaktieren Sie uns bitte.<\/p>","protected":false},"featured_media":16239,"template":"","meta":[],"product_brand":[],"product_cat":[173],"product_tag":[],"class_list":{"0":"post-16238","1":"product","2":"type-product","3":"status-publish","4":"has-post-thumbnail","6":"product_cat-kompleti-pro","8":"first","9":"instock","10":"shipping-taxable","11":"purchasable","12":"product-type-simple"},"yoast_head":"<!-- This site is optimized with the Yoast SEO plugin v27.1.1 - https:\/\/yoast.com\/product\/yoast-seo-wordpress\/ -->\n<title>Komplet PRO\u00a03\/4&quot; HF za IBC cisterno | IBCparts.eu<\/title>\n<meta name=\"description\" content=\"Priklju\u010dna pipa oziroma adapter za IBC cisterno S60x6 (DN50) z 3\/4\u2033 HighFlow kovinsko pipo in Reducirjem PRO. Ve\u010dji pretok in zanesno tesnjenje.\" \/>\n<meta name=\"robots\" content=\"index, follow, max-snippet:-1, max-image-preview:large, max-video-preview:-1\" \/>\n<link rel=\"canonical\" href=\"https:\/\/ibcparts.eu\/de\/produkt\/komplet-pro-3-4-hf\/\" \/>\n<meta property=\"og:locale\" content=\"de_DE\" \/>\n<meta property=\"og:type\" content=\"article\" \/>\n<meta property=\"og:title\" content=\"Komplet PRO\u00a03\/4&quot; HF za IBC cisterno | IBCparts.eu\" \/>\n<meta property=\"og:description\" content=\"Priklju\u010dna pipa oziroma adapter za IBC cisterno S60x6 (DN50) z 3\/4\u2033 HighFlow kovinsko pipo in Reducirjem PRO. Ve\u010dji pretok in zanesno tesnjenje.\" \/>\n<meta property=\"og:url\" content=\"https:\/\/ibcparts.eu\/de\/produkt\/komplet-pro-3-4-hf\/\" \/>\n<meta property=\"og:site_name\" content=\"IBCparts.eu\" \/>\n<meta property=\"article:modified_time\" content=\"2026-02-09T06:57:35+00:00\" \/>\n<meta property=\"og:image\" content=\"https:\/\/ibcparts.eu\/wp-content\/uploads\/2024\/02\/komplett-pro-34-hf_orig.png\" \/>\n\t<meta property=\"og:image:width\" content=\"500\" \/>\n\t<meta property=\"og:image:height\" content=\"500\" \/>\n\t<meta property=\"og:image:type\" content=\"image\/png\" \/>\n<meta name=\"twitter:card\" content=\"summary_large_image\" \/>\n<script type=\"application\/ld+json\" class=\"yoast-schema-graph\">{\"@context\":\"https:\/\/schema.org\",\"@graph\":[{\"@type\":\"WebPage\",\"@id\":\"https:\/\/ibcparts.eu\/izdelek\/komplet-pro-3-4-hf\/\",\"url\":\"https:\/\/ibcparts.eu\/izdelek\/komplet-pro-3-4-hf\/\",\"name\":\"Komplet PRO\u00a03\/4\\\" HF za IBC cisterno | IBCparts.eu\",\"isPartOf\":{\"@id\":\"https:\/\/ibcparts.eu\/#website\"},\"primaryImageOfPage\":{\"@id\":\"https:\/\/ibcparts.eu\/izdelek\/komplet-pro-3-4-hf\/#primaryimage\"},\"image\":{\"@id\":\"https:\/\/ibcparts.eu\/izdelek\/komplet-pro-3-4-hf\/#primaryimage\"},\"thumbnailUrl\":\"https:\/\/ibcparts.eu\/wp-content\/uploads\/2024\/02\/komplett-pro-34-hf_orig.png\",\"datePublished\":\"2024-02-01T10:45:04+00:00\",\"dateModified\":\"2026-02-09T06:57:35+00:00\",\"description\":\"Priklju\u010dna pipa oziroma adapter za IBC cisterno S60x6 (DN50) z 3\/4\u2033 HighFlow kovinsko pipo in Reducirjem PRO. Ve\u010dji pretok in zanesno tesnjenje.\",\"breadcrumb\":{\"@id\":\"https:\/\/ibcparts.eu\/izdelek\/komplet-pro-3-4-hf\/#breadcrumb\"},\"inLanguage\":\"de\",\"potentialAction\":[{\"@type\":\"ReadAction\",\"target\":[\"https:\/\/ibcparts.eu\/izdelek\/komplet-pro-3-4-hf\/\"]}]},{\"@type\":\"ImageObject\",\"inLanguage\":\"de\",\"@id\":\"https:\/\/ibcparts.eu\/izdelek\/komplet-pro-3-4-hf\/#primaryimage\",\"url\":\"https:\/\/ibcparts.eu\/wp-content\/uploads\/2024\/02\/komplett-pro-34-hf_orig.png\",\"contentUrl\":\"https:\/\/ibcparts.eu\/wp-content\/uploads\/2024\/02\/komplett-pro-34-hf_orig.png\",\"width\":500,\"height\":500},{\"@type\":\"BreadcrumbList\",\"@id\":\"https:\/\/ibcparts.eu\/izdelek\/komplet-pro-3-4-hf\/#breadcrumb\",\"itemListElement\":[{\"@type\":\"ListItem\",\"position\":1,\"name\":\"Home\",\"item\":\"https:\/\/ibcparts.eu\/\"},{\"@type\":\"ListItem\",\"position\":2,\"name\":\"Nakupujte\",\"item\":\"https:\/\/ibcparts.eu\/nakupujte\/\"},{\"@type\":\"ListItem\",\"position\":3,\"name\":\"Komplet PRO\u00a03\/4&#8243; HF za IBC cisterno\"}]},{\"@type\":\"WebSite\",\"@id\":\"https:\/\/ibcparts.eu\/#website\",\"url\":\"https:\/\/ibcparts.eu\/\",\"name\":\"IBCparts.eu\",\"description\":\"\",\"publisher\":{\"@id\":\"https:\/\/ibcparts.eu\/#organization\"},\"potentialAction\":[{\"@type\":\"SearchAction\",\"target\":{\"@type\":\"EntryPoint\",\"urlTemplate\":\"https:\/\/ibcparts.eu\/?s={search_term_string}\"},\"query-input\":{\"@type\":\"PropertyValueSpecification\",\"valueRequired\":true,\"valueName\":\"search_term_string\"}}],\"inLanguage\":\"de\"},{\"@type\":\"Organization\",\"@id\":\"https:\/\/ibcparts.eu\/#organization\",\"name\":\"IBCparts\",\"url\":\"https:\/\/ibcparts.eu\/\",\"logo\":{\"@type\":\"ImageObject\",\"inLanguage\":\"de\",\"@id\":\"https:\/\/ibcparts.eu\/#\/schema\/logo\/image\/\",\"url\":\"https:\/\/ibcparts.eu\/wp-content\/uploads\/2021\/10\/Footer-Logo.png\",\"contentUrl\":\"https:\/\/ibcparts.eu\/wp-content\/uploads\/2021\/10\/Footer-Logo.png\",\"width\":1992,\"height\":772,\"caption\":\"IBCparts\"},\"image\":{\"@id\":\"https:\/\/ibcparts.eu\/#\/schema\/logo\/image\/\"}}]}<\/script>\n<!-- \/ Yoast SEO plugin. -->","yoast_head_json":{"title":"Komplet PRO\u00a03\/4\" HF za IBC cisterno | IBCparts.eu","description":"Priklju\u010dna pipa oziroma adapter za IBC cisterno S60x6 (DN50) z 3\/4\u2033 HighFlow kovinsko pipo in Reducirjem PRO. Ve\u010dji pretok in zanesno tesnjenje.","robots":{"index":"index","follow":"follow","max-snippet":"max-snippet:-1","max-image-preview":"max-image-preview:large","max-video-preview":"max-video-preview:-1"},"canonical":"https:\/\/ibcparts.eu\/de\/produkt\/komplet-pro-3-4-hf\/","og_locale":"de_DE","og_type":"article","og_title":"Komplet PRO\u00a03\/4\" HF za IBC cisterno | IBCparts.eu","og_description":"Priklju\u010dna pipa oziroma adapter za IBC cisterno S60x6 (DN50) z 3\/4\u2033 HighFlow kovinsko pipo in Reducirjem PRO. Ve\u010dji pretok in zanesno tesnjenje.","og_url":"https:\/\/ibcparts.eu\/de\/produkt\/komplet-pro-3-4-hf\/","og_site_name":"IBCparts.eu","article_modified_time":"2026-02-09T06:57:35+00:00","og_image":[{"width":500,"height":500,"url":"https:\/\/ibcparts.eu\/wp-content\/uploads\/2024\/02\/komplett-pro-34-hf_orig.png","type":"image\/png"}],"twitter_card":"summary_large_image","schema":{"@context":"https:\/\/schema.org","@graph":[{"@type":"WebPage","@id":"https:\/\/ibcparts.eu\/izdelek\/komplet-pro-3-4-hf\/","url":"https:\/\/ibcparts.eu\/izdelek\/komplet-pro-3-4-hf\/","name":"Komplet PRO\u00a03\/4\" HF za IBC cisterno | IBCparts.eu","isPartOf":{"@id":"https:\/\/ibcparts.eu\/#website"},"primaryImageOfPage":{"@id":"https:\/\/ibcparts.eu\/izdelek\/komplet-pro-3-4-hf\/#primaryimage"},"image":{"@id":"https:\/\/ibcparts.eu\/izdelek\/komplet-pro-3-4-hf\/#primaryimage"},"thumbnailUrl":"https:\/\/ibcparts.eu\/wp-content\/uploads\/2024\/02\/komplett-pro-34-hf_orig.png","datePublished":"2024-02-01T10:45:04+00:00","dateModified":"2026-02-09T06:57:35+00:00","description":"Priklju\u010dna pipa oziroma adapter za IBC cisterno S60x6 (DN50) z 3\/4\u2033 HighFlow kovinsko pipo in Reducirjem PRO. Ve\u010dji pretok in zanesno tesnjenje.","breadcrumb":{"@id":"https:\/\/ibcparts.eu\/izdelek\/komplet-pro-3-4-hf\/#breadcrumb"},"inLanguage":"de","potentialAction":[{"@type":"ReadAction","target":["https:\/\/ibcparts.eu\/izdelek\/komplet-pro-3-4-hf\/"]}]},{"@type":"ImageObject","inLanguage":"de","@id":"https:\/\/ibcparts.eu\/izdelek\/komplet-pro-3-4-hf\/#primaryimage","url":"https:\/\/ibcparts.eu\/wp-content\/uploads\/2024\/02\/komplett-pro-34-hf_orig.png","contentUrl":"https:\/\/ibcparts.eu\/wp-content\/uploads\/2024\/02\/komplett-pro-34-hf_orig.png","width":500,"height":500},{"@type":"BreadcrumbList","@id":"https:\/\/ibcparts.eu\/izdelek\/komplet-pro-3-4-hf\/#breadcrumb","itemListElement":[{"@type":"ListItem","position":1,"name":"Home","item":"https:\/\/ibcparts.eu\/"},{"@type":"ListItem","position":2,"name":"Nakupujte","item":"https:\/\/ibcparts.eu\/nakupujte\/"},{"@type":"ListItem","position":3,"name":"Komplet PRO\u00a03\/4&#8243; HF za IBC cisterno"}]},{"@type":"WebSite","@id":"https:\/\/ibcparts.eu\/#website","url":"https:\/\/ibcparts.eu\/","name":"IBC-Teile.eu","description":"","publisher":{"@id":"https:\/\/ibcparts.eu\/#organization"},"potentialAction":[{"@type":"SearchAction","target":{"@type":"EntryPoint","urlTemplate":"https:\/\/ibcparts.eu\/?s={search_term_string}"},"query-input":{"@type":"PropertyValueSpecification","valueRequired":true,"valueName":"search_term_string"}}],"inLanguage":"de"},{"@type":"Organization","@id":"https:\/\/ibcparts.eu\/#organization","name":"IBC-Teile","url":"https:\/\/ibcparts.eu\/","logo":{"@type":"ImageObject","inLanguage":"de","@id":"https:\/\/ibcparts.eu\/#\/schema\/logo\/image\/","url":"https:\/\/ibcparts.eu\/wp-content\/uploads\/2021\/10\/Footer-Logo.png","contentUrl":"https:\/\/ibcparts.eu\/wp-content\/uploads\/2021\/10\/Footer-Logo.png","width":1992,"height":772,"caption":"IBCparts"},"image":{"@id":"https:\/\/ibcparts.eu\/#\/schema\/logo\/image\/"}}]}},"_links":{"self":[{"href":"https:\/\/ibcparts.eu\/de\/wp-json\/wp\/v2\/product\/16238","targetHints":{"allow":["GET"]}}],"collection":[{"href":"https:\/\/ibcparts.eu\/de\/wp-json\/wp\/v2\/product"}],"about":[{"href":"https:\/\/ibcparts.eu\/de\/wp-json\/wp\/v2\/types\/product"}],"version-history":[{"count":5,"href":"https:\/\/ibcparts.eu\/de\/wp-json\/wp\/v2\/product\/16238\/revisions"}],"predecessor-version":[{"id":20545,"href":"https:\/\/ibcparts.eu\/de\/wp-json\/wp\/v2\/product\/16238\/revisions\/20545"}],"wp:featuredmedia":[{"embeddable":true,"href":"https:\/\/ibcparts.eu\/de\/wp-json\/wp\/v2\/media\/16239"}],"wp:attachment":[{"href":"https:\/\/ibcparts.eu\/de\/wp-json\/wp\/v2\/media?parent=16238"}],"wp:term":[{"taxonomy":"product_brand","embeddable":true,"href":"https:\/\/ibcparts.eu\/de\/wp-json\/wp\/v2\/product_brand?post=16238"},{"taxonomy":"product_cat","embeddable":true,"href":"https:\/\/ibcparts.eu\/de\/wp-json\/wp\/v2\/product_cat?post=16238"},{"taxonomy":"product_tag","embeddable":true,"href":"https:\/\/ibcparts.eu\/de\/wp-json\/wp\/v2\/product_tag?post=16238"}],"curies":[{"name":"wp","href":"https:\/\/api.w.org\/{rel}","templated":true}]}}