{"id":16235,"date":"2024-02-01T11:42:33","date_gmt":"2024-02-01T10:42:33","guid":{"rendered":"https:\/\/ibcparts.eu\/?post_type=product&#038;p=16235"},"modified":"2026-02-09T07:57:27","modified_gmt":"2026-02-09T06:57:27","slug":"komplet-pro-34-gf","status":"publish","type":"product","link":"https:\/\/ibcparts.eu\/de\/produkt\/komplet-pro-34-gf\/","title":{"rendered":"PRO 3\/4\u2033 GF Set f\u00fcr IBC-Container"},"content":{"rendered":"","protected":false},"excerpt":{"rendered":"<p data-start=\"202\" data-end=\"453\" class=\" translation-block\">Anschluss-Auslaufhahn f\u00fcr IBC-Container mit PRO-Reduzieradapter und einer 3\/4\u2033 GardenFlow Metall-Auslaufhahn. Das Set ist bereits vormontiert und passt auf die meisten standardm\u00e4\u00dfigen IBC-Container mit grobem S60x6 (DN50) Gewinde, dem am h\u00e4ufigsten verwendeten Ventiltyp bei IBC-Containern.<\/p>\n<p data-start=\"455\" data-end=\"821\" class=\" translation-block\">Der 3\/4\u2033 GardenFlow-Auslaufhahn ist die g\u00e4ngigste Wahl f\u00fcr die Verwendung mit einem \u201eClick\u201c-Gartenschlauchanschluss (Schlauch-Innendurchmesser ca. 9 mm) und erm\u00f6glicht zudem das direkte Umf\u00fcllen von Wasser in eine Gie\u00dfkanne. Der Innendurchmesser des Hahns betr\u00e4gt 10 mm und sorgt f\u00fcr einen guten und gleichm\u00e4\u00dfigen Durchfluss. Auf den Hahn kann auch ein standardm\u00e4\u00dfiger \u201eClick\u201c-Gartenschlauchadapter aufgeschraubt werden (1\u2033 Gewindeanschluss).\nHR\n3\/4\u2033 GardenFlow slavina naj\u010de\u0161\u0107i je izbor za kori\u0161tenje s \u201eklik\u201c prikl<\/p>\n<p data-start=\"823\" data-end=\"1049\">Glavna prednost kompleta je\u00a0<strong data-start=\"920\" data-end=\"935\">Reducir PRO<\/strong>, izdelan iz visokokakovostnega materiala (\u010disti PP, stru\u017een iz enega kosa, masiven) in opremljen z\u00a0<strong data-start=\"992\" data-end=\"1054\">NB\/SB gumijastim tesnilom. Certificirano za stik z \u017eivili<\/strong>. Na trgu pogosto najdemo zelo podobne, vendar z bistveno tanj\u0161o steno.<\/p>\n<p data-start=\"1051\" data-end=\"1205\" class=\" translation-block\">Am Auslaufhahn ist ein Kunststoffsieb zur Strahlformung angebracht, das bei Verunreinigungen im Beh\u00e4lter bei Bedarf einfach entfernt werden kann.<\/p>\n<p data-start=\"1207\" data-end=\"1229\"><strong data-start=\"1207\" data-end=\"1229\">Die wichtigsten Vorteile:<\/strong><\/p>\n<ul>\n<li data-start=\"1232\" data-end=\"1269\" class=\" translation-block\">Anschluss-Auslaufhahn f\u00fcr IBC-Container<\/li>\n<li data-start=\"1272\" data-end=\"1323\" class=\" translation-block\">Adapter mit Auslaufhahn f\u00fcr IBC-Ventil S60x6 \/ DN50<\/li>\n<li data-start=\"1326\" data-end=\"1364\" class=\" translation-block\">PRO-Reduzieradapter mit NB\/SB-Dichtung (f\u00fcr Lebensmittelkontakt geeignet)<\/li>\n<li data-start=\"1367\" data-end=\"1402\" class=\" translation-block\">3\/4\u2033 GardenFlow Metall-Auslaufhahn<\/li>\n<li data-start=\"1405\" data-end=\"1450\">Geeignet f\u00fcr den Anschluss eines Gartenschlauchs und zur Bew\u00e4sserung<\/li>\n<\/ul>\n<p class=\" translation-block\">Wenn Ihr Container ein anderes Ventil hat, k\u00f6nnen Sie den Ventiltyp <a href=\"https:\/\/ibcparts.eu\/de\/ibc-info\/\" target=\"_self\">hier<\/a> \u00fcberpr\u00fcfen und anschlie\u00dfend den passenden Adapter ausw\u00e4hlen. Wenn Sie sich dennoch nicht ganz sicher sind, kontaktieren Sie uns bitte.<\/p>","protected":false},"featured_media":16236,"template":"","meta":[],"product_brand":[],"product_cat":[173],"product_tag":[],"class_list":{"0":"post-16235","1":"product","2":"type-product","3":"status-publish","4":"has-post-thumbnail","6":"product_cat-kompleti-pro","8":"first","9":"instock","10":"shipping-taxable","11":"purchasable","12":"product-type-simple"},"yoast_head":"<!-- This site is optimized with the Yoast SEO plugin v27.1.1 - https:\/\/yoast.com\/product\/yoast-seo-wordpress\/ -->\n<title>Komplet PRO\u00a03\/4&quot; GF za IBC cisterno | IBCparts.eu<\/title>\n<meta name=\"description\" content=\"Adapter s pipo za IBC cisterno S60x6 (DN50) z 3\/4\u2033 GardenFlow kovinsko pipo in Reducirjem PRO. Zanesno tesnjenje, primeren za vrtno cev in zalivanje.\" \/>\n<meta name=\"robots\" content=\"index, follow, max-snippet:-1, max-image-preview:large, max-video-preview:-1\" \/>\n<link rel=\"canonical\" href=\"https:\/\/ibcparts.eu\/de\/produkt\/komplet-pro-34-gf\/\" \/>\n<meta property=\"og:locale\" content=\"de_DE\" \/>\n<meta property=\"og:type\" content=\"article\" \/>\n<meta property=\"og:title\" content=\"Komplet PRO\u00a03\/4&quot; GF za IBC cisterno | IBCparts.eu\" \/>\n<meta property=\"og:description\" content=\"Adapter s pipo za IBC cisterno S60x6 (DN50) z 3\/4\u2033 GardenFlow kovinsko pipo in Reducirjem PRO. Zanesno tesnjenje, primeren za vrtno cev in zalivanje.\" \/>\n<meta property=\"og:url\" content=\"https:\/\/ibcparts.eu\/de\/produkt\/komplet-pro-34-gf\/\" \/>\n<meta property=\"og:site_name\" content=\"IBCparts.eu\" \/>\n<meta property=\"article:modified_time\" content=\"2026-02-09T06:57:27+00:00\" \/>\n<meta property=\"og:image\" content=\"https:\/\/ibcparts.eu\/wp-content\/uploads\/2024\/02\/komplet-pro-34-gf.png\" \/>\n\t<meta property=\"og:image:width\" content=\"500\" \/>\n\t<meta property=\"og:image:height\" content=\"500\" \/>\n\t<meta property=\"og:image:type\" content=\"image\/png\" \/>\n<meta name=\"twitter:card\" content=\"summary_large_image\" \/>\n<script type=\"application\/ld+json\" class=\"yoast-schema-graph\">{\"@context\":\"https:\/\/schema.org\",\"@graph\":[{\"@type\":\"WebPage\",\"@id\":\"https:\/\/ibcparts.eu\/izdelek\/komplet-pro-34-gf\/\",\"url\":\"https:\/\/ibcparts.eu\/izdelek\/komplet-pro-34-gf\/\",\"name\":\"Komplet PRO\u00a03\/4\\\" GF za IBC cisterno | IBCparts.eu\",\"isPartOf\":{\"@id\":\"https:\/\/ibcparts.eu\/#website\"},\"primaryImageOfPage\":{\"@id\":\"https:\/\/ibcparts.eu\/izdelek\/komplet-pro-34-gf\/#primaryimage\"},\"image\":{\"@id\":\"https:\/\/ibcparts.eu\/izdelek\/komplet-pro-34-gf\/#primaryimage\"},\"thumbnailUrl\":\"https:\/\/ibcparts.eu\/wp-content\/uploads\/2024\/02\/komplet-pro-34-gf.png\",\"datePublished\":\"2024-02-01T10:42:33+00:00\",\"dateModified\":\"2026-02-09T06:57:27+00:00\",\"description\":\"Adapter s pipo za IBC cisterno S60x6 (DN50) z 3\/4\u2033 GardenFlow kovinsko pipo in Reducirjem PRO. Zanesno tesnjenje, primeren za vrtno cev in zalivanje.\",\"breadcrumb\":{\"@id\":\"https:\/\/ibcparts.eu\/izdelek\/komplet-pro-34-gf\/#breadcrumb\"},\"inLanguage\":\"de\",\"potentialAction\":[{\"@type\":\"ReadAction\",\"target\":[\"https:\/\/ibcparts.eu\/izdelek\/komplet-pro-34-gf\/\"]}]},{\"@type\":\"ImageObject\",\"inLanguage\":\"de\",\"@id\":\"https:\/\/ibcparts.eu\/izdelek\/komplet-pro-34-gf\/#primaryimage\",\"url\":\"https:\/\/ibcparts.eu\/wp-content\/uploads\/2024\/02\/komplet-pro-34-gf.png\",\"contentUrl\":\"https:\/\/ibcparts.eu\/wp-content\/uploads\/2024\/02\/komplet-pro-34-gf.png\",\"width\":500,\"height\":500},{\"@type\":\"BreadcrumbList\",\"@id\":\"https:\/\/ibcparts.eu\/izdelek\/komplet-pro-34-gf\/#breadcrumb\",\"itemListElement\":[{\"@type\":\"ListItem\",\"position\":1,\"name\":\"Home\",\"item\":\"https:\/\/ibcparts.eu\/\"},{\"@type\":\"ListItem\",\"position\":2,\"name\":\"Nakupujte\",\"item\":\"https:\/\/ibcparts.eu\/nakupujte\/\"},{\"@type\":\"ListItem\",\"position\":3,\"name\":\"Komplet PRO\u00a03\/4&#8243; GF za IBC cisterno\"}]},{\"@type\":\"WebSite\",\"@id\":\"https:\/\/ibcparts.eu\/#website\",\"url\":\"https:\/\/ibcparts.eu\/\",\"name\":\"IBCparts.eu\",\"description\":\"\",\"publisher\":{\"@id\":\"https:\/\/ibcparts.eu\/#organization\"},\"potentialAction\":[{\"@type\":\"SearchAction\",\"target\":{\"@type\":\"EntryPoint\",\"urlTemplate\":\"https:\/\/ibcparts.eu\/?s={search_term_string}\"},\"query-input\":{\"@type\":\"PropertyValueSpecification\",\"valueRequired\":true,\"valueName\":\"search_term_string\"}}],\"inLanguage\":\"de\"},{\"@type\":\"Organization\",\"@id\":\"https:\/\/ibcparts.eu\/#organization\",\"name\":\"IBCparts\",\"url\":\"https:\/\/ibcparts.eu\/\",\"logo\":{\"@type\":\"ImageObject\",\"inLanguage\":\"de\",\"@id\":\"https:\/\/ibcparts.eu\/#\/schema\/logo\/image\/\",\"url\":\"https:\/\/ibcparts.eu\/wp-content\/uploads\/2021\/10\/Footer-Logo.png\",\"contentUrl\":\"https:\/\/ibcparts.eu\/wp-content\/uploads\/2021\/10\/Footer-Logo.png\",\"width\":1992,\"height\":772,\"caption\":\"IBCparts\"},\"image\":{\"@id\":\"https:\/\/ibcparts.eu\/#\/schema\/logo\/image\/\"}}]}<\/script>\n<!-- \/ Yoast SEO plugin. -->","yoast_head_json":{"title":"Komplet PRO\u00a03\/4\" GF za IBC cisterno | IBCparts.eu","description":"Adapter s pipo za IBC cisterno S60x6 (DN50) z 3\/4\u2033 GardenFlow kovinsko pipo in Reducirjem PRO. Zanesno tesnjenje, primeren za vrtno cev in zalivanje.","robots":{"index":"index","follow":"follow","max-snippet":"max-snippet:-1","max-image-preview":"max-image-preview:large","max-video-preview":"max-video-preview:-1"},"canonical":"https:\/\/ibcparts.eu\/de\/produkt\/komplet-pro-34-gf\/","og_locale":"de_DE","og_type":"article","og_title":"Komplet PRO\u00a03\/4\" GF za IBC cisterno | IBCparts.eu","og_description":"Adapter s pipo za IBC cisterno S60x6 (DN50) z 3\/4\u2033 GardenFlow kovinsko pipo in Reducirjem PRO. Zanesno tesnjenje, primeren za vrtno cev in zalivanje.","og_url":"https:\/\/ibcparts.eu\/de\/produkt\/komplet-pro-34-gf\/","og_site_name":"IBCparts.eu","article_modified_time":"2026-02-09T06:57:27+00:00","og_image":[{"width":500,"height":500,"url":"https:\/\/ibcparts.eu\/wp-content\/uploads\/2024\/02\/komplet-pro-34-gf.png","type":"image\/png"}],"twitter_card":"summary_large_image","schema":{"@context":"https:\/\/schema.org","@graph":[{"@type":"WebPage","@id":"https:\/\/ibcparts.eu\/izdelek\/komplet-pro-34-gf\/","url":"https:\/\/ibcparts.eu\/izdelek\/komplet-pro-34-gf\/","name":"Komplet PRO\u00a03\/4\" GF za IBC cisterno | IBCparts.eu","isPartOf":{"@id":"https:\/\/ibcparts.eu\/#website"},"primaryImageOfPage":{"@id":"https:\/\/ibcparts.eu\/izdelek\/komplet-pro-34-gf\/#primaryimage"},"image":{"@id":"https:\/\/ibcparts.eu\/izdelek\/komplet-pro-34-gf\/#primaryimage"},"thumbnailUrl":"https:\/\/ibcparts.eu\/wp-content\/uploads\/2024\/02\/komplet-pro-34-gf.png","datePublished":"2024-02-01T10:42:33+00:00","dateModified":"2026-02-09T06:57:27+00:00","description":"Adapter s pipo za IBC cisterno S60x6 (DN50) z 3\/4\u2033 GardenFlow kovinsko pipo in Reducirjem PRO. Zanesno tesnjenje, primeren za vrtno cev in zalivanje.","breadcrumb":{"@id":"https:\/\/ibcparts.eu\/izdelek\/komplet-pro-34-gf\/#breadcrumb"},"inLanguage":"de","potentialAction":[{"@type":"ReadAction","target":["https:\/\/ibcparts.eu\/izdelek\/komplet-pro-34-gf\/"]}]},{"@type":"ImageObject","inLanguage":"de","@id":"https:\/\/ibcparts.eu\/izdelek\/komplet-pro-34-gf\/#primaryimage","url":"https:\/\/ibcparts.eu\/wp-content\/uploads\/2024\/02\/komplet-pro-34-gf.png","contentUrl":"https:\/\/ibcparts.eu\/wp-content\/uploads\/2024\/02\/komplet-pro-34-gf.png","width":500,"height":500},{"@type":"BreadcrumbList","@id":"https:\/\/ibcparts.eu\/izdelek\/komplet-pro-34-gf\/#breadcrumb","itemListElement":[{"@type":"ListItem","position":1,"name":"Home","item":"https:\/\/ibcparts.eu\/"},{"@type":"ListItem","position":2,"name":"Nakupujte","item":"https:\/\/ibcparts.eu\/nakupujte\/"},{"@type":"ListItem","position":3,"name":"Komplet PRO\u00a03\/4&#8243; GF za IBC cisterno"}]},{"@type":"WebSite","@id":"https:\/\/ibcparts.eu\/#website","url":"https:\/\/ibcparts.eu\/","name":"IBC-Teile.eu","description":"","publisher":{"@id":"https:\/\/ibcparts.eu\/#organization"},"potentialAction":[{"@type":"SearchAction","target":{"@type":"EntryPoint","urlTemplate":"https:\/\/ibcparts.eu\/?s={search_term_string}"},"query-input":{"@type":"PropertyValueSpecification","valueRequired":true,"valueName":"search_term_string"}}],"inLanguage":"de"},{"@type":"Organization","@id":"https:\/\/ibcparts.eu\/#organization","name":"IBC-Teile","url":"https:\/\/ibcparts.eu\/","logo":{"@type":"ImageObject","inLanguage":"de","@id":"https:\/\/ibcparts.eu\/#\/schema\/logo\/image\/","url":"https:\/\/ibcparts.eu\/wp-content\/uploads\/2021\/10\/Footer-Logo.png","contentUrl":"https:\/\/ibcparts.eu\/wp-content\/uploads\/2021\/10\/Footer-Logo.png","width":1992,"height":772,"caption":"IBCparts"},"image":{"@id":"https:\/\/ibcparts.eu\/#\/schema\/logo\/image\/"}}]}},"_links":{"self":[{"href":"https:\/\/ibcparts.eu\/de\/wp-json\/wp\/v2\/product\/16235","targetHints":{"allow":["GET"]}}],"collection":[{"href":"https:\/\/ibcparts.eu\/de\/wp-json\/wp\/v2\/product"}],"about":[{"href":"https:\/\/ibcparts.eu\/de\/wp-json\/wp\/v2\/types\/product"}],"version-history":[{"count":4,"href":"https:\/\/ibcparts.eu\/de\/wp-json\/wp\/v2\/product\/16235\/revisions"}],"predecessor-version":[{"id":20544,"href":"https:\/\/ibcparts.eu\/de\/wp-json\/wp\/v2\/product\/16235\/revisions\/20544"}],"wp:featuredmedia":[{"embeddable":true,"href":"https:\/\/ibcparts.eu\/de\/wp-json\/wp\/v2\/media\/16236"}],"wp:attachment":[{"href":"https:\/\/ibcparts.eu\/de\/wp-json\/wp\/v2\/media?parent=16235"}],"wp:term":[{"taxonomy":"product_brand","embeddable":true,"href":"https:\/\/ibcparts.eu\/de\/wp-json\/wp\/v2\/product_brand?post=16235"},{"taxonomy":"product_cat","embeddable":true,"href":"https:\/\/ibcparts.eu\/de\/wp-json\/wp\/v2\/product_cat?post=16235"},{"taxonomy":"product_tag","embeddable":true,"href":"https:\/\/ibcparts.eu\/de\/wp-json\/wp\/v2\/product_tag?post=16235"}],"curies":[{"name":"wp","href":"https:\/\/api.w.org\/{rel}","templated":true}]}}