{"id":16127,"date":"2024-01-26T12:09:31","date_gmt":"2024-01-26T11:09:31","guid":{"rendered":"https:\/\/ibcparts.eu\/?post_type=product&#038;p=16127"},"modified":"2026-03-29T17:35:10","modified_gmt":"2026-03-29T16:35:10","slug":"oddusnik-easy","status":"publish","type":"product","link":"https:\/\/ibcparts.eu\/de\/produkt\/oddusnik-easy\/","title":{"rendered":"Oddu\u0161nik AirVent za v pokrov IBC cisterne \u2013 nizek profil (2\u2033 BSP ali S56x4)"},"content":{"rendered":"","protected":false},"excerpt":{"rendered":"<p data-start=\"640\" data-end=\"905\" class=\" translation-block\">Die <strong>AirVent<\/strong> Entl\u00fcftung ist f\u00fcr eine <strong>zuverl\u00e4ssige und sichere Entl\u00fcftung von IBC-Containern<\/strong> konzipiert, insbesondere wenn <strong>zwei Container vertikal \u00fcbereinander aufgestellt sind<\/strong>.<br>Dank ihres <strong>extrem niedrigen Profils<\/strong> verhindert sie mechanische Probleme, die auftreten k\u00f6nnen, wenn der obere Container voll ist.<\/p>\n<hr data-start=\"907\" data-end=\"910\" \/>\n<h2 data-start=\"912\" data-end=\"987\">\ud83d\udccc WICHTIGE VORTEILE<\/h2>\n<ul>\n<li class=\" translation-block\">\u2705 vorgesehen f\u00fcr die <strong>Entl\u00fcftung des unteren IBC-Containers<\/strong><\/li>\n<li class=\" translation-block\">\u2705 ideal f\u00fcr <strong>DUO vertikale Systeme<\/strong><\/li>\n<li class=\" translation-block\">\u2705 <strong>sehr niedriges Profil<\/strong> \u2013 keine Gefahr eines Kontakts mit dem oberen Container<\/li>\n<li class=\" translation-block\">\u2705 verhindert <strong>Aufbl\u00e4hen und Unterdruck<\/strong><\/li>\n<li class=\" translation-block\">\u2705 Montage im <strong>2\u2033 zentralen Gewinde des Deckels<\/strong><\/li>\n<li class=\" translation-block\">\u2705 erh\u00e4ltlich in <strong>16 mm (1\/2\u2033)<\/strong> und <strong>20 mm (3\/4\u2033)<\/strong> Ausf\u00fchrung<\/li>\n<\/ul>\n<hr data-start=\"1351\" data-end=\"1354\" \/>\n<h2 data-start=\"1356\" data-end=\"1393\">\ud83d\udd0d PRODUKTBESCHREIBUNG<\/h2>\n<p data-start=\"1395\" data-end=\"1651\" class=\" translation-block\">Diese Entl\u00fcftung ist f\u00fcr die <strong>einfache und effiziente Entl\u00fcftung des unteren IBC-Containers<\/strong> vorgesehen, wenn die Container <strong>\u00fcbereinander aufgestellt sind<\/strong>.<br>Wichtig ist, dass der <strong>obere Container keinen mittleren St\u00fctzfu\u00df hat<\/strong>, was bei den meisten IBC-Containern auf einer <strong>Metallpalette<\/strong> der Fall ist.<\/p>\n<p data-start=\"1653\" data-end=\"1921\" class=\" translation-block\">Eine Besonderheit der <strong>AirVent<\/strong> Entl\u00fcftung ist ihr <strong>extrem niedriges Profil<\/strong>. Wenn der obere Container voll ist, biegt sich sein Boden durch das Gewicht leicht nach unten. H\u00f6here Entl\u00fcftungen k\u00f6nnen in solchen F\u00e4llen mechanische Probleme oder Sch\u00e4den verursachen.<br>Mit der AirVent-L\u00f6sung k\u00f6nnen Sie <strong>unbesorgt sein<\/strong>.<\/p>\n<hr data-start=\"1923\" data-end=\"1926\" \/>\n<h2 data-start=\"1928\" data-end=\"1959\">\ud83d\udd29 MONTAGE UND KOMPATIBILIT\u00c4T<\/h2>\n<p><em>Pred nakupom preverite navoj na sredini zgornjega pokrova va\u0161e IBC cisterne, saj niso vsi enaki.<\/em><\/p>\n<p><em>Navoj je lahko fini <strong>2\u2033 BSP<\/strong>\u00a0(najpogosteje pri Schutz cisternah) ali pa grob\u00a0<strong>S56\u00d74<\/strong>\u00a0(korak 4 mm, obi\u010dajno pri Mauser cisternah).<\/em><\/p>\n<p data-start=\"1961\" data-end=\"2047\">Oddu\u0161nik se <strong data-start=\"1973\" data-end=\"2030\">privije v pokrov IBC cisterne s sredinskim navojem.<\/strong><\/p>\n<hr data-start=\"2274\" data-end=\"2277\" \/>\n<h2 data-start=\"2279\" data-end=\"2315\">\ud83d\udca8 WARUM EIN 3\/4\u2033 (20 mm) ANSCHLUSS?<\/h2>\n<p data-start=\"2317\" data-end=\"2539\" class=\" translation-block\">Die \u00fcbliche Verbindung zwischen zwei IBC-Containern ist <strong>1\u2033 (32 mm)<\/strong>.<br>So viel Wasser aus dem oberen Container in den unteren flie\u00dft, <strong>muss auch die gleiche Menge Luft am oberen Teil des unteren Containers austreten<\/strong>. Entscheidend ist das <strong>Luftdurchflussvolumen<\/strong> \u2013 Physik.<\/p>\n<p data-start=\"2541\" data-end=\"2636\" class=\" translation-block\">Bei Tests haben wir festgestellt, dass ein <strong>20 mm (3\/4\u2033)<\/strong> Innendurchmesser des Schlauchs die <strong>optimale Wahl<\/strong> ist:<\/p>\n<ul>\n<li data-start=\"2639\" data-end=\"2729\" class=\" translation-block\">Gartenschlauch (kleinerer Durchmesser) \u2192 Luft entweicht zu langsam \u2192 <strong>Aufbl\u00e4hen oder Zusammendr\u00fccken des Containers<\/strong><\/li>\n<li data-start=\"2732\" data-end=\"2779\" class=\" translation-block\">1\u2033 (32 mm) \u2192 kann <strong>H\u00f6henprobleme<\/strong> verursachen<\/li>\n<\/ul>\n<hr data-start=\"2781\" data-end=\"2784\" \/>\n<h2 data-start=\"2786\" data-end=\"2827\">\ud83d\udd04 VERWENDUNG IM DUO VERTIKAL \/ 4X SYSTEM<\/h2>\n<ul>\n<li data-start=\"2831\" data-end=\"2895\" class=\" translation-block\">schlie\u00dfen Sie einen <strong>3\/4\u2033 Schlauch (20 mm Innendurchmesser)<\/strong> an die <strong>Schlaucht\u00fclle<\/strong> an<\/li>\n<li data-start=\"2898\" data-end=\"2947\" class=\" translation-block\">befestigen Sie den Schlauch <strong>oberhalb des h\u00f6chsten Wasserstands<\/strong><\/li>\n<li data-start=\"2950\" data-end=\"2995\" class=\" translation-block\">der Container kann <strong>atmen<\/strong>, w\u00e4hrend das Wasser <strong>nicht austritt<\/strong><\/li>\n<\/ul>\n<p data-start=\"2997\" data-end=\"3071\" class=\" translation-block\">\ud83d\udc49 In unserem Angebot haben wir einen <a href=\"https:\/\/ibcparts.eu\/izdelek\/armirana-cev34\/\" target=\"_self\"><strong>3\/4\u2033 verst\u00e4rkten Schlauch<\/strong><\/a>, Sie ben\u00f6tigen <strong>maximal 2 m<\/strong>.<\/p>\n<hr data-start=\"3073\" data-end=\"3076\" \/>\n<h2 data-start=\"3078\" data-end=\"3103\">\u2699\ufe0f OPTION 16 mm (1\/2\u2033)<\/h2>\n<p data-start=\"3105\" data-end=\"3235\" class=\" translation-block\">Die <strong>16 mm (1\/2\u2033)<\/strong> Version haben wir als <strong>Alternative<\/strong> beibehalten, falls sie aufgrund Ihrer speziellen Installation oder vorhandenen Schl\u00e4uche besser passt.<\/p>","protected":false},"featured_media":16742,"template":"","meta":[],"product_brand":[],"product_cat":[182,263,261],"product_tag":[368],"class_list":{"0":"post-16127","1":"product","2":"type-product","3":"status-publish","4":"has-post-thumbnail","6":"product_cat-ibc-cisterne-ventili-in-dodatki","7":"product_cat-oddusniki","8":"product_cat-pokrovi-za-ibc-cisterne","9":"product_tag-oddusnik-za-ibc-cisterno","11":"first","12":"instock","13":"shipping-taxable","14":"purchasable","15":"product-type-variable"},"yoast_head":"<!-- This site is optimized with the Yoast SEO plugin v27.1.1 - https:\/\/yoast.com\/product\/yoast-seo-wordpress\/ -->\n<title>Oddu\u0161nik AirVent za v pokrov IBC cisterne \u2013 nizek profil (2\u2033 BSP ali S56x4) | IBCparts.eu<\/title>\n<meta name=\"description\" content=\"Ta oddu\u0161nik je namenjen enostavnemu odzra\u010devanju spodnje IBC cisterne, \u010de imate postavitev ena nad drugo. Privijete ga v ustrezen pokrov spodnje cisterne.\" \/>\n<meta name=\"robots\" content=\"index, follow, max-snippet:-1, max-image-preview:large, max-video-preview:-1\" \/>\n<link rel=\"canonical\" href=\"https:\/\/ibcparts.eu\/de\/produkt\/oddusnik-easy\/\" \/>\n<meta property=\"og:locale\" content=\"de_DE\" \/>\n<meta property=\"og:type\" content=\"article\" \/>\n<meta property=\"og:title\" content=\"Oddu\u0161nik AirVent za v pokrov IBC cisterne \u2013 nizek profil (2\u2033 BSP ali S56x4) | IBCparts.eu\" \/>\n<meta property=\"og:description\" content=\"Ta oddu\u0161nik je namenjen enostavnemu odzra\u010devanju spodnje IBC cisterne, \u010de imate postavitev ena nad drugo. Privijete ga v ustrezen pokrov spodnje cisterne.\" \/>\n<meta property=\"og:url\" content=\"https:\/\/ibcparts.eu\/de\/produkt\/oddusnik-easy\/\" \/>\n<meta property=\"og:site_name\" content=\"IBCparts.eu\" \/>\n<meta property=\"article:modified_time\" content=\"2026-03-29T16:35:10+00:00\" \/>\n<meta property=\"og:image\" content=\"https:\/\/ibcparts.eu\/wp-content\/uploads\/2024\/01\/AirVent.png\" \/>\n\t<meta property=\"og:image:width\" content=\"500\" \/>\n\t<meta property=\"og:image:height\" content=\"500\" \/>\n\t<meta property=\"og:image:type\" content=\"image\/png\" \/>\n<meta name=\"twitter:card\" content=\"summary_large_image\" \/>\n<script type=\"application\/ld+json\" class=\"yoast-schema-graph\">{\"@context\":\"https:\/\/schema.org\",\"@graph\":[{\"@type\":\"WebPage\",\"@id\":\"https:\/\/ibcparts.eu\/izdelek\/oddusnik-easy\/\",\"url\":\"https:\/\/ibcparts.eu\/izdelek\/oddusnik-easy\/\",\"name\":\"Oddu\u0161nik AirVent za v pokrov IBC cisterne \u2013 nizek profil (2\u2033 BSP ali S56x4) | IBCparts.eu\",\"isPartOf\":{\"@id\":\"https:\/\/ibcparts.eu\/#website\"},\"primaryImageOfPage\":{\"@id\":\"https:\/\/ibcparts.eu\/izdelek\/oddusnik-easy\/#primaryimage\"},\"image\":{\"@id\":\"https:\/\/ibcparts.eu\/izdelek\/oddusnik-easy\/#primaryimage\"},\"thumbnailUrl\":\"https:\/\/ibcparts.eu\/wp-content\/uploads\/2024\/01\/AirVent.png\",\"datePublished\":\"2024-01-26T11:09:31+00:00\",\"dateModified\":\"2026-03-29T16:35:10+00:00\",\"description\":\"Ta oddu\u0161nik je namenjen enostavnemu odzra\u010devanju spodnje IBC cisterne, \u010de imate postavitev ena nad drugo. Privijete ga v ustrezen pokrov spodnje cisterne.\",\"breadcrumb\":{\"@id\":\"https:\/\/ibcparts.eu\/izdelek\/oddusnik-easy\/#breadcrumb\"},\"inLanguage\":\"de\",\"potentialAction\":[{\"@type\":\"ReadAction\",\"target\":[\"https:\/\/ibcparts.eu\/izdelek\/oddusnik-easy\/\"]}]},{\"@type\":\"ImageObject\",\"inLanguage\":\"de\",\"@id\":\"https:\/\/ibcparts.eu\/izdelek\/oddusnik-easy\/#primaryimage\",\"url\":\"https:\/\/ibcparts.eu\/wp-content\/uploads\/2024\/01\/AirVent.png\",\"contentUrl\":\"https:\/\/ibcparts.eu\/wp-content\/uploads\/2024\/01\/AirVent.png\",\"width\":500,\"height\":500,\"caption\":\"Oddu\u0161nik AirVent za monta\u017eo v pokrov IBC cisterne\"},{\"@type\":\"BreadcrumbList\",\"@id\":\"https:\/\/ibcparts.eu\/izdelek\/oddusnik-easy\/#breadcrumb\",\"itemListElement\":[{\"@type\":\"ListItem\",\"position\":1,\"name\":\"Home\",\"item\":\"https:\/\/ibcparts.eu\/\"},{\"@type\":\"ListItem\",\"position\":2,\"name\":\"Nakupujte\",\"item\":\"https:\/\/ibcparts.eu\/nakupujte\/\"},{\"@type\":\"ListItem\",\"position\":3,\"name\":\"Oddu\u0161nik AirVent za v pokrov IBC cisterne \u2013 nizek profil (2\u2033 BSP ali S56x4)\"}]},{\"@type\":\"WebSite\",\"@id\":\"https:\/\/ibcparts.eu\/#website\",\"url\":\"https:\/\/ibcparts.eu\/\",\"name\":\"IBCparts.eu\",\"description\":\"\",\"publisher\":{\"@id\":\"https:\/\/ibcparts.eu\/#organization\"},\"potentialAction\":[{\"@type\":\"SearchAction\",\"target\":{\"@type\":\"EntryPoint\",\"urlTemplate\":\"https:\/\/ibcparts.eu\/?s={search_term_string}\"},\"query-input\":{\"@type\":\"PropertyValueSpecification\",\"valueRequired\":true,\"valueName\":\"search_term_string\"}}],\"inLanguage\":\"de\"},{\"@type\":\"Organization\",\"@id\":\"https:\/\/ibcparts.eu\/#organization\",\"name\":\"IBCparts\",\"url\":\"https:\/\/ibcparts.eu\/\",\"logo\":{\"@type\":\"ImageObject\",\"inLanguage\":\"de\",\"@id\":\"https:\/\/ibcparts.eu\/#\/schema\/logo\/image\/\",\"url\":\"https:\/\/ibcparts.eu\/wp-content\/uploads\/2021\/10\/Footer-Logo.png\",\"contentUrl\":\"https:\/\/ibcparts.eu\/wp-content\/uploads\/2021\/10\/Footer-Logo.png\",\"width\":1992,\"height\":772,\"caption\":\"IBCparts\"},\"image\":{\"@id\":\"https:\/\/ibcparts.eu\/#\/schema\/logo\/image\/\"}}]}<\/script>\n<!-- \/ Yoast SEO plugin. -->","yoast_head_json":{"title":"Oddu\u0161nik AirVent za v pokrov IBC cisterne \u2013 nizek profil (2\u2033 BSP ali S56x4) | IBCparts.eu","description":"Diese Entl\u00fcftung dient zur einfachen Entl\u00fcftung des unteren IBC des Tanks, wenn Sie einen gestapelten Aufbau haben. Sie wird in den entsprechenden Deckel des unteren Tanks geschraubt.","robots":{"index":"index","follow":"follow","max-snippet":"max-snippet:-1","max-image-preview":"max-image-preview:large","max-video-preview":"max-video-preview:-1"},"canonical":"https:\/\/ibcparts.eu\/de\/produkt\/oddusnik-easy\/","og_locale":"de_DE","og_type":"article","og_title":"Oddu\u0161nik AirVent za v pokrov IBC cisterne \u2013 nizek profil (2\u2033 BSP ali S56x4) | IBCparts.eu","og_description":"Ta oddu\u0161nik je namenjen enostavnemu odzra\u010devanju spodnje IBC cisterne, \u010de imate postavitev ena nad drugo. Privijete ga v ustrezen pokrov spodnje cisterne.","og_url":"https:\/\/ibcparts.eu\/de\/produkt\/oddusnik-easy\/","og_site_name":"IBCparts.eu","article_modified_time":"2026-03-29T16:35:10+00:00","og_image":[{"width":500,"height":500,"url":"https:\/\/ibcparts.eu\/wp-content\/uploads\/2024\/01\/AirVent.png","type":"image\/png"}],"twitter_card":"summary_large_image","schema":{"@context":"https:\/\/schema.org","@graph":[{"@type":"WebPage","@id":"https:\/\/ibcparts.eu\/izdelek\/oddusnik-easy\/","url":"https:\/\/ibcparts.eu\/izdelek\/oddusnik-easy\/","name":"Oddu\u0161nik AirVent za v pokrov IBC cisterne \u2013 nizek profil (2\u2033 BSP ali S56x4) | IBCparts.eu","isPartOf":{"@id":"https:\/\/ibcparts.eu\/#website"},"primaryImageOfPage":{"@id":"https:\/\/ibcparts.eu\/izdelek\/oddusnik-easy\/#primaryimage"},"image":{"@id":"https:\/\/ibcparts.eu\/izdelek\/oddusnik-easy\/#primaryimage"},"thumbnailUrl":"https:\/\/ibcparts.eu\/wp-content\/uploads\/2024\/01\/AirVent.png","datePublished":"2024-01-26T11:09:31+00:00","dateModified":"2026-03-29T16:35:10+00:00","description":"Diese Entl\u00fcftung dient zur einfachen Entl\u00fcftung des unteren IBC des Tanks, wenn Sie einen gestapelten Aufbau haben. Sie wird in den entsprechenden Deckel des unteren Tanks geschraubt.","breadcrumb":{"@id":"https:\/\/ibcparts.eu\/izdelek\/oddusnik-easy\/#breadcrumb"},"inLanguage":"de","potentialAction":[{"@type":"ReadAction","target":["https:\/\/ibcparts.eu\/izdelek\/oddusnik-easy\/"]}]},{"@type":"ImageObject","inLanguage":"de","@id":"https:\/\/ibcparts.eu\/izdelek\/oddusnik-easy\/#primaryimage","url":"https:\/\/ibcparts.eu\/wp-content\/uploads\/2024\/01\/AirVent.png","contentUrl":"https:\/\/ibcparts.eu\/wp-content\/uploads\/2024\/01\/AirVent.png","width":500,"height":500,"caption":"Oddu\u0161nik AirVent za monta\u017eo v pokrov IBC cisterne"},{"@type":"BreadcrumbList","@id":"https:\/\/ibcparts.eu\/izdelek\/oddusnik-easy\/#breadcrumb","itemListElement":[{"@type":"ListItem","position":1,"name":"Home","item":"https:\/\/ibcparts.eu\/"},{"@type":"ListItem","position":2,"name":"Nakupujte","item":"https:\/\/ibcparts.eu\/nakupujte\/"},{"@type":"ListItem","position":3,"name":"Oddu\u0161nik AirVent za v pokrov IBC cisterne \u2013 nizek profil (2\u2033 BSP ali S56x4)"}]},{"@type":"WebSite","@id":"https:\/\/ibcparts.eu\/#website","url":"https:\/\/ibcparts.eu\/","name":"IBC-Teile.eu","description":"","publisher":{"@id":"https:\/\/ibcparts.eu\/#organization"},"potentialAction":[{"@type":"SearchAction","target":{"@type":"EntryPoint","urlTemplate":"https:\/\/ibcparts.eu\/?s={search_term_string}"},"query-input":{"@type":"PropertyValueSpecification","valueRequired":true,"valueName":"search_term_string"}}],"inLanguage":"de"},{"@type":"Organization","@id":"https:\/\/ibcparts.eu\/#organization","name":"IBC-Teile","url":"https:\/\/ibcparts.eu\/","logo":{"@type":"ImageObject","inLanguage":"de","@id":"https:\/\/ibcparts.eu\/#\/schema\/logo\/image\/","url":"https:\/\/ibcparts.eu\/wp-content\/uploads\/2021\/10\/Footer-Logo.png","contentUrl":"https:\/\/ibcparts.eu\/wp-content\/uploads\/2021\/10\/Footer-Logo.png","width":1992,"height":772,"caption":"IBCparts"},"image":{"@id":"https:\/\/ibcparts.eu\/#\/schema\/logo\/image\/"}}]}},"_links":{"self":[{"href":"https:\/\/ibcparts.eu\/de\/wp-json\/wp\/v2\/product\/16127","targetHints":{"allow":["GET"]}}],"collection":[{"href":"https:\/\/ibcparts.eu\/de\/wp-json\/wp\/v2\/product"}],"about":[{"href":"https:\/\/ibcparts.eu\/de\/wp-json\/wp\/v2\/types\/product"}],"version-history":[{"count":3,"href":"https:\/\/ibcparts.eu\/de\/wp-json\/wp\/v2\/product\/16127\/revisions"}],"predecessor-version":[{"id":20844,"href":"https:\/\/ibcparts.eu\/de\/wp-json\/wp\/v2\/product\/16127\/revisions\/20844"}],"wp:featuredmedia":[{"embeddable":true,"href":"https:\/\/ibcparts.eu\/de\/wp-json\/wp\/v2\/media\/16742"}],"wp:attachment":[{"href":"https:\/\/ibcparts.eu\/de\/wp-json\/wp\/v2\/media?parent=16127"}],"wp:term":[{"taxonomy":"product_brand","embeddable":true,"href":"https:\/\/ibcparts.eu\/de\/wp-json\/wp\/v2\/product_brand?post=16127"},{"taxonomy":"product_cat","embeddable":true,"href":"https:\/\/ibcparts.eu\/de\/wp-json\/wp\/v2\/product_cat?post=16127"},{"taxonomy":"product_tag","embeddable":true,"href":"https:\/\/ibcparts.eu\/de\/wp-json\/wp\/v2\/product_tag?post=16127"}],"curies":[{"name":"wp","href":"https:\/\/api.w.org\/{rel}","templated":true}]}}