{"id":16086,"date":"2024-01-25T08:50:59","date_gmt":"2024-01-25T07:50:59","guid":{"rendered":"https:\/\/ibcparts.eu\/?post_type=product&#038;p=16086"},"modified":"2024-01-25T09:10:26","modified_gmt":"2024-01-25T08:10:26","slug":"nadomestek-ventila-s80","status":"publish","type":"product","link":"https:\/\/ibcparts.eu\/de\/produkt\/ersatzventil-s80\/","title":{"rendered":"S80 Ventilersatz (w\u00e4hlen Sie aus 8 Varianten)"},"content":{"rendered":"","protected":false},"excerpt":{"rendered":"<p>Ersatzventil f\u00fcr IBC-Tank mit Gewinde fi 80 mm, Gewindesteigung 6 mm.<\/p>\n<p>Gewindebezeichnung S80x6.<\/p>\n<p>&nbsp;<\/p>\n<p>Es wird anstelle des Originalventils am Tank verwendet, wenn das Gewinde am Tank S80x6 ist.<\/p>\n<p>F\u00fcr weitere Informationen zu den verschiedenen Tankgewinden klicken Sie bitte hier: <a href=\"https:\/\/ibcparts.eu\/ibc-info\/\">IBCINFO<\/a><\/p>\n<p>Im Paket erhalten Sie:<\/p>\n<p>Reducir R80, Verl\u00e4ngerung, Hahn\/Ventil, Gummidichtung.<\/p>\n<p>L\u00e4nge ca. 33 cm.<\/p>\n<p>&nbsp;<\/p>\n<p><strong>Bereits montiert.<\/strong><\/p>\n<p>&nbsp;<\/p>\n<p><strong>Bei uns erhalten Sie einen Bausatz, der genau auf Ihre Anforderungen zugeschnitten ist.<\/strong><\/p>\n<p><span style=\"font-size: small;\"><strong>Kurze Anmerkungen:<\/strong><\/span><\/p>\n<ul>\n<li><span style=\"font-size: small;\">Der 3\/4\u2033 GardenFlow Wasserhahn ist die \u00fcbliche Wahl bei Verwendung des \"Klick\"-Anschlusses f\u00fcr den Gartenschlauch (Innendurchmesser: 9 mm.) und gelegentlich auch f\u00fcr den direkten Durchfluss in den Regner. 3\/4\u2033 Hahn Innendurchmesser: 10 mm.<\/span><\/li>\n<li><span style=\"font-size: small;\">Der 3\/4\u2033 HighFlow Wasserhahn ist eine gute Wahl, wenn Sie den \"Klick\"-Anschluss f\u00fcr den Gartenschlauch (Innendurchmesser: 9 mm) verwenden und den Klick-Anschluss f\u00fcr einen schnelleren Durchfluss zum Regner entfernen. Innendurchmesser des 3\/4\u2033 Wasserhahns: 12 mm.<\/span><\/li>\n<li><span style=\"font-size: small;\">Der 3\/4\u2033 PRO Doppelhahn ist sehr n\u00fctzlich, da er einen permanenten Anschluss an den Gartenschlauch erm\u00f6glicht und der Durchfluss zum Regner sehr gut ist, auch wenn beide Ausg\u00e4nge gleichzeitig ge\u00f6ffnet sind - 12 mm Innendurchmesser.<\/span><\/li>\n<li><span style=\"font-size: small;\">Der 1\u2033 QuickFlow-Hahn sorgt f\u00fcr den schnellstm\u00f6glichen Durchfluss in die Gie\u00dfkanne. Sie k\u00f6nnen jedoch keinen Gartenschlauch daran anschlie\u00dfen. Innendurchmesser: 15 mm.<\/span><\/li>\n<li><span style=\"font-size: small;\">Ventile haben eine h\u00f6here Durchflussrate als Wasserh\u00e4hne.<\/span><\/li>\n<li><span style=\"font-size: small;\">Alle Wasserh\u00e4hne haben am Auslauf ein Kunststoffgitter, das den Auslauf bildet. Wenn sich Verunreinigungen im Tank befinden, k\u00f6nnen sie sich in diesem Netz verfangen und der Durchfluss wird nicht mehr maximiert. Dieses Netz kann leicht entfernt werden.<\/span><\/li>\n<\/ul>","protected":false},"featured_media":16060,"template":"","meta":[],"product_brand":[],"product_cat":[182,311,260],"product_tag":[],"class_list":{"0":"post-16086","1":"product","2":"type-product","3":"status-publish","4":"has-post-thumbnail","6":"product_cat-ibc-cisterne-ventili-in-dodatki","7":"product_cat-s80x6-ventili-in-nadomestki-ventilov","8":"product_cat-ventili-in-nadomestki-ventilov","10":"first","11":"instock","12":"sale","13":"shipping-taxable","14":"purchasable","15":"product-type-variable"},"yoast_head":"<!-- This site is optimized with the Yoast SEO plugin v27.1.1 - https:\/\/yoast.com\/product\/yoast-seo-wordpress\/ -->\n<title>Nadomestek ventila S80 (izberite med 8 variacijami) | IBCparts.eu<\/title>\n<meta name=\"description\" content=\"Nadomestek ventila za IBC cisterno z navojem S80x6 (fi 80 mm).\u200b Korak navoja 6mm. Dol\u017eina cca 33 cm. Nadomestite originalni ventil.\" \/>\n<meta name=\"robots\" content=\"index, follow, max-snippet:-1, max-image-preview:large, max-video-preview:-1\" \/>\n<link rel=\"canonical\" href=\"https:\/\/ibcparts.eu\/de\/produkt\/ersatzventil-s80\/\" \/>\n<meta property=\"og:locale\" content=\"de_DE\" \/>\n<meta property=\"og:type\" content=\"article\" \/>\n<meta property=\"og:title\" content=\"Nadomestek ventila S80 (izberite med 8 variacijami) | IBCparts.eu\" \/>\n<meta property=\"og:description\" content=\"Nadomestek ventila za IBC cisterno z navojem S80x6 (fi 80 mm).\u200b Korak navoja 6mm. Dol\u017eina cca 33 cm. Nadomestite originalni ventil.\" \/>\n<meta property=\"og:url\" content=\"https:\/\/ibcparts.eu\/de\/produkt\/ersatzventil-s80\/\" \/>\n<meta property=\"og:site_name\" content=\"IBCparts.eu\" \/>\n<meta property=\"article:modified_time\" content=\"2024-01-25T08:10:26+00:00\" \/>\n<meta property=\"og:image\" content=\"https:\/\/ibcparts.eu\/wp-content\/uploads\/2024\/01\/Nadomestek-ventila-S75-PRO.jpg\" \/>\n\t<meta property=\"og:image:width\" content=\"745\" \/>\n\t<meta property=\"og:image:height\" content=\"1054\" \/>\n\t<meta property=\"og:image:type\" content=\"image\/jpeg\" \/>\n<meta name=\"twitter:card\" content=\"summary_large_image\" \/>\n<script type=\"application\/ld+json\" class=\"yoast-schema-graph\">{\"@context\":\"https:\/\/schema.org\",\"@graph\":[{\"@type\":\"WebPage\",\"@id\":\"https:\/\/ibcparts.eu\/izdelek\/nadomestek-ventila-s80\/\",\"url\":\"https:\/\/ibcparts.eu\/izdelek\/nadomestek-ventila-s80\/\",\"name\":\"Nadomestek ventila S80 (izberite med 8 variacijami) | IBCparts.eu\",\"isPartOf\":{\"@id\":\"https:\/\/ibcparts.eu\/#website\"},\"primaryImageOfPage\":{\"@id\":\"https:\/\/ibcparts.eu\/izdelek\/nadomestek-ventila-s80\/#primaryimage\"},\"image\":{\"@id\":\"https:\/\/ibcparts.eu\/izdelek\/nadomestek-ventila-s80\/#primaryimage\"},\"thumbnailUrl\":\"https:\/\/ibcparts.eu\/wp-content\/uploads\/2024\/01\/Nadomestek-ventila-S75-PRO.jpg\",\"datePublished\":\"2024-01-25T07:50:59+00:00\",\"dateModified\":\"2024-01-25T08:10:26+00:00\",\"description\":\"Nadomestek ventila za IBC cisterno z navojem S80x6 (fi 80 mm).\u200b Korak navoja 6mm. Dol\u017eina cca 33 cm. Nadomestite originalni ventil.\",\"breadcrumb\":{\"@id\":\"https:\/\/ibcparts.eu\/izdelek\/nadomestek-ventila-s80\/#breadcrumb\"},\"inLanguage\":\"de\",\"potentialAction\":[{\"@type\":\"ReadAction\",\"target\":[\"https:\/\/ibcparts.eu\/izdelek\/nadomestek-ventila-s80\/\"]}]},{\"@type\":\"ImageObject\",\"inLanguage\":\"de\",\"@id\":\"https:\/\/ibcparts.eu\/izdelek\/nadomestek-ventila-s80\/#primaryimage\",\"url\":\"https:\/\/ibcparts.eu\/wp-content\/uploads\/2024\/01\/Nadomestek-ventila-S75-PRO.jpg\",\"contentUrl\":\"https:\/\/ibcparts.eu\/wp-content\/uploads\/2024\/01\/Nadomestek-ventila-S75-PRO.jpg\",\"width\":745,\"height\":1054},{\"@type\":\"BreadcrumbList\",\"@id\":\"https:\/\/ibcparts.eu\/izdelek\/nadomestek-ventila-s80\/#breadcrumb\",\"itemListElement\":[{\"@type\":\"ListItem\",\"position\":1,\"name\":\"Home\",\"item\":\"https:\/\/ibcparts.eu\/\"},{\"@type\":\"ListItem\",\"position\":2,\"name\":\"Nakupujte\",\"item\":\"https:\/\/ibcparts.eu\/nakupujte\/\"},{\"@type\":\"ListItem\",\"position\":3,\"name\":\"Nadomestek ventila S80 (izberite med 8 variacijami)\"}]},{\"@type\":\"WebSite\",\"@id\":\"https:\/\/ibcparts.eu\/#website\",\"url\":\"https:\/\/ibcparts.eu\/\",\"name\":\"IBCparts.eu\",\"description\":\"\",\"publisher\":{\"@id\":\"https:\/\/ibcparts.eu\/#organization\"},\"potentialAction\":[{\"@type\":\"SearchAction\",\"target\":{\"@type\":\"EntryPoint\",\"urlTemplate\":\"https:\/\/ibcparts.eu\/?s={search_term_string}\"},\"query-input\":{\"@type\":\"PropertyValueSpecification\",\"valueRequired\":true,\"valueName\":\"search_term_string\"}}],\"inLanguage\":\"de\"},{\"@type\":\"Organization\",\"@id\":\"https:\/\/ibcparts.eu\/#organization\",\"name\":\"IBCparts\",\"url\":\"https:\/\/ibcparts.eu\/\",\"logo\":{\"@type\":\"ImageObject\",\"inLanguage\":\"de\",\"@id\":\"https:\/\/ibcparts.eu\/#\/schema\/logo\/image\/\",\"url\":\"https:\/\/ibcparts.eu\/wp-content\/uploads\/2021\/10\/Footer-Logo.png\",\"contentUrl\":\"https:\/\/ibcparts.eu\/wp-content\/uploads\/2021\/10\/Footer-Logo.png\",\"width\":1992,\"height\":772,\"caption\":\"IBCparts\"},\"image\":{\"@id\":\"https:\/\/ibcparts.eu\/#\/schema\/logo\/image\/\"}}]}<\/script>\n<!-- \/ Yoast SEO plugin. -->","yoast_head_json":{"title":"S80 Ventilersatz (w\u00e4hlen Sie aus 8 Varianten) | IBCparts.eu","description":"Ersatzventil f\u00fcr IBC-Tank mit Gewinde S80x6 (80 mm fi), Gewindesteigung 6 mm. L\u00e4nge ca. 33 cm. Ersetzen Sie das Originalventil.","robots":{"index":"index","follow":"follow","max-snippet":"max-snippet:-1","max-image-preview":"max-image-preview:large","max-video-preview":"max-video-preview:-1"},"canonical":"https:\/\/ibcparts.eu\/de\/produkt\/ersatzventil-s80\/","og_locale":"de_DE","og_type":"article","og_title":"Nadomestek ventila S80 (izberite med 8 variacijami) | IBCparts.eu","og_description":"Nadomestek ventila za IBC cisterno z navojem S80x6 (fi 80 mm).\u200b Korak navoja 6mm. Dol\u017eina cca 33 cm. Nadomestite originalni ventil.","og_url":"https:\/\/ibcparts.eu\/de\/produkt\/ersatzventil-s80\/","og_site_name":"IBCparts.eu","article_modified_time":"2024-01-25T08:10:26+00:00","og_image":[{"width":745,"height":1054,"url":"https:\/\/ibcparts.eu\/wp-content\/uploads\/2024\/01\/Nadomestek-ventila-S75-PRO.jpg","type":"image\/jpeg"}],"twitter_card":"summary_large_image","schema":{"@context":"https:\/\/schema.org","@graph":[{"@type":"WebPage","@id":"https:\/\/ibcparts.eu\/izdelek\/nadomestek-ventila-s80\/","url":"https:\/\/ibcparts.eu\/izdelek\/nadomestek-ventila-s80\/","name":"S80 Ventilersatz (w\u00e4hlen Sie aus 8 Varianten) | IBCparts.eu","isPartOf":{"@id":"https:\/\/ibcparts.eu\/#website"},"primaryImageOfPage":{"@id":"https:\/\/ibcparts.eu\/izdelek\/nadomestek-ventila-s80\/#primaryimage"},"image":{"@id":"https:\/\/ibcparts.eu\/izdelek\/nadomestek-ventila-s80\/#primaryimage"},"thumbnailUrl":"https:\/\/ibcparts.eu\/wp-content\/uploads\/2024\/01\/Nadomestek-ventila-S75-PRO.jpg","datePublished":"2024-01-25T07:50:59+00:00","dateModified":"2024-01-25T08:10:26+00:00","description":"Ersatzventil f\u00fcr IBC-Tank mit Gewinde S80x6 (80 mm fi), Gewindesteigung 6 mm. L\u00e4nge ca. 33 cm. Ersetzen Sie das Originalventil.","breadcrumb":{"@id":"https:\/\/ibcparts.eu\/izdelek\/nadomestek-ventila-s80\/#breadcrumb"},"inLanguage":"de","potentialAction":[{"@type":"ReadAction","target":["https:\/\/ibcparts.eu\/izdelek\/nadomestek-ventila-s80\/"]}]},{"@type":"ImageObject","inLanguage":"de","@id":"https:\/\/ibcparts.eu\/izdelek\/nadomestek-ventila-s80\/#primaryimage","url":"https:\/\/ibcparts.eu\/wp-content\/uploads\/2024\/01\/Nadomestek-ventila-S75-PRO.jpg","contentUrl":"https:\/\/ibcparts.eu\/wp-content\/uploads\/2024\/01\/Nadomestek-ventila-S75-PRO.jpg","width":745,"height":1054},{"@type":"BreadcrumbList","@id":"https:\/\/ibcparts.eu\/izdelek\/nadomestek-ventila-s80\/#breadcrumb","itemListElement":[{"@type":"ListItem","position":1,"name":"Home","item":"https:\/\/ibcparts.eu\/"},{"@type":"ListItem","position":2,"name":"Nakupujte","item":"https:\/\/ibcparts.eu\/nakupujte\/"},{"@type":"ListItem","position":3,"name":"Nadomestek ventila S80 (izberite med 8 variacijami)"}]},{"@type":"WebSite","@id":"https:\/\/ibcparts.eu\/#website","url":"https:\/\/ibcparts.eu\/","name":"IBC-Teile.eu","description":"","publisher":{"@id":"https:\/\/ibcparts.eu\/#organization"},"potentialAction":[{"@type":"SearchAction","target":{"@type":"EntryPoint","urlTemplate":"https:\/\/ibcparts.eu\/?s={search_term_string}"},"query-input":{"@type":"PropertyValueSpecification","valueRequired":true,"valueName":"search_term_string"}}],"inLanguage":"de"},{"@type":"Organization","@id":"https:\/\/ibcparts.eu\/#organization","name":"IBC-Teile","url":"https:\/\/ibcparts.eu\/","logo":{"@type":"ImageObject","inLanguage":"de","@id":"https:\/\/ibcparts.eu\/#\/schema\/logo\/image\/","url":"https:\/\/ibcparts.eu\/wp-content\/uploads\/2021\/10\/Footer-Logo.png","contentUrl":"https:\/\/ibcparts.eu\/wp-content\/uploads\/2021\/10\/Footer-Logo.png","width":1992,"height":772,"caption":"IBCparts"},"image":{"@id":"https:\/\/ibcparts.eu\/#\/schema\/logo\/image\/"}}]}},"_links":{"self":[{"href":"https:\/\/ibcparts.eu\/de\/wp-json\/wp\/v2\/product\/16086","targetHints":{"allow":["GET"]}}],"collection":[{"href":"https:\/\/ibcparts.eu\/de\/wp-json\/wp\/v2\/product"}],"about":[{"href":"https:\/\/ibcparts.eu\/de\/wp-json\/wp\/v2\/types\/product"}],"version-history":[{"count":0,"href":"https:\/\/ibcparts.eu\/de\/wp-json\/wp\/v2\/product\/16086\/revisions"}],"wp:featuredmedia":[{"embeddable":true,"href":"https:\/\/ibcparts.eu\/de\/wp-json\/wp\/v2\/media\/16060"}],"wp:attachment":[{"href":"https:\/\/ibcparts.eu\/de\/wp-json\/wp\/v2\/media?parent=16086"}],"wp:term":[{"taxonomy":"product_brand","embeddable":true,"href":"https:\/\/ibcparts.eu\/de\/wp-json\/wp\/v2\/product_brand?post=16086"},{"taxonomy":"product_cat","embeddable":true,"href":"https:\/\/ibcparts.eu\/de\/wp-json\/wp\/v2\/product_cat?post=16086"},{"taxonomy":"product_tag","embeddable":true,"href":"https:\/\/ibcparts.eu\/de\/wp-json\/wp\/v2\/product_tag?post=16086"}],"curies":[{"name":"wp","href":"https:\/\/api.w.org\/{rel}","templated":true}]}}