{"id":15670,"date":"2023-08-31T12:03:49","date_gmt":"2023-08-31T11:03:49","guid":{"rendered":"https:\/\/ibcparts.eu\/?post_type=product&#038;p=15670"},"modified":"2026-01-13T14:16:50","modified_gmt":"2026-01-13T13:16:50","slug":"reducir-s75-lite","status":"publish","type":"product","link":"https:\/\/ibcparts.eu\/de\/produkt\/reducir-s75-lite\/","title":{"rendered":"S75 Lite Reduzierst\u00fcck f\u00fcr IBC-Tank (1\u2033)"},"content":{"rendered":"","protected":false},"excerpt":{"rendered":"<h2 data-start=\"173\" data-end=\"242\">S75 LITE Reduzierst\u00fcck mit innenliegendem 1\u2033 BSP-Gewinde f\u00fcr IBC-Tank<\/h2>\n<p data-start=\"244\" data-end=\"676\" class=\" translation-block\">Der S75 LITE Reduzierer ist ein preisg\u00fcnstigerer Reduzierer f\u00fcr IBC-Tanks mit S75x6-Gewinde (\u00d8 75\u201379 mm, grobes Gewinde). Er wird als <strong>Adapter bzw. Anschluss f\u00fcr IBC-Tanks verwendet, an denen das Originalventil montiert war<\/strong>.<\/p>\n<p class=\" translation-block\">F\u00fcr Container mit Gewinde an der Zisterne \u00d8 75\u201379 mm (grobes Gewinde) S75x6.<br>\nGewindetyp auf der Au\u00dfenseite: Innengewinde BSP, Gr\u00f6\u00dfe 1\u2033 \u2013 siehe Abbildung.<\/p>\n<p class=\" translation-block\">Material: Kunststoff<br>\nFarbe: gr\u00fcn<br>\nWeiche Gummidichtung auf der Innenseite.<\/p>\n<p>Hervorragende Abdichtung und gute Haltbarkeit!<\/p>\n<p class=\" translation-block\">Zus\u00e4tzliche Informationen:<br data-start=\"1040\" data-end=\"1043\">\nBei der Montage jeglicher Anschl\u00fcsse an diesen Reduzierer ist unbedingt Teflonband zu verwenden. Nur so kann eine perfekte Abdichtung und die korrekte Positionierung des Hahns bzw. Anschlusses gew\u00e4hrleistet werden.<\/p>\n<p data-start=\"1020\" data-end=\"1309\">Bei IBC-Containern mit einem \u00d8 75 mm Gewinde kann auch ein S75-Ventil oder ein S75-Ventilersatz verwendet werden.<\/p>","protected":false},"featured_media":15927,"template":"","meta":[],"product_brand":[],"product_cat":[170,299],"product_tag":[516],"class_list":{"0":"post-15670","1":"product","2":"type-product","3":"status-publish","4":"has-post-thumbnail","6":"product_cat-reducirji-in-prikljucki-za-ibc","7":"product_cat-s75x6","8":"product_tag-s75x6","10":"first","11":"instock","12":"sale","13":"shipping-taxable","14":"purchasable","15":"product-type-simple"},"yoast_head":"<!-- This site is optimized with the Yoast SEO plugin v27.1.1 - https:\/\/yoast.com\/product\/yoast-seo-wordpress\/ -->\n<title>Reducir S75 Lite za IBC cisterno (1&quot;) | IBCparts.eu<\/title>\n<meta name=\"description\" content=\"Reducir (adapter) za IBC cisterne z navojem fi 75 \u2013 79mm - kot nadomestek ventila (S75x6).\" \/>\n<meta name=\"robots\" content=\"index, follow, max-snippet:-1, max-image-preview:large, max-video-preview:-1\" \/>\n<link rel=\"canonical\" href=\"https:\/\/ibcparts.eu\/de\/produkt\/reducir-s75-lite\/\" \/>\n<meta property=\"og:locale\" content=\"de_DE\" \/>\n<meta property=\"og:type\" content=\"article\" \/>\n<meta property=\"og:title\" content=\"Reducir S75 Lite za IBC cisterno (1&quot;) | IBCparts.eu\" \/>\n<meta property=\"og:description\" content=\"Reducir (adapter) za IBC cisterne z navojem fi 75 \u2013 79mm - kot nadomestek ventila (S75x6).\" \/>\n<meta property=\"og:url\" content=\"https:\/\/ibcparts.eu\/de\/produkt\/reducir-s75-lite\/\" \/>\n<meta property=\"og:site_name\" content=\"IBCparts.eu\" \/>\n<meta property=\"article:modified_time\" content=\"2026-01-13T13:16:50+00:00\" \/>\n<meta property=\"og:image\" content=\"https:\/\/ibcparts.eu\/wp-content\/uploads\/2023\/08\/s75x6-lite.png\" \/>\n\t<meta property=\"og:image:width\" content=\"457\" \/>\n\t<meta property=\"og:image:height\" content=\"457\" \/>\n\t<meta property=\"og:image:type\" content=\"image\/png\" \/>\n<meta name=\"twitter:card\" content=\"summary_large_image\" \/>\n<script type=\"application\/ld+json\" class=\"yoast-schema-graph\">{\"@context\":\"https:\/\/schema.org\",\"@graph\":[{\"@type\":\"WebPage\",\"@id\":\"https:\/\/ibcparts.eu\/izdelek\/reducir-s75-lite\/\",\"url\":\"https:\/\/ibcparts.eu\/izdelek\/reducir-s75-lite\/\",\"name\":\"Reducir S75 Lite za IBC cisterno (1\\\") | IBCparts.eu\",\"isPartOf\":{\"@id\":\"https:\/\/ibcparts.eu\/#website\"},\"primaryImageOfPage\":{\"@id\":\"https:\/\/ibcparts.eu\/izdelek\/reducir-s75-lite\/#primaryimage\"},\"image\":{\"@id\":\"https:\/\/ibcparts.eu\/izdelek\/reducir-s75-lite\/#primaryimage\"},\"thumbnailUrl\":\"https:\/\/ibcparts.eu\/wp-content\/uploads\/2023\/08\/s75x6-lite.png\",\"datePublished\":\"2023-08-31T11:03:49+00:00\",\"dateModified\":\"2026-01-13T13:16:50+00:00\",\"description\":\"Reducir (adapter) za IBC cisterne z navojem fi 75 \u2013 79mm - kot nadomestek ventila (S75x6).\",\"breadcrumb\":{\"@id\":\"https:\/\/ibcparts.eu\/izdelek\/reducir-s75-lite\/#breadcrumb\"},\"inLanguage\":\"de\",\"potentialAction\":[{\"@type\":\"ReadAction\",\"target\":[\"https:\/\/ibcparts.eu\/izdelek\/reducir-s75-lite\/\"]}]},{\"@type\":\"ImageObject\",\"inLanguage\":\"de\",\"@id\":\"https:\/\/ibcparts.eu\/izdelek\/reducir-s75-lite\/#primaryimage\",\"url\":\"https:\/\/ibcparts.eu\/wp-content\/uploads\/2023\/08\/s75x6-lite.png\",\"contentUrl\":\"https:\/\/ibcparts.eu\/wp-content\/uploads\/2023\/08\/s75x6-lite.png\",\"width\":457,\"height\":457},{\"@type\":\"BreadcrumbList\",\"@id\":\"https:\/\/ibcparts.eu\/izdelek\/reducir-s75-lite\/#breadcrumb\",\"itemListElement\":[{\"@type\":\"ListItem\",\"position\":1,\"name\":\"Home\",\"item\":\"https:\/\/ibcparts.eu\/\"},{\"@type\":\"ListItem\",\"position\":2,\"name\":\"Nakupujte\",\"item\":\"https:\/\/ibcparts.eu\/nakupujte\/\"},{\"@type\":\"ListItem\",\"position\":3,\"name\":\"Reducir S75 Lite za IBC cisterno (1&#8243;)\"}]},{\"@type\":\"WebSite\",\"@id\":\"https:\/\/ibcparts.eu\/#website\",\"url\":\"https:\/\/ibcparts.eu\/\",\"name\":\"IBCparts.eu\",\"description\":\"\",\"publisher\":{\"@id\":\"https:\/\/ibcparts.eu\/#organization\"},\"potentialAction\":[{\"@type\":\"SearchAction\",\"target\":{\"@type\":\"EntryPoint\",\"urlTemplate\":\"https:\/\/ibcparts.eu\/?s={search_term_string}\"},\"query-input\":{\"@type\":\"PropertyValueSpecification\",\"valueRequired\":true,\"valueName\":\"search_term_string\"}}],\"inLanguage\":\"de\"},{\"@type\":\"Organization\",\"@id\":\"https:\/\/ibcparts.eu\/#organization\",\"name\":\"IBCparts\",\"url\":\"https:\/\/ibcparts.eu\/\",\"logo\":{\"@type\":\"ImageObject\",\"inLanguage\":\"de\",\"@id\":\"https:\/\/ibcparts.eu\/#\/schema\/logo\/image\/\",\"url\":\"https:\/\/ibcparts.eu\/wp-content\/uploads\/2021\/10\/Footer-Logo.png\",\"contentUrl\":\"https:\/\/ibcparts.eu\/wp-content\/uploads\/2021\/10\/Footer-Logo.png\",\"width\":1992,\"height\":772,\"caption\":\"IBCparts\"},\"image\":{\"@id\":\"https:\/\/ibcparts.eu\/#\/schema\/logo\/image\/\"}}]}<\/script>\n<!-- \/ Yoast SEO plugin. -->","yoast_head_json":{"title":"Reducir S75 Lite za IBC cisterno (1\") | IBCparts.eu","description":"Reducir (adapter) za IBC cisterne z navojem fi 75 \u2013 79mm - kot nadomestek ventila (S75x6).","robots":{"index":"index","follow":"follow","max-snippet":"max-snippet:-1","max-image-preview":"max-image-preview:large","max-video-preview":"max-video-preview:-1"},"canonical":"https:\/\/ibcparts.eu\/de\/produkt\/reducir-s75-lite\/","og_locale":"de_DE","og_type":"article","og_title":"Reducir S75 Lite za IBC cisterno (1\") | IBCparts.eu","og_description":"Reducir (adapter) za IBC cisterne z navojem fi 75 \u2013 79mm - kot nadomestek ventila (S75x6).","og_url":"https:\/\/ibcparts.eu\/de\/produkt\/reducir-s75-lite\/","og_site_name":"IBCparts.eu","article_modified_time":"2026-01-13T13:16:50+00:00","og_image":[{"width":457,"height":457,"url":"https:\/\/ibcparts.eu\/wp-content\/uploads\/2023\/08\/s75x6-lite.png","type":"image\/png"}],"twitter_card":"summary_large_image","schema":{"@context":"https:\/\/schema.org","@graph":[{"@type":"WebPage","@id":"https:\/\/ibcparts.eu\/izdelek\/reducir-s75-lite\/","url":"https:\/\/ibcparts.eu\/izdelek\/reducir-s75-lite\/","name":"Reducir S75 Lite za IBC cisterno (1\") | IBCparts.eu","isPartOf":{"@id":"https:\/\/ibcparts.eu\/#website"},"primaryImageOfPage":{"@id":"https:\/\/ibcparts.eu\/izdelek\/reducir-s75-lite\/#primaryimage"},"image":{"@id":"https:\/\/ibcparts.eu\/izdelek\/reducir-s75-lite\/#primaryimage"},"thumbnailUrl":"https:\/\/ibcparts.eu\/wp-content\/uploads\/2023\/08\/s75x6-lite.png","datePublished":"2023-08-31T11:03:49+00:00","dateModified":"2026-01-13T13:16:50+00:00","description":"Reducir (adapter) za IBC cisterne z navojem fi 75 \u2013 79mm - kot nadomestek ventila (S75x6).","breadcrumb":{"@id":"https:\/\/ibcparts.eu\/izdelek\/reducir-s75-lite\/#breadcrumb"},"inLanguage":"de","potentialAction":[{"@type":"ReadAction","target":["https:\/\/ibcparts.eu\/izdelek\/reducir-s75-lite\/"]}]},{"@type":"ImageObject","inLanguage":"de","@id":"https:\/\/ibcparts.eu\/izdelek\/reducir-s75-lite\/#primaryimage","url":"https:\/\/ibcparts.eu\/wp-content\/uploads\/2023\/08\/s75x6-lite.png","contentUrl":"https:\/\/ibcparts.eu\/wp-content\/uploads\/2023\/08\/s75x6-lite.png","width":457,"height":457},{"@type":"BreadcrumbList","@id":"https:\/\/ibcparts.eu\/izdelek\/reducir-s75-lite\/#breadcrumb","itemListElement":[{"@type":"ListItem","position":1,"name":"Home","item":"https:\/\/ibcparts.eu\/"},{"@type":"ListItem","position":2,"name":"Nakupujte","item":"https:\/\/ibcparts.eu\/nakupujte\/"},{"@type":"ListItem","position":3,"name":"Reducir S75 Lite za IBC cisterno (1&#8243;)"}]},{"@type":"WebSite","@id":"https:\/\/ibcparts.eu\/#website","url":"https:\/\/ibcparts.eu\/","name":"IBC-Teile.eu","description":"","publisher":{"@id":"https:\/\/ibcparts.eu\/#organization"},"potentialAction":[{"@type":"SearchAction","target":{"@type":"EntryPoint","urlTemplate":"https:\/\/ibcparts.eu\/?s={search_term_string}"},"query-input":{"@type":"PropertyValueSpecification","valueRequired":true,"valueName":"search_term_string"}}],"inLanguage":"de"},{"@type":"Organization","@id":"https:\/\/ibcparts.eu\/#organization","name":"IBC-Teile","url":"https:\/\/ibcparts.eu\/","logo":{"@type":"ImageObject","inLanguage":"de","@id":"https:\/\/ibcparts.eu\/#\/schema\/logo\/image\/","url":"https:\/\/ibcparts.eu\/wp-content\/uploads\/2021\/10\/Footer-Logo.png","contentUrl":"https:\/\/ibcparts.eu\/wp-content\/uploads\/2021\/10\/Footer-Logo.png","width":1992,"height":772,"caption":"IBCparts"},"image":{"@id":"https:\/\/ibcparts.eu\/#\/schema\/logo\/image\/"}}]}},"_links":{"self":[{"href":"https:\/\/ibcparts.eu\/de\/wp-json\/wp\/v2\/product\/15670","targetHints":{"allow":["GET"]}}],"collection":[{"href":"https:\/\/ibcparts.eu\/de\/wp-json\/wp\/v2\/product"}],"about":[{"href":"https:\/\/ibcparts.eu\/de\/wp-json\/wp\/v2\/types\/product"}],"version-history":[{"count":2,"href":"https:\/\/ibcparts.eu\/de\/wp-json\/wp\/v2\/product\/15670\/revisions"}],"predecessor-version":[{"id":20197,"href":"https:\/\/ibcparts.eu\/de\/wp-json\/wp\/v2\/product\/15670\/revisions\/20197"}],"wp:featuredmedia":[{"embeddable":true,"href":"https:\/\/ibcparts.eu\/de\/wp-json\/wp\/v2\/media\/15927"}],"wp:attachment":[{"href":"https:\/\/ibcparts.eu\/de\/wp-json\/wp\/v2\/media?parent=15670"}],"wp:term":[{"taxonomy":"product_brand","embeddable":true,"href":"https:\/\/ibcparts.eu\/de\/wp-json\/wp\/v2\/product_brand?post=15670"},{"taxonomy":"product_cat","embeddable":true,"href":"https:\/\/ibcparts.eu\/de\/wp-json\/wp\/v2\/product_cat?post=15670"},{"taxonomy":"product_tag","embeddable":true,"href":"https:\/\/ibcparts.eu\/de\/wp-json\/wp\/v2\/product_tag?post=15670"}],"curies":[{"name":"wp","href":"https:\/\/api.w.org\/{rel}","templated":true}]}}