{"id":15497,"date":"2023-08-02T09:06:20","date_gmt":"2023-08-02T08:06:20","guid":{"rendered":"https:\/\/ibcparts.eu\/?post_type=product&#038;p=15497"},"modified":"2025-12-02T13:38:17","modified_gmt":"2025-12-02T12:38:17","slug":"oddusnik-irri","status":"publish","type":"product","link":"https:\/\/ibcparts.eu\/de\/produkt\/oddusnik-irri\/","title":{"rendered":"IRRI Entl\u00fcftung"},"content":{"rendered":"","protected":false},"excerpt":{"rendered":"<p><span style=\"font-size: large;\"><strong>Produktinformationen:<\/strong><br \/>\nIRRI-Ventilator - automatisches Beatmungsger\u00e4t.<\/span><br \/>\n,<br \/>\nGewindetyp: BSP-Au\u00dfengewinde 3\/4\u2033 oder 1\".<\/p>\n<p>Farbe: schwarz-gr\u00fcn<\/p>\n<p>Dieser Entl\u00fcfter ist f\u00fcr die Entl\u00fcftung von IBC-Tanks oder anderen Lagertanks, Bew\u00e4sserungsanlagen...<br \/>\nWenn der Wasserstand den oberen Rand des Entl\u00fcfters erreicht, schlie\u00dft die Kugel im Inneren des Entl\u00fcfters den Auslass.<br \/>\nMontage am Tankdeckel mit einem Reduziernippel oder an einer anderen Stelle des Tanks mit einer Durchgangsbohrung.<\/p>\n<p><u>Es funktioniert auch bei sehr niedrigen Dr\u00fccken zwischen 0,2 und 10 bar.<\/u><\/p>\n<p>&nbsp;<\/p>\n<p>Das Wasser im System sollte so sauber wie m\u00f6glich sein, damit der Schmutz die Abdichtung der Kugel im Inneren nicht beeintr\u00e4chtigt. Um dies zu erreichen, empfehlen wir die Filtration des Wassers vor dem Eintritt in den Tank und die Verwendung einer TARP-Schutzplane.<\/p>\n<p>Dieses Entl\u00fcftungsventil hat einen gesch\u00fctzten Ausgang:<\/p>\n<ul>\n<li>Unter der Kappe ist ein spezieller Kragen angebracht, der das Eindringen von Insekten verhindert.<\/li>\n<li>Sorgt f\u00fcr optimale Leistung und erh\u00f6hte Effizienz des Bew\u00e4sserungssystems, indem es Probleme mit Lufteinschl\u00fcssen und R\u00fccksaugen von Schmutz in die Rohre verhindert.<\/li>\n<li>Erm\u00f6glicht das Entweichen von Luft bei der ersten Inbetriebnahme des Systems und bis der Schlauch oder die Abflussleitungen mit Wasser gef\u00fcllt sind. Er erm\u00f6glicht auch den Wiedereintritt von Luft in das System, wenn die Zone abgeschaltet wird.<\/li>\n<li>Verhindert Verstopfungen in unterirdischen Tropfbew\u00e4sserungssystemen, die durch das Zur\u00fccksaugen von Streu unter Vakuumbedingungen verursacht werden.<\/li>\n<li>Reduziert den Wartungsaufwand und verl\u00e4ngert die Lebensdauer des Tropfsystems.<\/li>\n<li>Reibungsloser und zuverl\u00e4ssiger Betrieb.<\/li>\n<li>Eliminiert Lufteinschl\u00fcsse im Systembereich.<\/li>\n<li>Wenn die Zone eingeschaltet wird, entweicht die Luft aus dem Tropfschlauch.<\/li>\n<li>Lassen Sie die Luft ungehindert in das System eindringen, wenn der Bereich geschlossen ist.<\/li>\n<li>Die Kugelschwimmerkonstruktion bietet eine perfekte Abdichtung bei sehr niedrigem Systemdruck.<\/li>\n<li>Einfach zu bedienen und zu warten.<\/li>\n<li>Hergestellt aus UV-best\u00e4ndigem, langlebigem Kunststoff, der auch den h\u00e4rtesten Bedingungen standh\u00e4lt.<\/li>\n<\/ul>","protected":false},"featured_media":15500,"template":"","meta":[],"product_brand":[],"product_cat":[182,263],"product_tag":[],"class_list":{"0":"post-15497","1":"product","2":"type-product","3":"status-publish","4":"has-post-thumbnail","6":"product_cat-ibc-cisterne-ventili-in-dodatki","7":"product_cat-oddusniki","9":"first","10":"instock","11":"shipping-taxable","12":"purchasable","13":"product-type-variable"},"yoast_head":"<!-- This site is optimized with the Yoast SEO plugin v27.1.1 - https:\/\/yoast.com\/product\/yoast-seo-wordpress\/ -->\n<title>Oddu\u0161nik IRRI | IBCparts.eu<\/title>\n<meta name=\"description\" content=\"Ta oddu\u0161nik je namenjen odzra\u010devanju IBC cisterne ali drugih zalogovnikov, namakalnih sistemov...\" \/>\n<meta name=\"robots\" content=\"index, follow, max-snippet:-1, max-image-preview:large, max-video-preview:-1\" \/>\n<link rel=\"canonical\" href=\"https:\/\/ibcparts.eu\/de\/produkt\/oddusnik-irri\/\" \/>\n<meta property=\"og:locale\" content=\"de_DE\" \/>\n<meta property=\"og:type\" content=\"article\" \/>\n<meta property=\"og:title\" content=\"Oddu\u0161nik IRRI | IBCparts.eu\" \/>\n<meta property=\"og:description\" content=\"Ta oddu\u0161nik je namenjen odzra\u010devanju IBC cisterne ali drugih zalogovnikov, namakalnih sistemov...\" \/>\n<meta property=\"og:url\" content=\"https:\/\/ibcparts.eu\/de\/produkt\/oddusnik-irri\/\" \/>\n<meta property=\"og:site_name\" content=\"IBCparts.eu\" \/>\n<meta property=\"article:modified_time\" content=\"2025-12-02T12:38:17+00:00\" \/>\n<meta property=\"og:image\" content=\"https:\/\/ibcparts.eu\/wp-content\/uploads\/2023\/08\/oddu-nik-odzra-evalnik-irri_orig.png\" \/>\n\t<meta property=\"og:image:width\" content=\"500\" \/>\n\t<meta property=\"og:image:height\" content=\"500\" \/>\n\t<meta property=\"og:image:type\" content=\"image\/png\" \/>\n<meta name=\"twitter:card\" content=\"summary_large_image\" \/>\n<script type=\"application\/ld+json\" class=\"yoast-schema-graph\">{\"@context\":\"https:\/\/schema.org\",\"@graph\":[{\"@type\":\"WebPage\",\"@id\":\"https:\/\/ibcparts.eu\/izdelek\/oddusnik-irri\/\",\"url\":\"https:\/\/ibcparts.eu\/izdelek\/oddusnik-irri\/\",\"name\":\"Oddu\u0161nik IRRI | IBCparts.eu\",\"isPartOf\":{\"@id\":\"https:\/\/ibcparts.eu\/#website\"},\"primaryImageOfPage\":{\"@id\":\"https:\/\/ibcparts.eu\/izdelek\/oddusnik-irri\/#primaryimage\"},\"image\":{\"@id\":\"https:\/\/ibcparts.eu\/izdelek\/oddusnik-irri\/#primaryimage\"},\"thumbnailUrl\":\"https:\/\/ibcparts.eu\/wp-content\/uploads\/2023\/08\/oddu-nik-odzra-evalnik-irri_orig.png\",\"datePublished\":\"2023-08-02T08:06:20+00:00\",\"dateModified\":\"2025-12-02T12:38:17+00:00\",\"description\":\"Ta oddu\u0161nik je namenjen odzra\u010devanju IBC cisterne ali drugih zalogovnikov, namakalnih sistemov...\",\"breadcrumb\":{\"@id\":\"https:\/\/ibcparts.eu\/izdelek\/oddusnik-irri\/#breadcrumb\"},\"inLanguage\":\"de\",\"potentialAction\":[{\"@type\":\"ReadAction\",\"target\":[\"https:\/\/ibcparts.eu\/izdelek\/oddusnik-irri\/\"]}]},{\"@type\":\"ImageObject\",\"inLanguage\":\"de\",\"@id\":\"https:\/\/ibcparts.eu\/izdelek\/oddusnik-irri\/#primaryimage\",\"url\":\"https:\/\/ibcparts.eu\/wp-content\/uploads\/2023\/08\/oddu-nik-odzra-evalnik-irri_orig.png\",\"contentUrl\":\"https:\/\/ibcparts.eu\/wp-content\/uploads\/2023\/08\/oddu-nik-odzra-evalnik-irri_orig.png\",\"width\":500,\"height\":500},{\"@type\":\"BreadcrumbList\",\"@id\":\"https:\/\/ibcparts.eu\/izdelek\/oddusnik-irri\/#breadcrumb\",\"itemListElement\":[{\"@type\":\"ListItem\",\"position\":1,\"name\":\"Home\",\"item\":\"https:\/\/ibcparts.eu\/\"},{\"@type\":\"ListItem\",\"position\":2,\"name\":\"Nakupujte\",\"item\":\"https:\/\/ibcparts.eu\/nakupujte\/\"},{\"@type\":\"ListItem\",\"position\":3,\"name\":\"Oddu\u0161nik IRRI\"}]},{\"@type\":\"WebSite\",\"@id\":\"https:\/\/ibcparts.eu\/#website\",\"url\":\"https:\/\/ibcparts.eu\/\",\"name\":\"IBCparts.eu\",\"description\":\"\",\"publisher\":{\"@id\":\"https:\/\/ibcparts.eu\/#organization\"},\"potentialAction\":[{\"@type\":\"SearchAction\",\"target\":{\"@type\":\"EntryPoint\",\"urlTemplate\":\"https:\/\/ibcparts.eu\/?s={search_term_string}\"},\"query-input\":{\"@type\":\"PropertyValueSpecification\",\"valueRequired\":true,\"valueName\":\"search_term_string\"}}],\"inLanguage\":\"de\"},{\"@type\":\"Organization\",\"@id\":\"https:\/\/ibcparts.eu\/#organization\",\"name\":\"IBCparts\",\"url\":\"https:\/\/ibcparts.eu\/\",\"logo\":{\"@type\":\"ImageObject\",\"inLanguage\":\"de\",\"@id\":\"https:\/\/ibcparts.eu\/#\/schema\/logo\/image\/\",\"url\":\"https:\/\/ibcparts.eu\/wp-content\/uploads\/2021\/10\/Footer-Logo.png\",\"contentUrl\":\"https:\/\/ibcparts.eu\/wp-content\/uploads\/2021\/10\/Footer-Logo.png\",\"width\":1992,\"height\":772,\"caption\":\"IBCparts\"},\"image\":{\"@id\":\"https:\/\/ibcparts.eu\/#\/schema\/logo\/image\/\"}}]}<\/script>\n<!-- \/ Yoast SEO plugin. -->","yoast_head_json":{"title":"IRRI Entl\u00fcfter | IBCparts.eu","description":"Dieser Entl\u00fcfter ist f\u00fcr die Entl\u00fcftung von IBC-Tanks oder anderen Lagertanks, Bew\u00e4sserungsanlagen...","robots":{"index":"index","follow":"follow","max-snippet":"max-snippet:-1","max-image-preview":"max-image-preview:large","max-video-preview":"max-video-preview:-1"},"canonical":"https:\/\/ibcparts.eu\/de\/produkt\/oddusnik-irri\/","og_locale":"de_DE","og_type":"article","og_title":"Oddu\u0161nik IRRI | IBCparts.eu","og_description":"Ta oddu\u0161nik je namenjen odzra\u010devanju IBC cisterne ali drugih zalogovnikov, namakalnih sistemov...","og_url":"https:\/\/ibcparts.eu\/de\/produkt\/oddusnik-irri\/","og_site_name":"IBCparts.eu","article_modified_time":"2025-12-02T12:38:17+00:00","og_image":[{"width":500,"height":500,"url":"https:\/\/ibcparts.eu\/wp-content\/uploads\/2023\/08\/oddu-nik-odzra-evalnik-irri_orig.png","type":"image\/png"}],"twitter_card":"summary_large_image","schema":{"@context":"https:\/\/schema.org","@graph":[{"@type":"WebPage","@id":"https:\/\/ibcparts.eu\/izdelek\/oddusnik-irri\/","url":"https:\/\/ibcparts.eu\/izdelek\/oddusnik-irri\/","name":"IRRI Entl\u00fcfter | IBCparts.eu","isPartOf":{"@id":"https:\/\/ibcparts.eu\/#website"},"primaryImageOfPage":{"@id":"https:\/\/ibcparts.eu\/izdelek\/oddusnik-irri\/#primaryimage"},"image":{"@id":"https:\/\/ibcparts.eu\/izdelek\/oddusnik-irri\/#primaryimage"},"thumbnailUrl":"https:\/\/ibcparts.eu\/wp-content\/uploads\/2023\/08\/oddu-nik-odzra-evalnik-irri_orig.png","datePublished":"2023-08-02T08:06:20+00:00","dateModified":"2025-12-02T12:38:17+00:00","description":"Dieser Entl\u00fcfter ist f\u00fcr die Entl\u00fcftung von IBC-Tanks oder anderen Lagertanks, Bew\u00e4sserungsanlagen...","breadcrumb":{"@id":"https:\/\/ibcparts.eu\/izdelek\/oddusnik-irri\/#breadcrumb"},"inLanguage":"de","potentialAction":[{"@type":"ReadAction","target":["https:\/\/ibcparts.eu\/izdelek\/oddusnik-irri\/"]}]},{"@type":"ImageObject","inLanguage":"de","@id":"https:\/\/ibcparts.eu\/izdelek\/oddusnik-irri\/#primaryimage","url":"https:\/\/ibcparts.eu\/wp-content\/uploads\/2023\/08\/oddu-nik-odzra-evalnik-irri_orig.png","contentUrl":"https:\/\/ibcparts.eu\/wp-content\/uploads\/2023\/08\/oddu-nik-odzra-evalnik-irri_orig.png","width":500,"height":500},{"@type":"BreadcrumbList","@id":"https:\/\/ibcparts.eu\/izdelek\/oddusnik-irri\/#breadcrumb","itemListElement":[{"@type":"ListItem","position":1,"name":"Home","item":"https:\/\/ibcparts.eu\/"},{"@type":"ListItem","position":2,"name":"Nakupujte","item":"https:\/\/ibcparts.eu\/nakupujte\/"},{"@type":"ListItem","position":3,"name":"Oddu\u0161nik IRRI"}]},{"@type":"WebSite","@id":"https:\/\/ibcparts.eu\/#website","url":"https:\/\/ibcparts.eu\/","name":"IBC-Teile.eu","description":"","publisher":{"@id":"https:\/\/ibcparts.eu\/#organization"},"potentialAction":[{"@type":"SearchAction","target":{"@type":"EntryPoint","urlTemplate":"https:\/\/ibcparts.eu\/?s={search_term_string}"},"query-input":{"@type":"PropertyValueSpecification","valueRequired":true,"valueName":"search_term_string"}}],"inLanguage":"de"},{"@type":"Organization","@id":"https:\/\/ibcparts.eu\/#organization","name":"IBC-Teile","url":"https:\/\/ibcparts.eu\/","logo":{"@type":"ImageObject","inLanguage":"de","@id":"https:\/\/ibcparts.eu\/#\/schema\/logo\/image\/","url":"https:\/\/ibcparts.eu\/wp-content\/uploads\/2021\/10\/Footer-Logo.png","contentUrl":"https:\/\/ibcparts.eu\/wp-content\/uploads\/2021\/10\/Footer-Logo.png","width":1992,"height":772,"caption":"IBCparts"},"image":{"@id":"https:\/\/ibcparts.eu\/#\/schema\/logo\/image\/"}}]}},"_links":{"self":[{"href":"https:\/\/ibcparts.eu\/de\/wp-json\/wp\/v2\/product\/15497","targetHints":{"allow":["GET"]}}],"collection":[{"href":"https:\/\/ibcparts.eu\/de\/wp-json\/wp\/v2\/product"}],"about":[{"href":"https:\/\/ibcparts.eu\/de\/wp-json\/wp\/v2\/types\/product"}],"version-history":[{"count":0,"href":"https:\/\/ibcparts.eu\/de\/wp-json\/wp\/v2\/product\/15497\/revisions"}],"wp:featuredmedia":[{"embeddable":true,"href":"https:\/\/ibcparts.eu\/de\/wp-json\/wp\/v2\/media\/15500"}],"wp:attachment":[{"href":"https:\/\/ibcparts.eu\/de\/wp-json\/wp\/v2\/media?parent=15497"}],"wp:term":[{"taxonomy":"product_brand","embeddable":true,"href":"https:\/\/ibcparts.eu\/de\/wp-json\/wp\/v2\/product_brand?post=15497"},{"taxonomy":"product_cat","embeddable":true,"href":"https:\/\/ibcparts.eu\/de\/wp-json\/wp\/v2\/product_cat?post=15497"},{"taxonomy":"product_tag","embeddable":true,"href":"https:\/\/ibcparts.eu\/de\/wp-json\/wp\/v2\/product_tag?post=15497"}],"curies":[{"name":"wp","href":"https:\/\/api.w.org\/{rel}","templated":true}]}}