{"id":15456,"date":"2023-08-01T12:39:03","date_gmt":"2023-08-01T11:39:03","guid":{"rendered":"https:\/\/ibcparts.eu\/?post_type=product&#038;p=15456"},"modified":"2026-02-11T14:22:45","modified_gmt":"2026-02-11T13:22:45","slug":"tesnilo-55x45x3","status":"publish","type":"product","link":"https:\/\/ibcparts.eu\/de\/produkt\/tesnilo-55x45x3\/","title":{"rendered":"Tesnilo 55\u00d745\u00d73 mm [za IBC adapter S60] (5 kosov)"},"content":{"rendered":"","protected":false},"excerpt":{"rendered":"<div class=\"paragraph\">\n<h3 data-start=\"308\" data-end=\"328\"><strong data-start=\"312\" data-end=\"328\">Opis izdelka<\/strong><\/h3>\n<p data-start=\"330\" data-end=\"629\">Tesnilo za IBC adapter <strong data-start=\"353\" data-end=\"381\">S60 dimenzije 55\u00d745\u00d73 mm<\/strong> je posebej razvito za zanesljivo tesnjenje IBC cistern in pripadajo\u010dih adapterjev. Optimalna trdota materiala omogo\u010da u\u010dinkovito izravnavo tudi ve\u010djih nepravilnosti na nale\u017enih povr\u0161inah ter zagotavlja dolgotrajno in varno tesnjenje brez pu\u0161\u010danja.<\/p>\n<p data-start=\"631\" data-end=\"799\">Tesnila so primerna za veliko ve\u010dino <strong data-start=\"668\" data-end=\"702\">S60 adapterjev za IBC cisterne<\/strong> in so dobavljena v kompletu <strong data-start=\"731\" data-end=\"742\">5 kosov<\/strong>, kar omogo\u010da prakti\u010dno uporabo in zalogo za vzdr\u017eevanje.<\/p>\n<hr data-start=\"801\" data-end=\"804\" \/>\n<h3 data-start=\"806\" data-end=\"848\"><strong data-start=\"810\" data-end=\"848\">Razpolo\u017eljivi materiali in uporaba<\/strong><\/h3>\n<p data-start=\"850\" data-end=\"916\">Tesnila so na voljo v razli\u010dnih materialih, glede na vrsto medija:<\/p>\n<ul>\n<li data-start=\"920\" data-end=\"977\"><strong data-start=\"920\" data-end=\"942\">PE penasto tesnilo<\/strong> \u2013 primerno za vodo in <strong data-start=\"965\" data-end=\"975\">AdBlue<\/strong><\/li>\n<li data-start=\"980\" data-end=\"1031\"><strong data-start=\"980\" data-end=\"996\">EPDM tesnilo<\/strong> \u2013 odporno na razli\u010dne kemikalije<\/li>\n<li data-start=\"1034\" data-end=\"1086\"><strong data-start=\"1034\" data-end=\"1049\">NBR tesnilo<\/strong> \u2013 primerno za stik z nafto in olji<\/li>\n<li><strong data-start=\"1089\" data-end=\"1111\">Silikonsko tesnilo<\/strong> \u2013 primerno za razne smole in aplikacije, ki zahtevajo visoko ali nizko temperaturo<\/li>\n<li><strong data-start=\"542\" data-end=\"557\">VITON (FKM)<\/strong> \u2013 zelo dobra odpornost na olja, goriva, topila in \u0161tevilne kemikalije; priporo\u010dljivo za industrijsko uporabo, <strong data-start=\"668\" data-end=\"714\">ni pa primerno za mo\u010dnej\u0161e luge (alkalije).<\/strong><\/li>\n<\/ul>\n<p data-start=\"1160\" data-end=\"1242\">Izbira materiala omogo\u010da optimalno prilagoditev glede na konkretne pogoje uporabe.<\/p>\n<hr data-start=\"1244\" data-end=\"1247\" \/>\n<h3 data-start=\"1249\" data-end=\"1286\"><strong data-start=\"1253\" data-end=\"1286\">Dimenzije in tehni\u010dni podatki<\/strong><\/h3>\n<ul>\n<li data-start=\"1290\" data-end=\"1317\">\u00c4u\u00dferer Durchmesser: <strong data-start=\"1306\" data-end=\"1315\">55 mm<\/strong><\/li>\n<li data-start=\"1320\" data-end=\"1348\">Innendurchmesser: <strong data-start=\"1337\" data-end=\"1346\">45 mm<\/strong><\/li>\n<li data-start=\"1351\" data-end=\"1371\">Die Dicke: <strong data-start=\"1361\" data-end=\"1369\">3 mm<\/strong><\/li>\n<li data-start=\"1374\" data-end=\"1409\">Koli\u010dina: <strong data-start=\"1384\" data-end=\"1407\">5 tesnil v kompletu<\/strong><\/li>\n<li data-start=\"1412\" data-end=\"1443\">Standard: <strong data-start=\"1422\" data-end=\"1441\">IBC adapter S60<\/strong><\/li>\n<li data-start=\"1446\" data-end=\"1484\">Kompatibilno tudi z: <strong data-start=\"1467\" data-end=\"1484\">reducirji S60<\/strong><\/li>\n<\/ul>\n<p>Uporabljeni materiali so <strong data-start=\"769\" data-end=\"792\">\u010disti, brez me\u0161anic<\/strong>, kar pomeni bolj\u0161o odpornost, dalj\u0161o \u017eivljenjsko dobo in zanesljivo tesnjenje.<\/p>\n<hr data-start=\"1486\" data-end=\"1489\" \/>\n<h3 data-start=\"1491\" data-end=\"1528\"><strong data-start=\"1495\" data-end=\"1528\">Pomembna opomba glede uporabe<\/strong><\/h3>\n<p data-start=\"1530\" data-end=\"1710\">Uporabnik je dol\u017ean pred uporabo preveriti ustreznost in kompatibilnost materiala tesnila z izbranim medijem ter konkretnimi pogoji uporabe (npr. koncentracija, temperatura, tlak).<\/p>\n<\/div>","protected":false},"featured_media":19427,"template":"","meta":[],"product_brand":[],"product_cat":[185],"product_tag":[507],"class_list":{"0":"post-15456","1":"product","2":"type-product","3":"status-publish","4":"has-post-thumbnail","6":"product_cat-tesnila","7":"product_tag-tesnilo","9":"first","10":"instock","11":"shipping-taxable","12":"purchasable","13":"product-type-variable"},"yoast_head":"<!-- This site is optimized with the Yoast SEO plugin v27.1.1 - https:\/\/yoast.com\/product\/yoast-seo-wordpress\/ -->\n<title>Tesnilo 55\u00d745\u00d73 mm [za IBC adapter S60] (5 kosov)<\/title>\n<meta name=\"description\" content=\"Tesnilo za IBC adapter S60 55\u00d745\u00d73 mm v kompletu 5 kosov. \u010cisti materiali brez me\u0161anic: PE, EPDM, NBR, silikon ali Viton. Primerno tudi za reducirje S60.\" \/>\n<meta name=\"robots\" content=\"index, follow, max-snippet:-1, max-image-preview:large, max-video-preview:-1\" \/>\n<link rel=\"canonical\" href=\"https:\/\/ibcparts.eu\/de\/produkt\/tesnilo-55x45x3\/\" \/>\n<meta property=\"og:locale\" content=\"de_DE\" \/>\n<meta property=\"og:type\" content=\"article\" \/>\n<meta property=\"og:title\" content=\"Tesnilo 55\u00d745\u00d73 mm [za IBC adapter S60] (5 kosov)\" \/>\n<meta property=\"og:description\" content=\"Tesnilo za IBC adapter S60 55\u00d745\u00d73 mm v kompletu 5 kosov. \u010cisti materiali brez me\u0161anic: PE, EPDM, NBR, silikon ali Viton. Primerno tudi za reducirje S60.\" \/>\n<meta property=\"og:url\" content=\"https:\/\/ibcparts.eu\/de\/produkt\/tesnilo-55x45x3\/\" \/>\n<meta property=\"og:site_name\" content=\"IBCparts.eu\" \/>\n<meta property=\"article:modified_time\" content=\"2026-02-11T13:22:45+00:00\" \/>\n<meta property=\"og:image\" content=\"https:\/\/ibcparts.eu\/wp-content\/uploads\/2021\/11\/Tesnilo-za-IBC-cisterno-8.jpg\" \/>\n\t<meta property=\"og:image:width\" content=\"768\" \/>\n\t<meta property=\"og:image:height\" content=\"512\" \/>\n\t<meta property=\"og:image:type\" content=\"image\/jpeg\" \/>\n<meta name=\"twitter:card\" content=\"summary_large_image\" \/>\n<script type=\"application\/ld+json\" class=\"yoast-schema-graph\">{\"@context\":\"https:\/\/schema.org\",\"@graph\":[{\"@type\":\"WebPage\",\"@id\":\"https:\/\/ibcparts.eu\/izdelek\/tesnilo-55x45x3\/\",\"url\":\"https:\/\/ibcparts.eu\/izdelek\/tesnilo-55x45x3\/\",\"name\":\"Tesnilo 55\u00d745\u00d73 mm [za IBC adapter S60] (5 kosov)\",\"isPartOf\":{\"@id\":\"https:\/\/ibcparts.eu\/#website\"},\"primaryImageOfPage\":{\"@id\":\"https:\/\/ibcparts.eu\/izdelek\/tesnilo-55x45x3\/#primaryimage\"},\"image\":{\"@id\":\"https:\/\/ibcparts.eu\/izdelek\/tesnilo-55x45x3\/#primaryimage\"},\"thumbnailUrl\":\"https:\/\/ibcparts.eu\/wp-content\/uploads\/2021\/11\/Tesnilo-za-IBC-cisterno-8.jpg\",\"datePublished\":\"2023-08-01T11:39:03+00:00\",\"dateModified\":\"2026-02-11T13:22:45+00:00\",\"description\":\"Tesnilo za IBC adapter S60 55\u00d745\u00d73 mm v kompletu 5 kosov. \u010cisti materiali brez me\u0161anic: PE, EPDM, NBR, silikon ali Viton. Primerno tudi za reducirje S60.\",\"breadcrumb\":{\"@id\":\"https:\/\/ibcparts.eu\/izdelek\/tesnilo-55x45x3\/#breadcrumb\"},\"inLanguage\":\"de\",\"potentialAction\":[{\"@type\":\"ReadAction\",\"target\":[\"https:\/\/ibcparts.eu\/izdelek\/tesnilo-55x45x3\/\"]}]},{\"@type\":\"ImageObject\",\"inLanguage\":\"de\",\"@id\":\"https:\/\/ibcparts.eu\/izdelek\/tesnilo-55x45x3\/#primaryimage\",\"url\":\"https:\/\/ibcparts.eu\/wp-content\/uploads\/2021\/11\/Tesnilo-za-IBC-cisterno-8.jpg\",\"contentUrl\":\"https:\/\/ibcparts.eu\/wp-content\/uploads\/2021\/11\/Tesnilo-za-IBC-cisterno-8.jpg\",\"width\":768,\"height\":512,\"caption\":\"Tesnilo za IBC adapter S60 55\u00d745\u00d73 mm\"},{\"@type\":\"BreadcrumbList\",\"@id\":\"https:\/\/ibcparts.eu\/izdelek\/tesnilo-55x45x3\/#breadcrumb\",\"itemListElement\":[{\"@type\":\"ListItem\",\"position\":1,\"name\":\"Home\",\"item\":\"https:\/\/ibcparts.eu\/\"},{\"@type\":\"ListItem\",\"position\":2,\"name\":\"Nakupujte\",\"item\":\"https:\/\/ibcparts.eu\/nakupujte\/\"},{\"@type\":\"ListItem\",\"position\":3,\"name\":\"Tesnilo 55\u00d745\u00d73 mm [za IBC adapter S60] (5 kosov)\"}]},{\"@type\":\"WebSite\",\"@id\":\"https:\/\/ibcparts.eu\/#website\",\"url\":\"https:\/\/ibcparts.eu\/\",\"name\":\"IBCparts.eu\",\"description\":\"\",\"publisher\":{\"@id\":\"https:\/\/ibcparts.eu\/#organization\"},\"potentialAction\":[{\"@type\":\"SearchAction\",\"target\":{\"@type\":\"EntryPoint\",\"urlTemplate\":\"https:\/\/ibcparts.eu\/?s={search_term_string}\"},\"query-input\":{\"@type\":\"PropertyValueSpecification\",\"valueRequired\":true,\"valueName\":\"search_term_string\"}}],\"inLanguage\":\"de\"},{\"@type\":\"Organization\",\"@id\":\"https:\/\/ibcparts.eu\/#organization\",\"name\":\"IBCparts\",\"url\":\"https:\/\/ibcparts.eu\/\",\"logo\":{\"@type\":\"ImageObject\",\"inLanguage\":\"de\",\"@id\":\"https:\/\/ibcparts.eu\/#\/schema\/logo\/image\/\",\"url\":\"https:\/\/ibcparts.eu\/wp-content\/uploads\/2021\/10\/Footer-Logo.png\",\"contentUrl\":\"https:\/\/ibcparts.eu\/wp-content\/uploads\/2021\/10\/Footer-Logo.png\",\"width\":1992,\"height\":772,\"caption\":\"IBCparts\"},\"image\":{\"@id\":\"https:\/\/ibcparts.eu\/#\/schema\/logo\/image\/\"}}]}<\/script>\n<!-- \/ Yoast SEO plugin. -->","yoast_head_json":{"title":"Tesnilo 55\u00d745\u00d73 mm [za IBC adapter S60] (5 kosov)","description":"Tesnilo za IBC adapter S60 55\u00d745\u00d73 mm v kompletu 5 kosov. \u010cisti materiali brez me\u0161anic: PE, EPDM, NBR, silikon ali Viton. Primerno tudi za reducirje S60.","robots":{"index":"index","follow":"follow","max-snippet":"max-snippet:-1","max-image-preview":"max-image-preview:large","max-video-preview":"max-video-preview:-1"},"canonical":"https:\/\/ibcparts.eu\/de\/produkt\/tesnilo-55x45x3\/","og_locale":"de_DE","og_type":"article","og_title":"Tesnilo 55\u00d745\u00d73 mm [za IBC adapter S60] (5 kosov)","og_description":"Tesnilo za IBC adapter S60 55\u00d745\u00d73 mm v kompletu 5 kosov. \u010cisti materiali brez me\u0161anic: PE, EPDM, NBR, silikon ali Viton. Primerno tudi za reducirje S60.","og_url":"https:\/\/ibcparts.eu\/de\/produkt\/tesnilo-55x45x3\/","og_site_name":"IBCparts.eu","article_modified_time":"2026-02-11T13:22:45+00:00","og_image":[{"width":768,"height":512,"url":"https:\/\/ibcparts.eu\/wp-content\/uploads\/2021\/11\/Tesnilo-za-IBC-cisterno-8.jpg","type":"image\/jpeg"}],"twitter_card":"summary_large_image","schema":{"@context":"https:\/\/schema.org","@graph":[{"@type":"WebPage","@id":"https:\/\/ibcparts.eu\/izdelek\/tesnilo-55x45x3\/","url":"https:\/\/ibcparts.eu\/izdelek\/tesnilo-55x45x3\/","name":"Tesnilo 55\u00d745\u00d73 mm [za IBC adapter S60] (5 kosov)","isPartOf":{"@id":"https:\/\/ibcparts.eu\/#website"},"primaryImageOfPage":{"@id":"https:\/\/ibcparts.eu\/izdelek\/tesnilo-55x45x3\/#primaryimage"},"image":{"@id":"https:\/\/ibcparts.eu\/izdelek\/tesnilo-55x45x3\/#primaryimage"},"thumbnailUrl":"https:\/\/ibcparts.eu\/wp-content\/uploads\/2021\/11\/Tesnilo-za-IBC-cisterno-8.jpg","datePublished":"2023-08-01T11:39:03+00:00","dateModified":"2026-02-11T13:22:45+00:00","description":"Tesnilo za IBC adapter S60 55\u00d745\u00d73 mm v kompletu 5 kosov. \u010cisti materiali brez me\u0161anic: PE, EPDM, NBR, silikon ali Viton. Primerno tudi za reducirje S60.","breadcrumb":{"@id":"https:\/\/ibcparts.eu\/izdelek\/tesnilo-55x45x3\/#breadcrumb"},"inLanguage":"de","potentialAction":[{"@type":"ReadAction","target":["https:\/\/ibcparts.eu\/izdelek\/tesnilo-55x45x3\/"]}]},{"@type":"ImageObject","inLanguage":"de","@id":"https:\/\/ibcparts.eu\/izdelek\/tesnilo-55x45x3\/#primaryimage","url":"https:\/\/ibcparts.eu\/wp-content\/uploads\/2021\/11\/Tesnilo-za-IBC-cisterno-8.jpg","contentUrl":"https:\/\/ibcparts.eu\/wp-content\/uploads\/2021\/11\/Tesnilo-za-IBC-cisterno-8.jpg","width":768,"height":512,"caption":"Tesnilo za IBC adapter S60 55\u00d745\u00d73 mm"},{"@type":"BreadcrumbList","@id":"https:\/\/ibcparts.eu\/izdelek\/tesnilo-55x45x3\/#breadcrumb","itemListElement":[{"@type":"ListItem","position":1,"name":"Home","item":"https:\/\/ibcparts.eu\/"},{"@type":"ListItem","position":2,"name":"Nakupujte","item":"https:\/\/ibcparts.eu\/nakupujte\/"},{"@type":"ListItem","position":3,"name":"Tesnilo 55\u00d745\u00d73 mm [za IBC adapter S60] (5 kosov)"}]},{"@type":"WebSite","@id":"https:\/\/ibcparts.eu\/#website","url":"https:\/\/ibcparts.eu\/","name":"IBC-Teile.eu","description":"","publisher":{"@id":"https:\/\/ibcparts.eu\/#organization"},"potentialAction":[{"@type":"SearchAction","target":{"@type":"EntryPoint","urlTemplate":"https:\/\/ibcparts.eu\/?s={search_term_string}"},"query-input":{"@type":"PropertyValueSpecification","valueRequired":true,"valueName":"search_term_string"}}],"inLanguage":"de"},{"@type":"Organization","@id":"https:\/\/ibcparts.eu\/#organization","name":"IBC-Teile","url":"https:\/\/ibcparts.eu\/","logo":{"@type":"ImageObject","inLanguage":"de","@id":"https:\/\/ibcparts.eu\/#\/schema\/logo\/image\/","url":"https:\/\/ibcparts.eu\/wp-content\/uploads\/2021\/10\/Footer-Logo.png","contentUrl":"https:\/\/ibcparts.eu\/wp-content\/uploads\/2021\/10\/Footer-Logo.png","width":1992,"height":772,"caption":"IBCparts"},"image":{"@id":"https:\/\/ibcparts.eu\/#\/schema\/logo\/image\/"}}]}},"_links":{"self":[{"href":"https:\/\/ibcparts.eu\/de\/wp-json\/wp\/v2\/product\/15456","targetHints":{"allow":["GET"]}}],"collection":[{"href":"https:\/\/ibcparts.eu\/de\/wp-json\/wp\/v2\/product"}],"about":[{"href":"https:\/\/ibcparts.eu\/de\/wp-json\/wp\/v2\/types\/product"}],"version-history":[{"count":5,"href":"https:\/\/ibcparts.eu\/de\/wp-json\/wp\/v2\/product\/15456\/revisions"}],"predecessor-version":[{"id":20606,"href":"https:\/\/ibcparts.eu\/de\/wp-json\/wp\/v2\/product\/15456\/revisions\/20606"}],"wp:featuredmedia":[{"embeddable":true,"href":"https:\/\/ibcparts.eu\/de\/wp-json\/wp\/v2\/media\/19427"}],"wp:attachment":[{"href":"https:\/\/ibcparts.eu\/de\/wp-json\/wp\/v2\/media?parent=15456"}],"wp:term":[{"taxonomy":"product_brand","embeddable":true,"href":"https:\/\/ibcparts.eu\/de\/wp-json\/wp\/v2\/product_brand?post=15456"},{"taxonomy":"product_cat","embeddable":true,"href":"https:\/\/ibcparts.eu\/de\/wp-json\/wp\/v2\/product_cat?post=15456"},{"taxonomy":"product_tag","embeddable":true,"href":"https:\/\/ibcparts.eu\/de\/wp-json\/wp\/v2\/product_tag?post=15456"}],"curies":[{"name":"wp","href":"https:\/\/api.w.org\/{rel}","templated":true}]}}