{"id":14888,"date":"2023-04-11T06:29:30","date_gmt":"2023-04-11T05:29:30","guid":{"rendered":"https:\/\/ibcparts.eu\/?post_type=product&#038;p=14888"},"modified":"2026-01-13T14:34:50","modified_gmt":"2026-01-13T13:34:50","slug":"komplet-ava-long","status":"publish","type":"product","link":"https:\/\/ibcparts.eu\/de\/produkt\/komplet-ava-long\/","title":{"rendered":"AVA LONG Satz"},"content":{"rendered":"","protected":false},"excerpt":{"rendered":"<h2 data-start=\"111\" data-end=\"153\">AVA LONG Set f\u00fcr IBC-Container<\/h2>\n<p data-start=\"157\" data-end=\"201\"><strong data-start=\"157\" data-end=\"170\">Sehr starkes, SEHR verl\u00e4ngertes, UV-best\u00e4ndiges Set<\/strong><\/p>\n<p data-start=\"157\" data-end=\"201\" class=\" translation-block\"><strong data-start=\"204\" data-end=\"216\">Dichtung:<\/strong> EPDM-Gummi aus reinem Material, <strong data-start=\"244\" data-end=\"267\">exklusiv bei uns<\/strong><\/p>\n<p data-start=\"204\" data-end=\"269\"><strong data-start=\"204\" data-end=\"216\">Dichtung:<\/strong>\u00a0EPDM guma iz \u010distega materiala,\u00a0<strong data-start=\"244\" data-end=\"267\">ekskluzivno pri nas<\/strong><\/p>\n<p data-start=\"272\" data-end=\"392\"><strong data-start=\"272\" data-end=\"283\">Ventil:<\/strong> <strong>FF PRO automatic<\/strong>\u00a0\u2013 mo\u010dan ventil za zelo hiter pretok, odli\u010dno deluje\u00a0<strong data-start=\"357\" data-end=\"390\">brez pritiska (gravitacijsko), sicer do 10 barov.<\/strong><\/p>\n<p data-start=\"272\" data-end=\"392\"><strong>PP-Verl\u00e4ngerung, L\u00e4nge 150 mm.<\/strong><\/p>\n<p data-start=\"395\" data-end=\"483\" class=\" translation-block\"><strong data-start=\"395\" data-end=\"410\">Anschluss:<\/strong> <strong data-start=\"411\" data-end=\"442\">90\u00b0 Winkelanschluss (nach unten)<\/strong> \u2013 Schlaucht\u00fclle f\u00fcr flexiblen armierten Schlauch<\/p>\n<p data-start=\"486\" data-end=\"544\" class=\" translation-block\"><strong data-start=\"486\" data-end=\"498\">Verwendung:<\/strong> auch sehr gut geeignet f\u00fcr <strong data-start=\"521\" data-end=\"542\">das Umf\u00fcllen von AdBlue und wenn ein verl\u00e4ngerter, kontrollierter Auslauf aus der Zisterne ben\u00f6tigt wird.<\/strong><\/p>\n<p data-start=\"547\" data-end=\"563\"><strong data-start=\"547\" data-end=\"561\">Gr\u00f6\u00dfen:<\/strong><\/p>\n<ul>\n<li data-start=\"568\" data-end=\"615\">Schlaucht\u00fclle <strong>20 mm<\/strong><\/li>\n<li data-start=\"620\" data-end=\"665\">Schlaucht\u00fclle <strong>25 mm<\/strong><\/li>\n<\/ul>\n<div><\/div>\n<div class=\" translation-block\">Das auf dieser Seite gezeigte Set ist <strong>bereits montiert<\/strong> und passt zu IBC-Zisternen mit einem Ventil mit einem Au\u00dfengewindedurchmesser von 55\u201360 mm und einem Gewindeabstand von ca. 6 mm (grobes Gewinde).<\/div>\n<div class=\"paragraph\">\n<p><strong>S60x6<\/strong> \/ DN50 \u2013 Dies ist das klassische, am h\u00e4ufigsten verwendete Gewinde an Zisternen.<\/p>\n<\/div>\n<div><\/div>\n<div>\n<div>Wenn Ihr Tank ein anderes Gewinde am Ventil hat, lesen Sie bitte\u00a0<a href=\"https:\/\/ibcparts.eu\/ibc-info\/\">IBC INFO<\/a>.<\/div>\n<div><\/div>\n<\/div>\n<div>Verwenden Sie kein Teflonband auf dem Ventil. Dies ist eine Gleitringdichtung und das Geh\u00e4use sollte ohne Teflonband abdichten.<\/div>\n<div>Wenn es nicht undicht ist, pr\u00fcfen Sie, ob das Ventil an der Vorderseite Ihres Tanks besch\u00e4digt ist oder gr\u00f6\u00dfere Unregelm\u00e4\u00dfigkeiten\/Schmutz aufweist.<\/div>","protected":false},"featured_media":14889,"template":"","meta":[],"product_brand":[],"product_cat":[316],"product_tag":[],"class_list":{"0":"post-14888","1":"product","2":"type-product","3":"status-publish","4":"has-post-thumbnail","6":"product_cat-kompleti-ava","8":"first","9":"instock","10":"sale","11":"shipping-taxable","12":"purchasable","13":"product-type-simple"},"yoast_head":"<!-- This site is optimized with the Yoast SEO plugin v27.1.1 - https:\/\/yoast.com\/product\/yoast-seo-wordpress\/ -->\n<title>Komplet AVA LONG | IBCparts.eu<\/title>\n<meta name=\"description\" content=\"Priklju\u010dni ventil za IBC cisterno z ventilom in 150 mm podalj\u0161kom za primere, ko potrebujete dalj\u0161i iztok iz IBC cisterne. Gumijasto tesnilo\" \/>\n<meta name=\"robots\" content=\"index, follow, max-snippet:-1, max-image-preview:large, max-video-preview:-1\" \/>\n<link rel=\"canonical\" href=\"https:\/\/ibcparts.eu\/de\/produkt\/komplet-ava-long\/\" \/>\n<meta property=\"og:locale\" content=\"de_DE\" \/>\n<meta property=\"og:type\" content=\"article\" \/>\n<meta property=\"og:title\" content=\"Komplet AVA LONG | IBCparts.eu\" \/>\n<meta property=\"og:description\" content=\"Priklju\u010dni ventil za IBC cisterno z ventilom in 150 mm podalj\u0161kom za primere, ko potrebujete dalj\u0161i iztok iz IBC cisterne. Gumijasto tesnilo\" \/>\n<meta property=\"og:url\" content=\"https:\/\/ibcparts.eu\/de\/produkt\/komplet-ava-long\/\" \/>\n<meta property=\"og:site_name\" content=\"IBCparts.eu\" \/>\n<meta property=\"article:modified_time\" content=\"2026-01-13T13:34:50+00:00\" \/>\n<meta property=\"og:image\" content=\"https:\/\/ibcparts.eu\/wp-content\/uploads\/2023\/04\/komplet-ava-za-ibc-cisterno-13_orig.jpg\" \/>\n\t<meta property=\"og:image:width\" content=\"827\" \/>\n\t<meta property=\"og:image:height\" content=\"827\" \/>\n\t<meta property=\"og:image:type\" content=\"image\/jpeg\" \/>\n<meta name=\"twitter:card\" content=\"summary_large_image\" \/>\n<script type=\"application\/ld+json\" class=\"yoast-schema-graph\">{\"@context\":\"https:\/\/schema.org\",\"@graph\":[{\"@type\":\"WebPage\",\"@id\":\"https:\/\/ibcparts.eu\/izdelek\/komplet-ava-long\/\",\"url\":\"https:\/\/ibcparts.eu\/izdelek\/komplet-ava-long\/\",\"name\":\"Komplet AVA LONG | IBCparts.eu\",\"isPartOf\":{\"@id\":\"https:\/\/ibcparts.eu\/#website\"},\"primaryImageOfPage\":{\"@id\":\"https:\/\/ibcparts.eu\/izdelek\/komplet-ava-long\/#primaryimage\"},\"image\":{\"@id\":\"https:\/\/ibcparts.eu\/izdelek\/komplet-ava-long\/#primaryimage\"},\"thumbnailUrl\":\"https:\/\/ibcparts.eu\/wp-content\/uploads\/2023\/04\/komplet-ava-za-ibc-cisterno-13_orig.jpg\",\"datePublished\":\"2023-04-11T05:29:30+00:00\",\"dateModified\":\"2026-01-13T13:34:50+00:00\",\"description\":\"Priklju\u010dni ventil za IBC cisterno z ventilom in 150 mm podalj\u0161kom za primere, ko potrebujete dalj\u0161i iztok iz IBC cisterne. Gumijasto tesnilo\",\"breadcrumb\":{\"@id\":\"https:\/\/ibcparts.eu\/izdelek\/komplet-ava-long\/#breadcrumb\"},\"inLanguage\":\"de\",\"potentialAction\":[{\"@type\":\"ReadAction\",\"target\":[\"https:\/\/ibcparts.eu\/izdelek\/komplet-ava-long\/\"]}]},{\"@type\":\"ImageObject\",\"inLanguage\":\"de\",\"@id\":\"https:\/\/ibcparts.eu\/izdelek\/komplet-ava-long\/#primaryimage\",\"url\":\"https:\/\/ibcparts.eu\/wp-content\/uploads\/2023\/04\/komplet-ava-za-ibc-cisterno-13_orig.jpg\",\"contentUrl\":\"https:\/\/ibcparts.eu\/wp-content\/uploads\/2023\/04\/komplet-ava-za-ibc-cisterno-13_orig.jpg\",\"width\":827,\"height\":827},{\"@type\":\"BreadcrumbList\",\"@id\":\"https:\/\/ibcparts.eu\/izdelek\/komplet-ava-long\/#breadcrumb\",\"itemListElement\":[{\"@type\":\"ListItem\",\"position\":1,\"name\":\"Home\",\"item\":\"https:\/\/ibcparts.eu\/\"},{\"@type\":\"ListItem\",\"position\":2,\"name\":\"Nakupujte\",\"item\":\"https:\/\/ibcparts.eu\/nakupujte\/\"},{\"@type\":\"ListItem\",\"position\":3,\"name\":\"Komplet AVA LONG\"}]},{\"@type\":\"WebSite\",\"@id\":\"https:\/\/ibcparts.eu\/#website\",\"url\":\"https:\/\/ibcparts.eu\/\",\"name\":\"IBCparts.eu\",\"description\":\"\",\"publisher\":{\"@id\":\"https:\/\/ibcparts.eu\/#organization\"},\"potentialAction\":[{\"@type\":\"SearchAction\",\"target\":{\"@type\":\"EntryPoint\",\"urlTemplate\":\"https:\/\/ibcparts.eu\/?s={search_term_string}\"},\"query-input\":{\"@type\":\"PropertyValueSpecification\",\"valueRequired\":true,\"valueName\":\"search_term_string\"}}],\"inLanguage\":\"de\"},{\"@type\":\"Organization\",\"@id\":\"https:\/\/ibcparts.eu\/#organization\",\"name\":\"IBCparts\",\"url\":\"https:\/\/ibcparts.eu\/\",\"logo\":{\"@type\":\"ImageObject\",\"inLanguage\":\"de\",\"@id\":\"https:\/\/ibcparts.eu\/#\/schema\/logo\/image\/\",\"url\":\"https:\/\/ibcparts.eu\/wp-content\/uploads\/2021\/10\/Footer-Logo.png\",\"contentUrl\":\"https:\/\/ibcparts.eu\/wp-content\/uploads\/2021\/10\/Footer-Logo.png\",\"width\":1992,\"height\":772,\"caption\":\"IBCparts\"},\"image\":{\"@id\":\"https:\/\/ibcparts.eu\/#\/schema\/logo\/image\/\"}}]}<\/script>\n<!-- \/ Yoast SEO plugin. -->","yoast_head_json":{"title":"AVA LONG Satz | IBCparts.eu","description":"Priklju\u010dni ventil za IBC cisterno z ventilom in 150 mm podalj\u0161kom za primere, ko potrebujete dalj\u0161i iztok iz IBC cisterne. Gumijasto tesnilo","robots":{"index":"index","follow":"follow","max-snippet":"max-snippet:-1","max-image-preview":"max-image-preview:large","max-video-preview":"max-video-preview:-1"},"canonical":"https:\/\/ibcparts.eu\/de\/produkt\/komplet-ava-long\/","og_locale":"de_DE","og_type":"article","og_title":"Komplet AVA LONG | IBCparts.eu","og_description":"Priklju\u010dni ventil za IBC cisterno z ventilom in 150 mm podalj\u0161kom za primere, ko potrebujete dalj\u0161i iztok iz IBC cisterne. Gumijasto tesnilo","og_url":"https:\/\/ibcparts.eu\/de\/produkt\/komplet-ava-long\/","og_site_name":"IBCparts.eu","article_modified_time":"2026-01-13T13:34:50+00:00","og_image":[{"width":827,"height":827,"url":"https:\/\/ibcparts.eu\/wp-content\/uploads\/2023\/04\/komplet-ava-za-ibc-cisterno-13_orig.jpg","type":"image\/jpeg"}],"twitter_card":"summary_large_image","schema":{"@context":"https:\/\/schema.org","@graph":[{"@type":"WebPage","@id":"https:\/\/ibcparts.eu\/izdelek\/komplet-ava-long\/","url":"https:\/\/ibcparts.eu\/izdelek\/komplet-ava-long\/","name":"AVA LONG Satz | IBCparts.eu","isPartOf":{"@id":"https:\/\/ibcparts.eu\/#website"},"primaryImageOfPage":{"@id":"https:\/\/ibcparts.eu\/izdelek\/komplet-ava-long\/#primaryimage"},"image":{"@id":"https:\/\/ibcparts.eu\/izdelek\/komplet-ava-long\/#primaryimage"},"thumbnailUrl":"https:\/\/ibcparts.eu\/wp-content\/uploads\/2023\/04\/komplet-ava-za-ibc-cisterno-13_orig.jpg","datePublished":"2023-04-11T05:29:30+00:00","dateModified":"2026-01-13T13:34:50+00:00","description":"Priklju\u010dni ventil za IBC cisterno z ventilom in 150 mm podalj\u0161kom za primere, ko potrebujete dalj\u0161i iztok iz IBC cisterne. Gumijasto tesnilo","breadcrumb":{"@id":"https:\/\/ibcparts.eu\/izdelek\/komplet-ava-long\/#breadcrumb"},"inLanguage":"de","potentialAction":[{"@type":"ReadAction","target":["https:\/\/ibcparts.eu\/izdelek\/komplet-ava-long\/"]}]},{"@type":"ImageObject","inLanguage":"de","@id":"https:\/\/ibcparts.eu\/izdelek\/komplet-ava-long\/#primaryimage","url":"https:\/\/ibcparts.eu\/wp-content\/uploads\/2023\/04\/komplet-ava-za-ibc-cisterno-13_orig.jpg","contentUrl":"https:\/\/ibcparts.eu\/wp-content\/uploads\/2023\/04\/komplet-ava-za-ibc-cisterno-13_orig.jpg","width":827,"height":827},{"@type":"BreadcrumbList","@id":"https:\/\/ibcparts.eu\/izdelek\/komplet-ava-long\/#breadcrumb","itemListElement":[{"@type":"ListItem","position":1,"name":"Home","item":"https:\/\/ibcparts.eu\/"},{"@type":"ListItem","position":2,"name":"Nakupujte","item":"https:\/\/ibcparts.eu\/nakupujte\/"},{"@type":"ListItem","position":3,"name":"Komplet AVA LONG"}]},{"@type":"WebSite","@id":"https:\/\/ibcparts.eu\/#website","url":"https:\/\/ibcparts.eu\/","name":"IBC-Teile.eu","description":"","publisher":{"@id":"https:\/\/ibcparts.eu\/#organization"},"potentialAction":[{"@type":"SearchAction","target":{"@type":"EntryPoint","urlTemplate":"https:\/\/ibcparts.eu\/?s={search_term_string}"},"query-input":{"@type":"PropertyValueSpecification","valueRequired":true,"valueName":"search_term_string"}}],"inLanguage":"de"},{"@type":"Organization","@id":"https:\/\/ibcparts.eu\/#organization","name":"IBC-Teile","url":"https:\/\/ibcparts.eu\/","logo":{"@type":"ImageObject","inLanguage":"de","@id":"https:\/\/ibcparts.eu\/#\/schema\/logo\/image\/","url":"https:\/\/ibcparts.eu\/wp-content\/uploads\/2021\/10\/Footer-Logo.png","contentUrl":"https:\/\/ibcparts.eu\/wp-content\/uploads\/2021\/10\/Footer-Logo.png","width":1992,"height":772,"caption":"IBCparts"},"image":{"@id":"https:\/\/ibcparts.eu\/#\/schema\/logo\/image\/"}}]}},"_links":{"self":[{"href":"https:\/\/ibcparts.eu\/de\/wp-json\/wp\/v2\/product\/14888","targetHints":{"allow":["GET"]}}],"collection":[{"href":"https:\/\/ibcparts.eu\/de\/wp-json\/wp\/v2\/product"}],"about":[{"href":"https:\/\/ibcparts.eu\/de\/wp-json\/wp\/v2\/types\/product"}],"version-history":[{"count":5,"href":"https:\/\/ibcparts.eu\/de\/wp-json\/wp\/v2\/product\/14888\/revisions"}],"predecessor-version":[{"id":20234,"href":"https:\/\/ibcparts.eu\/de\/wp-json\/wp\/v2\/product\/14888\/revisions\/20234"}],"wp:featuredmedia":[{"embeddable":true,"href":"https:\/\/ibcparts.eu\/de\/wp-json\/wp\/v2\/media\/14889"}],"wp:attachment":[{"href":"https:\/\/ibcparts.eu\/de\/wp-json\/wp\/v2\/media?parent=14888"}],"wp:term":[{"taxonomy":"product_brand","embeddable":true,"href":"https:\/\/ibcparts.eu\/de\/wp-json\/wp\/v2\/product_brand?post=14888"},{"taxonomy":"product_cat","embeddable":true,"href":"https:\/\/ibcparts.eu\/de\/wp-json\/wp\/v2\/product_cat?post=14888"},{"taxonomy":"product_tag","embeddable":true,"href":"https:\/\/ibcparts.eu\/de\/wp-json\/wp\/v2\/product_tag?post=14888"}],"curies":[{"name":"wp","href":"https:\/\/api.w.org\/{rel}","templated":true}]}}