{"id":14855,"date":"2023-04-11T05:59:49","date_gmt":"2023-04-11T04:59:49","guid":{"rendered":"https:\/\/ibcparts.eu\/?post_type=product&#038;p=14855"},"modified":"2026-01-16T10:09:03","modified_gmt":"2026-01-16T09:09:03","slug":"komplet-ava-3-4","status":"publish","type":"product","link":"https:\/\/ibcparts.eu\/de\/produkt\/komplet-ava-3-4\/","title":{"rendered":"AVA 3\/4\u2033 GardenFlow Set"},"content":{"rendered":"","protected":false},"excerpt":{"rendered":"<div>\n<h2 class=\" translation-block\">Wir pr\u00e4sentieren Ihnen das <strong>AVA 3\/4\u2033 GardenFlow Set \u2013 Anschlussarmatur f\u00fcr IBC-Container<\/strong><\/h2>\n<ul>\n<li data-start=\"207\" data-end=\"251\" class=\" translation-block\"><strong data-start=\"171\" data-end=\"184\">Material:<\/strong> hochwertiges PP (Polypropylen)<\/li>\n<li><strong>Sehr starkes, verl\u00e4ngertes, UV-best\u00e4ndiges Set<\/strong><\/li>\n<li data-start=\"254\" data-end=\"319\" class=\" translation-block\"><strong data-start=\"254\" data-end=\"266\">Dichtung:<\/strong> EPDM aus reinem Material, <strong data-start=\"294\" data-end=\"317\">exklusiv bei uns<\/strong><\/li>\n<li data-start=\"322\" data-end=\"424\" class=\" translation-block\"><strong data-start=\"322\" data-end=\"331\">Hahn:<\/strong> <strong data-start=\"332\" data-end=\"351\">3\/4\u2033 GardenFlow<\/strong> \u2013 Innendurchmesser des Hahns: 10 mm.<\/li>\n<li data-start=\"495\" data-end=\"553\" class=\" translation-block\"><strong data-start=\"518\" data-end=\"530\">Montage:<\/strong> f\u00fcr Sie montiert, einsatzbereit<\/li>\n<li data-start=\"556\" data-end=\"615\" class=\" translation-block\"><strong data-start=\"579\" data-end=\"598\">Kompatibilit\u00e4t:<\/strong> IBC-Container mit <strong data-start=\"622\" data-end=\"638\">S60x6 (DN50)-Gewinde \u2013 dies ist das klassische, am h\u00e4ufigsten verwendete Gewinde an Containern.<\/strong><\/li>\n<\/ul>\n<\/div>\n<div class=\"paragraph\">\n<p class=\" translation-block\">Das auf dieser Seite gezeigte Set ist <strong>bereits montiert<\/strong> und passt zu IBC-Containern mit einem Ventil mit einem Au\u00dfengewindedurchmesser von 55\u201360 mm und einem Gewindeabstand von ca. 6 mm (Gro\u00dfgewinde).<\/p>\n<\/div>\n<div><\/div>\n<div>\n<div class=\" translation-block\">Wenn Ihr Tank ein anderes Gewinde am Ventil hat, lesen Sie <a href=\"https:\/\/ibcparts.eu\/ibc-info\/\" target=\"_self\">IBC INFO<\/a>.<\/div>\n<div><\/div>\n<\/div>\n<div>Verwenden Sie kein Teflonband auf dem Ventil. Dies ist eine Gleitringdichtung und das Geh\u00e4use sollte ohne Teflonband abdichten.<\/div>\n<div>Wenn es nicht undicht ist, pr\u00fcfen Sie, ob das Ventil an der Vorderseite Ihres Tanks besch\u00e4digt ist oder gr\u00f6\u00dfere Unregelm\u00e4\u00dfigkeiten\/Schmutz aufweist.<\/div>\n<div><\/div>\n<div><\/div>\n<div><\/div>\n<div><\/div>\n<div class=\"paragraph\"><strong>Bei uns erhalten Sie einen Bausatz, der genau auf Ihre Anforderungen zugeschnitten ist.<\/strong><br \/>\n<span style=\"font-size: small;\"><br \/>\n<strong>Kurze Tipps zur Auswahl des richtigen AVA-Kits:<\/strong><\/span><\/p>\n<ul>\n<li><span style=\"font-size: small;\"><strong>1\/2&#8243;<\/strong> <strong>EconomyFlow<\/strong> W\u00e4hlen Sie einen Wasserhahn, wenn jeder Euro wichtig ist. Der Durchfluss ist gering. Innendurchmesser: <strong>8 mm<\/strong>.<\/span><\/li>\n<li><span style=\"font-size: small;\"><strong>1\/2\u2033 Doppelhahn PRO <\/strong>ist sehr n\u00fctzlich, da er einen dauerhaften Anschluss des Gartenschlauchs erm\u00f6glicht.<\/span><\/li>\n<li><span style=\"font-size: small;\"><strong>3\/4\u2033 GardenFlow<\/strong>\u00a0ein Wasserhahn ist die \u00fcbliche Wahl bei der Verwendung von\u00a0<strong>\"Klick\"-Anschluss f\u00fcr Gartenschlauch<\/strong>\u00a0(Innendurchmesser:\u00a0<strong>9 mm<\/strong>.) und gelegentlich auch direkt in die Gie\u00dfkanne. 3\/4\u2033 Gewindebohrer-Innendurchmesser:\u00a0<strong>10 mm<\/strong>.<\/span><\/li>\n<li><span style=\"font-size: small;\"><strong>3\/4\u2033 HighFlow<\/strong> der Wasserhahn ist eine gute Wahl bei der Verwendung <strong>\"Klick\"-Anschluss f\u00fcr Gartenschlauch<\/strong>\u00a0(Innendurchmesser:\u00a0<strong>9 mm<\/strong>.) und entfernen Sie die Klick-Kupplung f\u00fcr einen schnelleren \u00dcberlauf in die Gie\u00dfkanne. 3\/4\u2033 Hahn-Innendurchmesser: <strong>12 mm<\/strong>.<\/span><\/li>\n<li><span style=\"font-size: small;\"><strong>3\/4\u2033 Doppelhahn PRO<\/strong> sehr n\u00fctzlich, da er einen permanenten Anschluss an den Gartenschlauch erm\u00f6glicht und der Durchfluss zum Regner sehr gut ist, auch wenn beide Ausg\u00e4nge gleichzeitig ge\u00f6ffnet sind - Innendurchmesser <strong>12 mm<\/strong>.<\/span><\/li>\n<li><span style=\"font-size: small;\"><strong>1\u2033 QuickFlow <\/strong>der Wasserhahn ist f\u00fcr den schnellstm\u00f6glichen Durchfluss in die Gie\u00dfkanne. Sie k\u00f6nnen jedoch keinen Gartenschlauch daran anschlie\u00dfen. Innendurchmesser:\u00a0<strong>15 mm<\/strong>.<\/span><\/li>\n<li><span style=\"font-size: small;\"><strong>Ventile <\/strong>haben eine h\u00f6here Durchflussmenge als Wasserh\u00e4hne.<\/span><\/li>\n<li><span style=\"font-size: small;\">Alle Wasserh\u00e4hne haben einen Auslauf\u00a0<strong>Kunststoffgeflecht<\/strong>\u00a0um den Ausgang zu bilden. Wenn sich Verunreinigungen im Tank befinden, k\u00f6nnen sie sich in diesem Netz verfangen und der Durchfluss wird nicht mehr maximiert. Diese Masche\u00a0<strong>k\u00f6nnen leicht entfernt werden.<\/strong><\/span><\/li>\n<\/ul>\n<\/div>","protected":false},"featured_media":14856,"template":"","meta":[],"product_brand":[],"product_cat":[316],"product_tag":[],"class_list":{"0":"post-14855","1":"product","2":"type-product","3":"status-publish","4":"has-post-thumbnail","6":"product_cat-kompleti-ava","8":"first","9":"instock","10":"shipping-taxable","11":"purchasable","12":"product-type-simple"},"yoast_head":"<!-- This site is optimized with the Yoast SEO plugin v27.1.1 - https:\/\/yoast.com\/product\/yoast-seo-wordpress\/ -->\n<title>Komplet AVA 3\/4&quot; GardenFlow | IBCparts.eu<\/title>\n<meta name=\"description\" content=\"Komplet AVA 3\/4\u2033 GardenFlow za IBC cisterne S60x6. Kakovostna priklju\u010dna pipa z EPDM tesnilom, idealna za vrtno cev in zalivalko, sestavljeno, pripravljeno za uporabo.\" \/>\n<meta name=\"robots\" content=\"index, follow, max-snippet:-1, max-image-preview:large, max-video-preview:-1\" \/>\n<link rel=\"canonical\" href=\"https:\/\/ibcparts.eu\/de\/produkt\/komplet-ava-3-4\/\" \/>\n<meta property=\"og:locale\" content=\"de_DE\" \/>\n<meta property=\"og:type\" content=\"article\" \/>\n<meta property=\"og:title\" content=\"Komplet AVA 3\/4&quot; GardenFlow | IBCparts.eu\" \/>\n<meta property=\"og:description\" content=\"Komplet AVA 3\/4\u2033 GardenFlow za IBC cisterne S60x6. Kakovostna priklju\u010dna pipa z EPDM tesnilom, idealna za vrtno cev in zalivalko, sestavljeno, pripravljeno za uporabo.\" \/>\n<meta property=\"og:url\" content=\"https:\/\/ibcparts.eu\/de\/produkt\/komplet-ava-3-4\/\" \/>\n<meta property=\"og:site_name\" content=\"IBCparts.eu\" \/>\n<meta property=\"article:modified_time\" content=\"2026-01-16T09:09:03+00:00\" \/>\n<meta property=\"og:image\" content=\"https:\/\/ibcparts.eu\/wp-content\/uploads\/2023\/04\/komplet-ava-za-ibc-cisterno-2_orig.jpg\" \/>\n\t<meta property=\"og:image:width\" content=\"827\" \/>\n\t<meta property=\"og:image:height\" content=\"827\" \/>\n\t<meta property=\"og:image:type\" content=\"image\/jpeg\" \/>\n<meta name=\"twitter:card\" content=\"summary_large_image\" \/>\n<script type=\"application\/ld+json\" class=\"yoast-schema-graph\">{\"@context\":\"https:\/\/schema.org\",\"@graph\":[{\"@type\":\"WebPage\",\"@id\":\"https:\/\/ibcparts.eu\/izdelek\/komplet-ava-3-4\/\",\"url\":\"https:\/\/ibcparts.eu\/izdelek\/komplet-ava-3-4\/\",\"name\":\"Komplet AVA 3\/4\\\" GardenFlow | IBCparts.eu\",\"isPartOf\":{\"@id\":\"https:\/\/ibcparts.eu\/#website\"},\"primaryImageOfPage\":{\"@id\":\"https:\/\/ibcparts.eu\/izdelek\/komplet-ava-3-4\/#primaryimage\"},\"image\":{\"@id\":\"https:\/\/ibcparts.eu\/izdelek\/komplet-ava-3-4\/#primaryimage\"},\"thumbnailUrl\":\"https:\/\/ibcparts.eu\/wp-content\/uploads\/2023\/04\/komplet-ava-za-ibc-cisterno-2_orig.jpg\",\"datePublished\":\"2023-04-11T04:59:49+00:00\",\"dateModified\":\"2026-01-16T09:09:03+00:00\",\"description\":\"Komplet AVA 3\/4\u2033 GardenFlow za IBC cisterne S60x6. Kakovostna priklju\u010dna pipa z EPDM tesnilom, idealna za vrtno cev in zalivalko, sestavljeno, pripravljeno za uporabo.\",\"breadcrumb\":{\"@id\":\"https:\/\/ibcparts.eu\/izdelek\/komplet-ava-3-4\/#breadcrumb\"},\"inLanguage\":\"de\",\"potentialAction\":[{\"@type\":\"ReadAction\",\"target\":[\"https:\/\/ibcparts.eu\/izdelek\/komplet-ava-3-4\/\"]}]},{\"@type\":\"ImageObject\",\"inLanguage\":\"de\",\"@id\":\"https:\/\/ibcparts.eu\/izdelek\/komplet-ava-3-4\/#primaryimage\",\"url\":\"https:\/\/ibcparts.eu\/wp-content\/uploads\/2023\/04\/komplet-ava-za-ibc-cisterno-2_orig.jpg\",\"contentUrl\":\"https:\/\/ibcparts.eu\/wp-content\/uploads\/2023\/04\/komplet-ava-za-ibc-cisterno-2_orig.jpg\",\"width\":827,\"height\":827},{\"@type\":\"BreadcrumbList\",\"@id\":\"https:\/\/ibcparts.eu\/izdelek\/komplet-ava-3-4\/#breadcrumb\",\"itemListElement\":[{\"@type\":\"ListItem\",\"position\":1,\"name\":\"Home\",\"item\":\"https:\/\/ibcparts.eu\/\"},{\"@type\":\"ListItem\",\"position\":2,\"name\":\"Nakupujte\",\"item\":\"https:\/\/ibcparts.eu\/nakupujte\/\"},{\"@type\":\"ListItem\",\"position\":3,\"name\":\"Komplet AVA 3\/4&#8243; GardenFlow\"}]},{\"@type\":\"WebSite\",\"@id\":\"https:\/\/ibcparts.eu\/#website\",\"url\":\"https:\/\/ibcparts.eu\/\",\"name\":\"IBCparts.eu\",\"description\":\"\",\"publisher\":{\"@id\":\"https:\/\/ibcparts.eu\/#organization\"},\"potentialAction\":[{\"@type\":\"SearchAction\",\"target\":{\"@type\":\"EntryPoint\",\"urlTemplate\":\"https:\/\/ibcparts.eu\/?s={search_term_string}\"},\"query-input\":{\"@type\":\"PropertyValueSpecification\",\"valueRequired\":true,\"valueName\":\"search_term_string\"}}],\"inLanguage\":\"de\"},{\"@type\":\"Organization\",\"@id\":\"https:\/\/ibcparts.eu\/#organization\",\"name\":\"IBCparts\",\"url\":\"https:\/\/ibcparts.eu\/\",\"logo\":{\"@type\":\"ImageObject\",\"inLanguage\":\"de\",\"@id\":\"https:\/\/ibcparts.eu\/#\/schema\/logo\/image\/\",\"url\":\"https:\/\/ibcparts.eu\/wp-content\/uploads\/2021\/10\/Footer-Logo.png\",\"contentUrl\":\"https:\/\/ibcparts.eu\/wp-content\/uploads\/2021\/10\/Footer-Logo.png\",\"width\":1992,\"height\":772,\"caption\":\"IBCparts\"},\"image\":{\"@id\":\"https:\/\/ibcparts.eu\/#\/schema\/logo\/image\/\"}}]}<\/script>\n<!-- \/ Yoast SEO plugin. -->","yoast_head_json":{"title":"AVA 3\/4\" GardenFlow Satz | IBCparts.eu","description":"Komplet AVA 3\/4\u2033 GardenFlow za IBC cisterne S60x6. Kakovostna priklju\u010dna pipa z EPDM tesnilom, idealna za vrtno cev in zalivalko, sestavljeno, pripravljeno za uporabo.","robots":{"index":"index","follow":"follow","max-snippet":"max-snippet:-1","max-image-preview":"max-image-preview:large","max-video-preview":"max-video-preview:-1"},"canonical":"https:\/\/ibcparts.eu\/de\/produkt\/komplet-ava-3-4\/","og_locale":"de_DE","og_type":"article","og_title":"Komplet AVA 3\/4\" GardenFlow | IBCparts.eu","og_description":"Komplet AVA 3\/4\u2033 GardenFlow za IBC cisterne S60x6. Kakovostna priklju\u010dna pipa z EPDM tesnilom, idealna za vrtno cev in zalivalko, sestavljeno, pripravljeno za uporabo.","og_url":"https:\/\/ibcparts.eu\/de\/produkt\/komplet-ava-3-4\/","og_site_name":"IBCparts.eu","article_modified_time":"2026-01-16T09:09:03+00:00","og_image":[{"width":827,"height":827,"url":"https:\/\/ibcparts.eu\/wp-content\/uploads\/2023\/04\/komplet-ava-za-ibc-cisterno-2_orig.jpg","type":"image\/jpeg"}],"twitter_card":"summary_large_image","schema":{"@context":"https:\/\/schema.org","@graph":[{"@type":"WebPage","@id":"https:\/\/ibcparts.eu\/izdelek\/komplet-ava-3-4\/","url":"https:\/\/ibcparts.eu\/izdelek\/komplet-ava-3-4\/","name":"AVA 3\/4\" GardenFlow Satz | IBCparts.eu","isPartOf":{"@id":"https:\/\/ibcparts.eu\/#website"},"primaryImageOfPage":{"@id":"https:\/\/ibcparts.eu\/izdelek\/komplet-ava-3-4\/#primaryimage"},"image":{"@id":"https:\/\/ibcparts.eu\/izdelek\/komplet-ava-3-4\/#primaryimage"},"thumbnailUrl":"https:\/\/ibcparts.eu\/wp-content\/uploads\/2023\/04\/komplet-ava-za-ibc-cisterno-2_orig.jpg","datePublished":"2023-04-11T04:59:49+00:00","dateModified":"2026-01-16T09:09:03+00:00","description":"Komplet AVA 3\/4\u2033 GardenFlow za IBC cisterne S60x6. Kakovostna priklju\u010dna pipa z EPDM tesnilom, idealna za vrtno cev in zalivalko, sestavljeno, pripravljeno za uporabo.","breadcrumb":{"@id":"https:\/\/ibcparts.eu\/izdelek\/komplet-ava-3-4\/#breadcrumb"},"inLanguage":"de","potentialAction":[{"@type":"ReadAction","target":["https:\/\/ibcparts.eu\/izdelek\/komplet-ava-3-4\/"]}]},{"@type":"ImageObject","inLanguage":"de","@id":"https:\/\/ibcparts.eu\/izdelek\/komplet-ava-3-4\/#primaryimage","url":"https:\/\/ibcparts.eu\/wp-content\/uploads\/2023\/04\/komplet-ava-za-ibc-cisterno-2_orig.jpg","contentUrl":"https:\/\/ibcparts.eu\/wp-content\/uploads\/2023\/04\/komplet-ava-za-ibc-cisterno-2_orig.jpg","width":827,"height":827},{"@type":"BreadcrumbList","@id":"https:\/\/ibcparts.eu\/izdelek\/komplet-ava-3-4\/#breadcrumb","itemListElement":[{"@type":"ListItem","position":1,"name":"Home","item":"https:\/\/ibcparts.eu\/"},{"@type":"ListItem","position":2,"name":"Nakupujte","item":"https:\/\/ibcparts.eu\/nakupujte\/"},{"@type":"ListItem","position":3,"name":"Komplet AVA 3\/4&#8243; GardenFlow"}]},{"@type":"WebSite","@id":"https:\/\/ibcparts.eu\/#website","url":"https:\/\/ibcparts.eu\/","name":"IBC-Teile.eu","description":"","publisher":{"@id":"https:\/\/ibcparts.eu\/#organization"},"potentialAction":[{"@type":"SearchAction","target":{"@type":"EntryPoint","urlTemplate":"https:\/\/ibcparts.eu\/?s={search_term_string}"},"query-input":{"@type":"PropertyValueSpecification","valueRequired":true,"valueName":"search_term_string"}}],"inLanguage":"de"},{"@type":"Organization","@id":"https:\/\/ibcparts.eu\/#organization","name":"IBC-Teile","url":"https:\/\/ibcparts.eu\/","logo":{"@type":"ImageObject","inLanguage":"de","@id":"https:\/\/ibcparts.eu\/#\/schema\/logo\/image\/","url":"https:\/\/ibcparts.eu\/wp-content\/uploads\/2021\/10\/Footer-Logo.png","contentUrl":"https:\/\/ibcparts.eu\/wp-content\/uploads\/2021\/10\/Footer-Logo.png","width":1992,"height":772,"caption":"IBCparts"},"image":{"@id":"https:\/\/ibcparts.eu\/#\/schema\/logo\/image\/"}}]}},"_links":{"self":[{"href":"https:\/\/ibcparts.eu\/de\/wp-json\/wp\/v2\/product\/14855","targetHints":{"allow":["GET"]}}],"collection":[{"href":"https:\/\/ibcparts.eu\/de\/wp-json\/wp\/v2\/product"}],"about":[{"href":"https:\/\/ibcparts.eu\/de\/wp-json\/wp\/v2\/types\/product"}],"version-history":[{"count":7,"href":"https:\/\/ibcparts.eu\/de\/wp-json\/wp\/v2\/product\/14855\/revisions"}],"predecessor-version":[{"id":20225,"href":"https:\/\/ibcparts.eu\/de\/wp-json\/wp\/v2\/product\/14855\/revisions\/20225"}],"wp:featuredmedia":[{"embeddable":true,"href":"https:\/\/ibcparts.eu\/de\/wp-json\/wp\/v2\/media\/14856"}],"wp:attachment":[{"href":"https:\/\/ibcparts.eu\/de\/wp-json\/wp\/v2\/media?parent=14855"}],"wp:term":[{"taxonomy":"product_brand","embeddable":true,"href":"https:\/\/ibcparts.eu\/de\/wp-json\/wp\/v2\/product_brand?post=14855"},{"taxonomy":"product_cat","embeddable":true,"href":"https:\/\/ibcparts.eu\/de\/wp-json\/wp\/v2\/product_cat?post=14855"},{"taxonomy":"product_tag","embeddable":true,"href":"https:\/\/ibcparts.eu\/de\/wp-json\/wp\/v2\/product_tag?post=14855"}],"curies":[{"name":"wp","href":"https:\/\/api.w.org\/{rel}","templated":true}]}}