{"id":14415,"date":"2023-02-26T17:42:29","date_gmt":"2023-02-26T16:42:29","guid":{"rendered":"https:\/\/ibcparts.eu\/?post_type=product&#038;p=14415"},"modified":"2025-12-06T17:22:45","modified_gmt":"2025-12-06T16:22:45","slug":"pp-koleno-f-2","status":"publish","type":"product","link":"https:\/\/ibcparts.eu\/de\/produkt\/pp-koleno-f-2\/","title":{"rendered":"Koleno smrekica F"},"content":{"rendered":"","protected":false},"excerpt":{"rendered":"<p>Fiting koleno smrekica F z <strong>vrtljivo matico in EPDM gumijastim tesnilom<\/strong>.<\/p>\n<p>Na eni strani notranji (\u017eenski) navoj, na drugi strani priklju\u010dek za cev.<\/p>\n<p>Gr\u00f6\u00dfen:<\/p>\n<ul>\n<li>1&#8243; x 25mm<\/li>\n<li>2&#8243; x 50mm<\/li>\n<\/ul>\n<p>Werkstoff: PP<\/p>\n<p>Gewindetyp: BSP (Standard)<\/p>\n<p><strong>Mehr St\u00fccke, gr\u00f6\u00dferer Rabatt \u2013 Mengen verschiedener Artikel und Varianten werden zusammengerechnet!<\/strong><\/p>","protected":false},"featured_media":14416,"template":"","meta":[],"product_brand":[],"product_cat":[179,266],"product_tag":[414],"class_list":{"0":"post-14415","1":"product","2":"type-product","3":"status-publish","4":"has-post-thumbnail","6":"product_cat-alkaten-prikljucki-in-pp-fitingi","7":"product_cat-pp-fitingi-in-ventili","8":"product_tag-fiting-koleno-smrekica-f-z-vrtljivo-matico","10":"first","11":"instock","12":"shipping-taxable","13":"purchasable","14":"product-type-variable"},"yoast_head":"<!-- This site is optimized with the Yoast SEO plugin v27.1.1 - https:\/\/yoast.com\/product\/yoast-seo-wordpress\/ -->\n<title>Koleno smrekica F | IBCparts.eu<\/title>\n<meta name=\"description\" content=\"Fiting koleno smrekica F z vrtljivo matico in EPDM gumijastim tesnilom. Na eni strani notranji navoj, na drugi strani priklju\u010dek za cev. Velikosti: 1&quot;, 2&quot;.\" \/>\n<meta name=\"robots\" content=\"index, follow, max-snippet:-1, max-image-preview:large, max-video-preview:-1\" \/>\n<link rel=\"canonical\" href=\"https:\/\/ibcparts.eu\/de\/produkt\/pp-koleno-f-2\/\" \/>\n<meta property=\"og:locale\" content=\"de_DE\" \/>\n<meta property=\"og:type\" content=\"article\" \/>\n<meta property=\"og:title\" content=\"Koleno smrekica F | IBCparts.eu\" \/>\n<meta property=\"og:description\" content=\"Fiting koleno smrekica F z vrtljivo matico in EPDM gumijastim tesnilom. Na eni strani notranji navoj, na drugi strani priklju\u010dek za cev. Velikosti: 1&quot;, 2&quot;.\" \/>\n<meta property=\"og:url\" content=\"https:\/\/ibcparts.eu\/de\/produkt\/pp-koleno-f-2\/\" \/>\n<meta property=\"og:site_name\" content=\"IBCparts.eu\" \/>\n<meta property=\"article:modified_time\" content=\"2025-12-06T16:22:45+00:00\" \/>\n<meta property=\"og:image\" content=\"https:\/\/ibcparts.eu\/wp-content\/uploads\/2023\/02\/koleno2_orig.jpg\" \/>\n\t<meta property=\"og:image:width\" content=\"710\" \/>\n\t<meta property=\"og:image:height\" content=\"710\" \/>\n\t<meta property=\"og:image:type\" content=\"image\/jpeg\" \/>\n<meta name=\"twitter:card\" content=\"summary_large_image\" \/>\n<script type=\"application\/ld+json\" class=\"yoast-schema-graph\">{\"@context\":\"https:\/\/schema.org\",\"@graph\":[{\"@type\":\"WebPage\",\"@id\":\"https:\/\/ibcparts.eu\/izdelek\/pp-koleno-f-2\/\",\"url\":\"https:\/\/ibcparts.eu\/izdelek\/pp-koleno-f-2\/\",\"name\":\"Koleno smrekica F | IBCparts.eu\",\"isPartOf\":{\"@id\":\"https:\/\/ibcparts.eu\/#website\"},\"primaryImageOfPage\":{\"@id\":\"https:\/\/ibcparts.eu\/izdelek\/pp-koleno-f-2\/#primaryimage\"},\"image\":{\"@id\":\"https:\/\/ibcparts.eu\/izdelek\/pp-koleno-f-2\/#primaryimage\"},\"thumbnailUrl\":\"https:\/\/ibcparts.eu\/wp-content\/uploads\/2023\/02\/koleno2_orig.jpg\",\"datePublished\":\"2023-02-26T16:42:29+00:00\",\"dateModified\":\"2025-12-06T16:22:45+00:00\",\"description\":\"Fiting koleno smrekica F z vrtljivo matico in EPDM gumijastim tesnilom. Na eni strani notranji navoj, na drugi strani priklju\u010dek za cev. Velikosti: 1\\\", 2\\\".\",\"breadcrumb\":{\"@id\":\"https:\/\/ibcparts.eu\/izdelek\/pp-koleno-f-2\/#breadcrumb\"},\"inLanguage\":\"de\",\"potentialAction\":[{\"@type\":\"ReadAction\",\"target\":[\"https:\/\/ibcparts.eu\/izdelek\/pp-koleno-f-2\/\"]}]},{\"@type\":\"ImageObject\",\"inLanguage\":\"de\",\"@id\":\"https:\/\/ibcparts.eu\/izdelek\/pp-koleno-f-2\/#primaryimage\",\"url\":\"https:\/\/ibcparts.eu\/wp-content\/uploads\/2023\/02\/koleno2_orig.jpg\",\"contentUrl\":\"https:\/\/ibcparts.eu\/wp-content\/uploads\/2023\/02\/koleno2_orig.jpg\",\"width\":710,\"height\":710},{\"@type\":\"BreadcrumbList\",\"@id\":\"https:\/\/ibcparts.eu\/izdelek\/pp-koleno-f-2\/#breadcrumb\",\"itemListElement\":[{\"@type\":\"ListItem\",\"position\":1,\"name\":\"Home\",\"item\":\"https:\/\/ibcparts.eu\/\"},{\"@type\":\"ListItem\",\"position\":2,\"name\":\"Nakupujte\",\"item\":\"https:\/\/ibcparts.eu\/nakupujte\/\"},{\"@type\":\"ListItem\",\"position\":3,\"name\":\"Koleno smrekica F\"}]},{\"@type\":\"WebSite\",\"@id\":\"https:\/\/ibcparts.eu\/#website\",\"url\":\"https:\/\/ibcparts.eu\/\",\"name\":\"IBCparts.eu\",\"description\":\"\",\"publisher\":{\"@id\":\"https:\/\/ibcparts.eu\/#organization\"},\"potentialAction\":[{\"@type\":\"SearchAction\",\"target\":{\"@type\":\"EntryPoint\",\"urlTemplate\":\"https:\/\/ibcparts.eu\/?s={search_term_string}\"},\"query-input\":{\"@type\":\"PropertyValueSpecification\",\"valueRequired\":true,\"valueName\":\"search_term_string\"}}],\"inLanguage\":\"de\"},{\"@type\":\"Organization\",\"@id\":\"https:\/\/ibcparts.eu\/#organization\",\"name\":\"IBCparts\",\"url\":\"https:\/\/ibcparts.eu\/\",\"logo\":{\"@type\":\"ImageObject\",\"inLanguage\":\"de\",\"@id\":\"https:\/\/ibcparts.eu\/#\/schema\/logo\/image\/\",\"url\":\"https:\/\/ibcparts.eu\/wp-content\/uploads\/2021\/10\/Footer-Logo.png\",\"contentUrl\":\"https:\/\/ibcparts.eu\/wp-content\/uploads\/2021\/10\/Footer-Logo.png\",\"width\":1992,\"height\":772,\"caption\":\"IBCparts\"},\"image\":{\"@id\":\"https:\/\/ibcparts.eu\/#\/schema\/logo\/image\/\"}}]}<\/script>\n<!-- \/ Yoast SEO plugin. -->","yoast_head_json":{"title":"Koleno smrekica F | IBCparts.eu","description":"Fiting koleno smrekica F z vrtljivo matico in EPDM gumijastim tesnilom. Na eni strani notranji navoj, na drugi strani priklju\u010dek za cev. Velikosti: 1\", 2\".","robots":{"index":"index","follow":"follow","max-snippet":"max-snippet:-1","max-image-preview":"max-image-preview:large","max-video-preview":"max-video-preview:-1"},"canonical":"https:\/\/ibcparts.eu\/de\/produkt\/pp-koleno-f-2\/","og_locale":"de_DE","og_type":"article","og_title":"Koleno smrekica F | IBCparts.eu","og_description":"Fiting koleno smrekica F z vrtljivo matico in EPDM gumijastim tesnilom. Na eni strani notranji navoj, na drugi strani priklju\u010dek za cev. Velikosti: 1\", 2\".","og_url":"https:\/\/ibcparts.eu\/de\/produkt\/pp-koleno-f-2\/","og_site_name":"IBCparts.eu","article_modified_time":"2025-12-06T16:22:45+00:00","og_image":[{"width":710,"height":710,"url":"https:\/\/ibcparts.eu\/wp-content\/uploads\/2023\/02\/koleno2_orig.jpg","type":"image\/jpeg"}],"twitter_card":"summary_large_image","schema":{"@context":"https:\/\/schema.org","@graph":[{"@type":"WebPage","@id":"https:\/\/ibcparts.eu\/izdelek\/pp-koleno-f-2\/","url":"https:\/\/ibcparts.eu\/izdelek\/pp-koleno-f-2\/","name":"Koleno smrekica F | IBCparts.eu","isPartOf":{"@id":"https:\/\/ibcparts.eu\/#website"},"primaryImageOfPage":{"@id":"https:\/\/ibcparts.eu\/izdelek\/pp-koleno-f-2\/#primaryimage"},"image":{"@id":"https:\/\/ibcparts.eu\/izdelek\/pp-koleno-f-2\/#primaryimage"},"thumbnailUrl":"https:\/\/ibcparts.eu\/wp-content\/uploads\/2023\/02\/koleno2_orig.jpg","datePublished":"2023-02-26T16:42:29+00:00","dateModified":"2025-12-06T16:22:45+00:00","description":"Fiting koleno smrekica F z vrtljivo matico in EPDM gumijastim tesnilom. Na eni strani notranji navoj, na drugi strani priklju\u010dek za cev. Velikosti: 1\", 2\".","breadcrumb":{"@id":"https:\/\/ibcparts.eu\/izdelek\/pp-koleno-f-2\/#breadcrumb"},"inLanguage":"de","potentialAction":[{"@type":"ReadAction","target":["https:\/\/ibcparts.eu\/izdelek\/pp-koleno-f-2\/"]}]},{"@type":"ImageObject","inLanguage":"de","@id":"https:\/\/ibcparts.eu\/izdelek\/pp-koleno-f-2\/#primaryimage","url":"https:\/\/ibcparts.eu\/wp-content\/uploads\/2023\/02\/koleno2_orig.jpg","contentUrl":"https:\/\/ibcparts.eu\/wp-content\/uploads\/2023\/02\/koleno2_orig.jpg","width":710,"height":710},{"@type":"BreadcrumbList","@id":"https:\/\/ibcparts.eu\/izdelek\/pp-koleno-f-2\/#breadcrumb","itemListElement":[{"@type":"ListItem","position":1,"name":"Home","item":"https:\/\/ibcparts.eu\/"},{"@type":"ListItem","position":2,"name":"Nakupujte","item":"https:\/\/ibcparts.eu\/nakupujte\/"},{"@type":"ListItem","position":3,"name":"Koleno smrekica F"}]},{"@type":"WebSite","@id":"https:\/\/ibcparts.eu\/#website","url":"https:\/\/ibcparts.eu\/","name":"IBC-Teile.eu","description":"","publisher":{"@id":"https:\/\/ibcparts.eu\/#organization"},"potentialAction":[{"@type":"SearchAction","target":{"@type":"EntryPoint","urlTemplate":"https:\/\/ibcparts.eu\/?s={search_term_string}"},"query-input":{"@type":"PropertyValueSpecification","valueRequired":true,"valueName":"search_term_string"}}],"inLanguage":"de"},{"@type":"Organization","@id":"https:\/\/ibcparts.eu\/#organization","name":"IBC-Teile","url":"https:\/\/ibcparts.eu\/","logo":{"@type":"ImageObject","inLanguage":"de","@id":"https:\/\/ibcparts.eu\/#\/schema\/logo\/image\/","url":"https:\/\/ibcparts.eu\/wp-content\/uploads\/2021\/10\/Footer-Logo.png","contentUrl":"https:\/\/ibcparts.eu\/wp-content\/uploads\/2021\/10\/Footer-Logo.png","width":1992,"height":772,"caption":"IBCparts"},"image":{"@id":"https:\/\/ibcparts.eu\/#\/schema\/logo\/image\/"}}]}},"_links":{"self":[{"href":"https:\/\/ibcparts.eu\/de\/wp-json\/wp\/v2\/product\/14415","targetHints":{"allow":["GET"]}}],"collection":[{"href":"https:\/\/ibcparts.eu\/de\/wp-json\/wp\/v2\/product"}],"about":[{"href":"https:\/\/ibcparts.eu\/de\/wp-json\/wp\/v2\/types\/product"}],"version-history":[{"count":0,"href":"https:\/\/ibcparts.eu\/de\/wp-json\/wp\/v2\/product\/14415\/revisions"}],"wp:featuredmedia":[{"embeddable":true,"href":"https:\/\/ibcparts.eu\/de\/wp-json\/wp\/v2\/media\/14416"}],"wp:attachment":[{"href":"https:\/\/ibcparts.eu\/de\/wp-json\/wp\/v2\/media?parent=14415"}],"wp:term":[{"taxonomy":"product_brand","embeddable":true,"href":"https:\/\/ibcparts.eu\/de\/wp-json\/wp\/v2\/product_brand?post=14415"},{"taxonomy":"product_cat","embeddable":true,"href":"https:\/\/ibcparts.eu\/de\/wp-json\/wp\/v2\/product_cat?post=14415"},{"taxonomy":"product_tag","embeddable":true,"href":"https:\/\/ibcparts.eu\/de\/wp-json\/wp\/v2\/product_tag?post=14415"}],"curies":[{"name":"wp","href":"https:\/\/api.w.org\/{rel}","templated":true}]}}