{"id":14405,"date":"2023-02-26T16:17:54","date_gmt":"2023-02-26T15:17:54","guid":{"rendered":"https:\/\/ibcparts.eu\/?post_type=product&#038;p=14405"},"modified":"2026-04-14T10:24:53","modified_gmt":"2026-04-14T09:24:53","slug":"ibc-cisterna-1000l-1x-rabljena-foodcert","status":"publish","type":"product","link":"https:\/\/ibcparts.eu\/de\/produkt\/ibc-tank-1000l-1x-gebraucht-lebensmittelgeeignet\/","title":{"rendered":"IBC cisterna 1000 L \u2013 rabljena, FOODCERT"},"content":{"rendered":"<p><span style=\"font-size: large;\"><strong>Produktinformationen:<\/strong><br \/>\nIBC-Tank, fr\u00fcher f\u00fcr den Transport verwendet\u00a0<strong>Di\u00e4ten\u00a0<\/strong>oder Nahrungserg\u00e4nzungsmittel - meist Pflanzenextrakte (z. B. Hagebuttenextrakt).<br \/>\nMit hei\u00dfem Wasser gewaschen, keine Chemikalien.<\/span><\/p>\n<p><strong>Warnung.<\/strong><br \/>\nAchten Sie beim Kauf von gebrauchten Tanks aus der Werbung darauf, dass der Tank sauber ist und nicht f\u00fcr den Transport von Chemikalien verwendet wurde.<\/p>\n<p>Wenn die Zisterne nicht sauber ist, ist sie f\u00fcr die Gartenbew\u00e4sserung nicht geeignet.<\/p>\n<p>Es schadet sicher nicht, sie vor dem Gebrauch noch einmal mit Wasser auszuwaschen, dies gilt auch f\u00fcr unsere gebrauchten Tanks und alle neuen Tanks, da sich im Wasser ein paar ml Wasser (Kondenswasser) befinden k\u00f6nnen. In jedem stehenden Wasser k\u00f6nnen sich schon nach wenigen Tagen Mikroorganismen vermehren.<\/p>\n<p><strong>Wiederholt gestellte Fragen:<\/strong><\/p>\n<p>Warum haben Sie sie nicht immer vorr\u00e4tig?<br \/>\nUnser Kerngesch\u00e4ft sind IBC-Tankzus\u00e4tze. Gelegentlich haben wir die M\u00f6glichkeit, unseren Kunden hervorragende gebrauchte (\u00fcberholte)\u00a0<strong>FOODGRADE\u00a0<\/strong>Tanker. Es kann vorkommen, dass es mehr als ein halbes Jahr lang keinen neuen Bestand gibt - wir tun unser Bestes, um sicherzustellen, dass dies nicht der Fall ist.<\/p>\n<p><strong>Haben gebrauchte Tanks ein Zertifikat?<\/strong><br \/>\nKeine gebrauchten Tanks verf\u00fcgen \u00fcber eine Umr\u00fcstungsbescheinigung, da es keine Institution gibt, die dies \u00fcberpr\u00fcft oder bescheinigt.\u00a0<strong>Und unsere FOODGRADE-Tanks sind r\u00fcckverfolgbar.<\/strong>was nur wenige gebrauchte Panzer haben.<\/p>\n<p><strong>Warum verkaufen Unternehmen gebrauchte Tanks, anstatt sie zur\u00fcckzugeben, wenn sie noch brauchbar sind?<\/strong><br \/>\nIn gr\u00f6\u00dferen St\u00e4dten funktioniert das. Schutz verf\u00fcgt beispielsweise \u00fcber die Recobulk-Linie (der Rahmen wird bei Bedarf repariert und der Tankballon durch einen neuen ersetzt). Die Transportkosten und andere Faktoren begrenzen diese Option. Meistens ist der Wert des Tanks im Preis des Rohmaterials enthalten.<\/p>\n<p><strong>Haben Ihre gebrauchten Tanks einen Geruch?<\/strong><br \/>\nNicht in den 90%-Koffern - oder in HDPE-Kunststoff, wie neu.<br \/>\nIn 10%-F\u00e4llen, z. B. nach S\u00fc\u00dfigkeiten (Fruktose) usw.<\/p>\n<p><strong>Sind Ihre gebrauchten Tanks auch f\u00fcr Trinkwasser geeignet?<\/strong><br \/>\nDie kurze Antwort lautet nein. Warum eigentlich? Stehendes Wasser ist selbst in neuen Becken ein Problem. Ohne zus\u00e4tzliche Konservierungsmittel, UV-Sterilisation usw. wachsen darin Mikroorganismen, die gesundheitssch\u00e4dlich sein k\u00f6nnen, wenn es zu viele von ihnen gibt. F\u00fcr Trinkwasser empfehlen wir neue Tanks (nicht unbedingt in Lebensmittelqualit\u00e4t, auch normale neue Tanks sind sauberes, nicht recyceltes HDPE, das f\u00fcr diesen Zweck geeignet ist) und eine ordnungsgem\u00e4\u00dfe Reinigung oder Konservierung usw. - so wird sichergestellt, dass\u00a0<u>Nein\u00a0<\/u>mit denen wir zu tun haben. Unsere Tanks sind speziell f\u00fcr Lebensmittel geeignet und werden mit hei\u00dfem Wasser gewaschen.<\/p>\n<p><strong>Befindet sich der Wasserreiniger in einem schwarzen Tank?<\/strong><br \/>\nWir wissen es nicht, weil wir den Schmutz darin wegen der schwarzen W\u00e4nde nicht sehen k\u00f6nnen. Scherz beiseite - Mikroorganismen und Algen vermehren sich definitiv weniger. Au\u00dferdem ist der Kunststoff dieser Becken UV-best\u00e4ndiger. Allerdings erw\u00e4rmt sich das Wasser im Becken st\u00e4rker, und selbst wenn das Becken gut gereinigt w\u00e4re, w\u00fcrden wir es nicht bemerken, weil es nicht wirklich sichtbar ist. Wir bevorzugen ein normales (wei\u00dfes) Becken und\u00a0<a href=\"https:\/\/ibcparts.eu\/izdelek\/zascitna-ponjava-tarp-za-ibc-cisterno\/\">eine sch\u00fctzende Plane<\/a>. Dadurch bleibt das Wasser k\u00fchler, auch wenn die Plane schwarz ist, da die Luft wie ein Isolator wirkt. In der Regel haben wir auch schwarze Tanks auf Lager.<\/p>\n<p><strong>Wie lange ist die Lebensdauer eines Tanks?<\/strong><br \/>\nEs k\u00f6nnen 3 Jahre sein, es k\u00f6nnen 30 Jahre sein. Das h\u00e4ngt von der Qualit\u00e4t des Tanks, den \u00e4u\u00dferen Faktoren (Sonne, K\u00e4lte), der Pflege des Tanks und nicht zuletzt von Ihrem Gl\u00fcck ab. Probleme fangen in der Regel zuerst bei den Ventilen an, mit dem Ballon gibt es keine gr\u00f6\u00dferen Probleme. Die Ventile von IBC-Tanks sind nicht daf\u00fcr ausgelegt, st\u00e4ndig ge\u00f6ffnet und geschlossen zu werden, daher raten wir Ihnen, Kits zu verwenden\u00a0<a href=\"https:\/\/ibcparts.eu\/kompleti-pipareducir\/\">Pipa+Reduzierer<\/a>, die Sie in unserem Angebot finden k\u00f6nnen.<\/p>\n<p><strong>M\u00fcssen wir im Winter das Wasser aus der Zisterne ablassen?<\/strong><br \/>\nJa, so ist es am besten. Und lassen Sie das Ventil (und den Hahn) offen.<br \/>\nWenn Sie im Winter Wasser im Tank lassen, achten Sie darauf, dass er nicht ganz voll ist. Isolieren Sie das Ventil und den Hahn (mit einem warmen Tuch abdecken).<\/p>\n<p><strong>Ist der Metallrahmen rostfrei?<\/strong><br \/>\nJa, sie ist verzinkt. Das gilt auch f\u00fcr die Palette, wenn sie aus Metall ist.<\/p>\n<p>&nbsp;<\/p>\n<p><strong>Wenn Sie einen gr\u00f6\u00dferen Speichertank ben\u00f6tigen, k\u00f6nnen Sie zwei oder mehr Tanks miteinander verbinden.\u00a0<\/strong>Sehen Sie sich das Video an, um zu erfahren, wie.<br \/>\nVe\u010d informacij o sistemih najdete <strong><a href=\"https:\/\/ibcparts.eu\/product-category\/sistemi-za-povezavo\/\">\u00a0HIER.<\/a><\/strong><\/p>\n<p><iframe title=\"Wie man zwei IBC-Container mit dem DUO-System verbindet.\" width=\"500\" height=\"281\" src=\"https:\/\/www.youtube.com\/embed\/ZKfg1PYo-qQ?feature=oembed\" frameborder=\"0\" allow=\"accelerometer; autoplay; clipboard-write; encrypted-media; gyroscope; picture-in-picture; web-share\" referrerpolicy=\"strict-origin-when-cross-origin\" allowfullscreen><\/iframe><\/p>","protected":false},"excerpt":{"rendered":"<h2 data-start=\"1401\" data-end=\"1456\"><strong data-start=\"1401\" data-end=\"1456\">IBC cisterna 1000 L \u2013 rabljena, FOODCERT certificirana, o\u010di\u0161\u010dena.<\/strong><\/h2>\n<p>Zelo kvaliteten proizvajalec Schutz, linija (R)ECOBULK <strong>FOODCERT\u00a0<\/strong>und\u00a0<strong>FOOD-EX<\/strong>. EX bezieht sich auf einen Tank, der als sicher f\u00fcr den Einsatz in explosionsgef\u00e4hrdeten Bereichen eingestuft wurde. EX steht f\u00fcr erh\u00f6hte Sicherheit oder\u00a0<strong>erh\u00f6hte Sicherheit<\/strong>. Also die bestm\u00f6gliche Kombination von IBC-Tanks.<\/p>\n<p>-auf\u00a0<strong>Kunststoff oder Metall\u00a0<\/strong>Palette (je nach aktuellem Bestand),<\/p>\n<p>-Standardventil S60 - es gibt eines f\u00fcr diesen Thread\u00a0<strong>viele Verbindungen<\/strong>,<br \/>\n-Ventil wird mit dem Tank verklebt oder verschraubt. Der Hersteller Schutz hat eine sehr\u00a0<strong>hochwertige Kunststoffe<\/strong>Deshalb ist das Ventil\u00a0<strong>sehr langlebig<\/strong>.<\/p>\n<p>-Standard 165mm Deckel - normalerweise glatt, kann aber auch bel\u00fcftet sein (wenn dies f\u00fcr Sie wichtig ist, teilen Sie uns dies bitte bei der Bestellung mit).<\/p>\n<p>&#8211;<strong>Alter bis zu 8 Monaten ab Produktion<\/strong>\u00a0- praktisch neue Tanks - sehr wichtig, da der Kunststoff tats\u00e4chlich neu ist und nicht der Sonne und damit UV-Strahlen ausgesetzt war. Es gibt auch Tanks, die \u00e4lter als 8 Monate sind (wegen des geringeren Verbrauchs an Rohstoffen), aber immer in einem \u00fcberdachten Lager gelagert wurden.<\/p>\n<p><strong>Abmessungen:<\/strong><br \/>\nL\u00e4nge x Breite x H\u00f6he = 120 x 100 x 117cm.<\/p>\n<p><strong>NUR PERS\u00d6NLICHE ABHOLUNG - KEIN POSTVERSAND<\/strong><\/p>","protected":false},"featured_media":14407,"template":"","meta":[],"product_brand":[],"product_cat":[308,182],"product_tag":[358],"class_list":{"0":"post-14405","1":"product","2":"type-product","3":"status-publish","4":"has-post-thumbnail","6":"product_cat-cisterne","7":"product_cat-ibc-cisterne-ventili-in-dodatki","8":"product_tag-ibc-cisterna-foodgrade","9":"product_shipping_class-no-shipping-pick-up-only","11":"first","12":"outofstock","13":"shipping-taxable","14":"purchasable","15":"product-type-simple"},"yoast_head":"<!-- This site is optimized with the Yoast SEO plugin v27.1.1 - https:\/\/yoast.com\/product\/yoast-seo-wordpress\/ -->\n<title>IBC cisterna 1000 L \u2013 rabljena, FOODCERT | IBCparts.eu<\/title>\n<meta name=\"description\" content=\"Foodgrade IBC cisterna, uporabljena 1x za transport sestavine za prehrano, posebej certificirana za transport \u017eivil,\u00a0o\u010di\u0161\u010dena z vro\u010do vodo, prakti\u010dno nova.\" \/>\n<meta name=\"robots\" content=\"index, follow, max-snippet:-1, max-image-preview:large, max-video-preview:-1\" \/>\n<link rel=\"canonical\" href=\"https:\/\/ibcparts.eu\/de\/produkt\/ibc-tank-1000l-1x-gebraucht-lebensmittelgeeignet\/\" \/>\n<meta property=\"og:locale\" content=\"de_DE\" \/>\n<meta property=\"og:type\" content=\"article\" \/>\n<meta property=\"og:title\" content=\"IBC cisterna 1000 L \u2013 rabljena, FOODCERT | IBCparts.eu\" \/>\n<meta property=\"og:description\" content=\"Foodgrade IBC cisterna, uporabljena 1x za transport sestavine za prehrano, posebej certificirana za transport \u017eivil,\u00a0o\u010di\u0161\u010dena z vro\u010do vodo, prakti\u010dno nova.\" \/>\n<meta property=\"og:url\" content=\"https:\/\/ibcparts.eu\/de\/produkt\/ibc-tank-1000l-1x-gebraucht-lebensmittelgeeignet\/\" \/>\n<meta property=\"og:site_name\" content=\"IBCparts.eu\" \/>\n<meta property=\"article:modified_time\" content=\"2026-04-14T09:24:53+00:00\" \/>\n<meta property=\"og:image\" content=\"https:\/\/ibcparts.eu\/wp-content\/uploads\/2023\/02\/ibc-cisterna-fda-foodgrade-namoci-orig-1_orig.jpg\" \/>\n\t<meta property=\"og:image:width\" content=\"591\" \/>\n\t<meta property=\"og:image:height\" content=\"591\" \/>\n\t<meta property=\"og:image:type\" content=\"image\/jpeg\" \/>\n<meta name=\"twitter:card\" content=\"summary_large_image\" \/>\n<meta name=\"twitter:label1\" content=\"Gesch\u00e4tzte Lesezeit\" \/>\n\t<meta name=\"twitter:data1\" content=\"3\u00a0Minuten\" \/>\n<script type=\"application\/ld+json\" class=\"yoast-schema-graph\">{\"@context\":\"https:\/\/schema.org\",\"@graph\":[{\"@type\":\"WebPage\",\"@id\":\"https:\/\/ibcparts.eu\/izdelek\/ibc-cisterna-1000l-1x-rabljena-foodcert\/\",\"url\":\"https:\/\/ibcparts.eu\/izdelek\/ibc-cisterna-1000l-1x-rabljena-foodcert\/\",\"name\":\"IBC cisterna 1000 L \u2013 rabljena, FOODCERT | IBCparts.eu\",\"isPartOf\":{\"@id\":\"https:\/\/ibcparts.eu\/#website\"},\"primaryImageOfPage\":{\"@id\":\"https:\/\/ibcparts.eu\/izdelek\/ibc-cisterna-1000l-1x-rabljena-foodcert\/#primaryimage\"},\"image\":{\"@id\":\"https:\/\/ibcparts.eu\/izdelek\/ibc-cisterna-1000l-1x-rabljena-foodcert\/#primaryimage\"},\"thumbnailUrl\":\"https:\/\/ibcparts.eu\/wp-content\/uploads\/2023\/02\/ibc-cisterna-fda-foodgrade-namoci-orig-1_orig.jpg\",\"datePublished\":\"2023-02-26T15:17:54+00:00\",\"dateModified\":\"2026-04-14T09:24:53+00:00\",\"description\":\"Foodgrade IBC cisterna, uporabljena 1x za transport sestavine za prehrano, posebej certificirana za transport \u017eivil,\u00a0o\u010di\u0161\u010dena z vro\u010do vodo, prakti\u010dno nova.\",\"breadcrumb\":{\"@id\":\"https:\/\/ibcparts.eu\/izdelek\/ibc-cisterna-1000l-1x-rabljena-foodcert\/#breadcrumb\"},\"inLanguage\":\"de\",\"potentialAction\":[{\"@type\":\"ReadAction\",\"target\":[\"https:\/\/ibcparts.eu\/izdelek\/ibc-cisterna-1000l-1x-rabljena-foodcert\/\"]}]},{\"@type\":\"ImageObject\",\"inLanguage\":\"de\",\"@id\":\"https:\/\/ibcparts.eu\/izdelek\/ibc-cisterna-1000l-1x-rabljena-foodcert\/#primaryimage\",\"url\":\"https:\/\/ibcparts.eu\/wp-content\/uploads\/2023\/02\/ibc-cisterna-fda-foodgrade-namoci-orig-1_orig.jpg\",\"contentUrl\":\"https:\/\/ibcparts.eu\/wp-content\/uploads\/2023\/02\/ibc-cisterna-fda-foodgrade-namoci-orig-1_orig.jpg\",\"width\":591,\"height\":591},{\"@type\":\"BreadcrumbList\",\"@id\":\"https:\/\/ibcparts.eu\/izdelek\/ibc-cisterna-1000l-1x-rabljena-foodcert\/#breadcrumb\",\"itemListElement\":[{\"@type\":\"ListItem\",\"position\":1,\"name\":\"Home\",\"item\":\"https:\/\/ibcparts.eu\/\"},{\"@type\":\"ListItem\",\"position\":2,\"name\":\"Nakupujte\",\"item\":\"https:\/\/ibcparts.eu\/nakupujte\/\"},{\"@type\":\"ListItem\",\"position\":3,\"name\":\"IBC cisterna 1000 L \u2013 rabljena, FOODCERT\"}]},{\"@type\":\"WebSite\",\"@id\":\"https:\/\/ibcparts.eu\/#website\",\"url\":\"https:\/\/ibcparts.eu\/\",\"name\":\"IBCparts.eu\",\"description\":\"\",\"publisher\":{\"@id\":\"https:\/\/ibcparts.eu\/#organization\"},\"potentialAction\":[{\"@type\":\"SearchAction\",\"target\":{\"@type\":\"EntryPoint\",\"urlTemplate\":\"https:\/\/ibcparts.eu\/?s={search_term_string}\"},\"query-input\":{\"@type\":\"PropertyValueSpecification\",\"valueRequired\":true,\"valueName\":\"search_term_string\"}}],\"inLanguage\":\"de\"},{\"@type\":\"Organization\",\"@id\":\"https:\/\/ibcparts.eu\/#organization\",\"name\":\"IBCparts\",\"url\":\"https:\/\/ibcparts.eu\/\",\"logo\":{\"@type\":\"ImageObject\",\"inLanguage\":\"de\",\"@id\":\"https:\/\/ibcparts.eu\/#\/schema\/logo\/image\/\",\"url\":\"https:\/\/ibcparts.eu\/wp-content\/uploads\/2021\/10\/Footer-Logo.png\",\"contentUrl\":\"https:\/\/ibcparts.eu\/wp-content\/uploads\/2021\/10\/Footer-Logo.png\",\"width\":1992,\"height\":772,\"caption\":\"IBCparts\"},\"image\":{\"@id\":\"https:\/\/ibcparts.eu\/#\/schema\/logo\/image\/\"}}]}<\/script>\n<!-- \/ Yoast SEO plugin. -->","yoast_head_json":{"title":"IBC cisterna 1000 L \u2013 rabljena, FOODCERT | IBCparts.eu","description":"Foodgrade IBC cisterna, uporabljena 1x za transport sestavine za prehrano, posebej certificirana za transport \u017eivil,\u00a0o\u010di\u0161\u010dena z vro\u010do vodo, prakti\u010dno nova.","robots":{"index":"index","follow":"follow","max-snippet":"max-snippet:-1","max-image-preview":"max-image-preview:large","max-video-preview":"max-video-preview:-1"},"canonical":"https:\/\/ibcparts.eu\/de\/produkt\/ibc-tank-1000l-1x-gebraucht-lebensmittelgeeignet\/","og_locale":"de_DE","og_type":"article","og_title":"IBC cisterna 1000 L \u2013 rabljena, FOODCERT | IBCparts.eu","og_description":"Foodgrade IBC cisterna, uporabljena 1x za transport sestavine za prehrano, posebej certificirana za transport \u017eivil,\u00a0o\u010di\u0161\u010dena z vro\u010do vodo, prakti\u010dno nova.","og_url":"https:\/\/ibcparts.eu\/de\/produkt\/ibc-tank-1000l-1x-gebraucht-lebensmittelgeeignet\/","og_site_name":"IBCparts.eu","article_modified_time":"2026-04-14T09:24:53+00:00","og_image":[{"width":591,"height":591,"url":"https:\/\/ibcparts.eu\/wp-content\/uploads\/2023\/02\/ibc-cisterna-fda-foodgrade-namoci-orig-1_orig.jpg","type":"image\/jpeg"}],"twitter_card":"summary_large_image","twitter_misc":{"Gesch\u00e4tzte Lesezeit":"3\u00a0Minuten"},"schema":{"@context":"https:\/\/schema.org","@graph":[{"@type":"WebPage","@id":"https:\/\/ibcparts.eu\/izdelek\/ibc-cisterna-1000l-1x-rabljena-foodcert\/","url":"https:\/\/ibcparts.eu\/izdelek\/ibc-cisterna-1000l-1x-rabljena-foodcert\/","name":"IBC cisterna 1000 L \u2013 rabljena, FOODCERT | IBCparts.eu","isPartOf":{"@id":"https:\/\/ibcparts.eu\/#website"},"primaryImageOfPage":{"@id":"https:\/\/ibcparts.eu\/izdelek\/ibc-cisterna-1000l-1x-rabljena-foodcert\/#primaryimage"},"image":{"@id":"https:\/\/ibcparts.eu\/izdelek\/ibc-cisterna-1000l-1x-rabljena-foodcert\/#primaryimage"},"thumbnailUrl":"https:\/\/ibcparts.eu\/wp-content\/uploads\/2023\/02\/ibc-cisterna-fda-foodgrade-namoci-orig-1_orig.jpg","datePublished":"2023-02-26T15:17:54+00:00","dateModified":"2026-04-14T09:24:53+00:00","description":"Foodgrade IBC cisterna, uporabljena 1x za transport sestavine za prehrano, posebej certificirana za transport \u017eivil,\u00a0o\u010di\u0161\u010dena z vro\u010do vodo, prakti\u010dno nova.","breadcrumb":{"@id":"https:\/\/ibcparts.eu\/izdelek\/ibc-cisterna-1000l-1x-rabljena-foodcert\/#breadcrumb"},"inLanguage":"de","potentialAction":[{"@type":"ReadAction","target":["https:\/\/ibcparts.eu\/izdelek\/ibc-cisterna-1000l-1x-rabljena-foodcert\/"]}]},{"@type":"ImageObject","inLanguage":"de","@id":"https:\/\/ibcparts.eu\/izdelek\/ibc-cisterna-1000l-1x-rabljena-foodcert\/#primaryimage","url":"https:\/\/ibcparts.eu\/wp-content\/uploads\/2023\/02\/ibc-cisterna-fda-foodgrade-namoci-orig-1_orig.jpg","contentUrl":"https:\/\/ibcparts.eu\/wp-content\/uploads\/2023\/02\/ibc-cisterna-fda-foodgrade-namoci-orig-1_orig.jpg","width":591,"height":591},{"@type":"BreadcrumbList","@id":"https:\/\/ibcparts.eu\/izdelek\/ibc-cisterna-1000l-1x-rabljena-foodcert\/#breadcrumb","itemListElement":[{"@type":"ListItem","position":1,"name":"Home","item":"https:\/\/ibcparts.eu\/"},{"@type":"ListItem","position":2,"name":"Nakupujte","item":"https:\/\/ibcparts.eu\/nakupujte\/"},{"@type":"ListItem","position":3,"name":"IBC cisterna 1000 L \u2013 rabljena, FOODCERT"}]},{"@type":"WebSite","@id":"https:\/\/ibcparts.eu\/#website","url":"https:\/\/ibcparts.eu\/","name":"IBC-Teile.eu","description":"","publisher":{"@id":"https:\/\/ibcparts.eu\/#organization"},"potentialAction":[{"@type":"SearchAction","target":{"@type":"EntryPoint","urlTemplate":"https:\/\/ibcparts.eu\/?s={search_term_string}"},"query-input":{"@type":"PropertyValueSpecification","valueRequired":true,"valueName":"search_term_string"}}],"inLanguage":"de"},{"@type":"Organization","@id":"https:\/\/ibcparts.eu\/#organization","name":"IBC-Teile","url":"https:\/\/ibcparts.eu\/","logo":{"@type":"ImageObject","inLanguage":"de","@id":"https:\/\/ibcparts.eu\/#\/schema\/logo\/image\/","url":"https:\/\/ibcparts.eu\/wp-content\/uploads\/2021\/10\/Footer-Logo.png","contentUrl":"https:\/\/ibcparts.eu\/wp-content\/uploads\/2021\/10\/Footer-Logo.png","width":1992,"height":772,"caption":"IBCparts"},"image":{"@id":"https:\/\/ibcparts.eu\/#\/schema\/logo\/image\/"}}]}},"_links":{"self":[{"href":"https:\/\/ibcparts.eu\/de\/wp-json\/wp\/v2\/product\/14405","targetHints":{"allow":["GET"]}}],"collection":[{"href":"https:\/\/ibcparts.eu\/de\/wp-json\/wp\/v2\/product"}],"about":[{"href":"https:\/\/ibcparts.eu\/de\/wp-json\/wp\/v2\/types\/product"}],"version-history":[{"count":4,"href":"https:\/\/ibcparts.eu\/de\/wp-json\/wp\/v2\/product\/14405\/revisions"}],"predecessor-version":[{"id":20326,"href":"https:\/\/ibcparts.eu\/de\/wp-json\/wp\/v2\/product\/14405\/revisions\/20326"}],"wp:featuredmedia":[{"embeddable":true,"href":"https:\/\/ibcparts.eu\/de\/wp-json\/wp\/v2\/media\/14407"}],"wp:attachment":[{"href":"https:\/\/ibcparts.eu\/de\/wp-json\/wp\/v2\/media?parent=14405"}],"wp:term":[{"taxonomy":"product_brand","embeddable":true,"href":"https:\/\/ibcparts.eu\/de\/wp-json\/wp\/v2\/product_brand?post=14405"},{"taxonomy":"product_cat","embeddable":true,"href":"https:\/\/ibcparts.eu\/de\/wp-json\/wp\/v2\/product_cat?post=14405"},{"taxonomy":"product_tag","embeddable":true,"href":"https:\/\/ibcparts.eu\/de\/wp-json\/wp\/v2\/product_tag?post=14405"}],"curies":[{"name":"wp","href":"https:\/\/api.w.org\/{rel}","templated":true}]}}