{"id":14402,"date":"2023-02-26T16:10:44","date_gmt":"2023-02-26T15:10:44","guid":{"rendered":"https:\/\/ibcparts.eu\/?post_type=product&#038;p=14402"},"modified":"2026-03-12T15:51:02","modified_gmt":"2026-03-12T14:51:02","slug":"komplet-vip","status":"publish","type":"product","link":"https:\/\/ibcparts.eu\/de\/produkt\/komplet-vip\/","title":{"rendered":"IBC cisterna 1000 L Schutz \u2013 VIP komplet (zalivanje + za\u0161\u010dita)"},"content":{"rendered":"","protected":false},"excerpt":{"rendered":"<h2 data-start=\"925\" data-end=\"1049\">Vklju\u010duje rabljeno IBC cisterno Schutz iz prehranske industrije, za\u0161\u010ditno ponjavo in komplet za zalivanje AVA Ultima Irri.<\/h2>\n<p><strong>,<br \/>\n\u200b1000l IBC cisterna Schutz na kovinski ali plasti\u010dni paleti<\/strong> (1x rabljena iz prehranske industrije) + <strong>TARP-Plane<\/strong>\u00a0(f\u00fcr die Verwendung im Freien; verhindert Algenwachstum, verl\u00e4ngert die Lebensdauer des Tanks) +\u00a0<strong>AVA Ultima Irri Satz<\/strong>\u00a0(1\u2033-Hahn + Ventil mit Gartenschlauchanschluss).\u00a0<em><span style=\"font-size: small;\">Der Stand ist nicht im Angebot enthalten.<\/span><\/em><\/p>\n<p><strong>NUR PERS\u00d6NLICHE ABHOLUNG - KEIN POSTVERSAND<\/strong><\/p>\n<p>\u0161t.artikla: #VIP<\/p>\n<p>G\u00fcltig solange der Vorrat reicht.<\/p>\n<p>&nbsp;<\/p>","protected":false},"featured_media":14403,"template":"","meta":[],"product_brand":[],"product_cat":[308,182],"product_tag":[],"class_list":{"0":"post-14402","1":"product","2":"type-product","3":"status-publish","4":"has-post-thumbnail","6":"product_cat-cisterne","7":"product_cat-ibc-cisterne-ventili-in-dodatki","8":"product_shipping_class-no-shipping-pick-up-only","10":"first","11":"instock","12":"shipping-taxable","13":"purchasable","14":"product-type-simple"},"yoast_head":"<!-- This site is optimized with the Yoast SEO plugin v27.1.1 - https:\/\/yoast.com\/product\/yoast-seo-wordpress\/ -->\n<title>IBC cisterna 1000 L Schutz \u2013 VIP komplet (zalivanje + za\u0161\u010dita) | IBCparts.eu<\/title>\n<meta name=\"description\" content=\"\u200b\u200b1000l IBC cisterna Schutz na kovinski ali plasti\u010dni paleti + ponjava TARP +\u00a0Komplet AVA Ultima Irri\u00a0(1&quot; pipa + ventil s priklopom za vrtno cev).\" \/>\n<meta name=\"robots\" content=\"index, follow, max-snippet:-1, max-image-preview:large, max-video-preview:-1\" \/>\n<link rel=\"canonical\" href=\"https:\/\/ibcparts.eu\/de\/produkt\/komplet-vip\/\" \/>\n<meta property=\"og:locale\" content=\"de_DE\" \/>\n<meta property=\"og:type\" content=\"article\" \/>\n<meta property=\"og:title\" content=\"IBC cisterna 1000 L Schutz \u2013 VIP komplet (zalivanje + za\u0161\u010dita) | IBCparts.eu\" \/>\n<meta property=\"og:description\" content=\"\u200b\u200b1000l IBC cisterna Schutz na kovinski ali plasti\u010dni paleti + ponjava TARP +\u00a0Komplet AVA Ultima Irri\u00a0(1&quot; pipa + ventil s priklopom za vrtno cev).\" \/>\n<meta property=\"og:url\" content=\"https:\/\/ibcparts.eu\/de\/produkt\/komplet-vip\/\" \/>\n<meta property=\"og:site_name\" content=\"IBCparts.eu\" \/>\n<meta property=\"article:modified_time\" content=\"2026-03-12T14:51:02+00:00\" \/>\n<meta property=\"og:image\" content=\"https:\/\/ibcparts.eu\/wp-content\/uploads\/2023\/02\/akcija-namoci-ibc_orig.jpg\" \/>\n\t<meta property=\"og:image:width\" content=\"827\" \/>\n\t<meta property=\"og:image:height\" content=\"465\" \/>\n\t<meta property=\"og:image:type\" content=\"image\/jpeg\" \/>\n<meta name=\"twitter:card\" content=\"summary_large_image\" \/>\n<script type=\"application\/ld+json\" class=\"yoast-schema-graph\">{\"@context\":\"https:\/\/schema.org\",\"@graph\":[{\"@type\":\"WebPage\",\"@id\":\"https:\/\/ibcparts.eu\/izdelek\/komplet-vip\/\",\"url\":\"https:\/\/ibcparts.eu\/izdelek\/komplet-vip\/\",\"name\":\"IBC cisterna 1000 L Schutz \u2013 VIP komplet (zalivanje + za\u0161\u010dita) | IBCparts.eu\",\"isPartOf\":{\"@id\":\"https:\/\/ibcparts.eu\/#website\"},\"primaryImageOfPage\":{\"@id\":\"https:\/\/ibcparts.eu\/izdelek\/komplet-vip\/#primaryimage\"},\"image\":{\"@id\":\"https:\/\/ibcparts.eu\/izdelek\/komplet-vip\/#primaryimage\"},\"thumbnailUrl\":\"https:\/\/ibcparts.eu\/wp-content\/uploads\/2023\/02\/akcija-namoci-ibc_orig.jpg\",\"datePublished\":\"2023-02-26T15:10:44+00:00\",\"dateModified\":\"2026-03-12T14:51:02+00:00\",\"description\":\"\u200b\u200b1000l IBC cisterna Schutz na kovinski ali plasti\u010dni paleti + ponjava TARP +\u00a0Komplet AVA Ultima Irri\u00a0(1\\\" pipa + ventil s priklopom za vrtno cev).\",\"breadcrumb\":{\"@id\":\"https:\/\/ibcparts.eu\/izdelek\/komplet-vip\/#breadcrumb\"},\"inLanguage\":\"de\",\"potentialAction\":[{\"@type\":\"ReadAction\",\"target\":[\"https:\/\/ibcparts.eu\/izdelek\/komplet-vip\/\"]}]},{\"@type\":\"ImageObject\",\"inLanguage\":\"de\",\"@id\":\"https:\/\/ibcparts.eu\/izdelek\/komplet-vip\/#primaryimage\",\"url\":\"https:\/\/ibcparts.eu\/wp-content\/uploads\/2023\/02\/akcija-namoci-ibc_orig.jpg\",\"contentUrl\":\"https:\/\/ibcparts.eu\/wp-content\/uploads\/2023\/02\/akcija-namoci-ibc_orig.jpg\",\"width\":827,\"height\":465},{\"@type\":\"BreadcrumbList\",\"@id\":\"https:\/\/ibcparts.eu\/izdelek\/komplet-vip\/#breadcrumb\",\"itemListElement\":[{\"@type\":\"ListItem\",\"position\":1,\"name\":\"Home\",\"item\":\"https:\/\/ibcparts.eu\/\"},{\"@type\":\"ListItem\",\"position\":2,\"name\":\"Nakupujte\",\"item\":\"https:\/\/ibcparts.eu\/nakupujte\/\"},{\"@type\":\"ListItem\",\"position\":3,\"name\":\"IBC cisterna 1000 L Schutz \u2013 VIP komplet (zalivanje + za\u0161\u010dita)\"}]},{\"@type\":\"WebSite\",\"@id\":\"https:\/\/ibcparts.eu\/#website\",\"url\":\"https:\/\/ibcparts.eu\/\",\"name\":\"IBCparts.eu\",\"description\":\"\",\"publisher\":{\"@id\":\"https:\/\/ibcparts.eu\/#organization\"},\"potentialAction\":[{\"@type\":\"SearchAction\",\"target\":{\"@type\":\"EntryPoint\",\"urlTemplate\":\"https:\/\/ibcparts.eu\/?s={search_term_string}\"},\"query-input\":{\"@type\":\"PropertyValueSpecification\",\"valueRequired\":true,\"valueName\":\"search_term_string\"}}],\"inLanguage\":\"de\"},{\"@type\":\"Organization\",\"@id\":\"https:\/\/ibcparts.eu\/#organization\",\"name\":\"IBCparts\",\"url\":\"https:\/\/ibcparts.eu\/\",\"logo\":{\"@type\":\"ImageObject\",\"inLanguage\":\"de\",\"@id\":\"https:\/\/ibcparts.eu\/#\/schema\/logo\/image\/\",\"url\":\"https:\/\/ibcparts.eu\/wp-content\/uploads\/2021\/10\/Footer-Logo.png\",\"contentUrl\":\"https:\/\/ibcparts.eu\/wp-content\/uploads\/2021\/10\/Footer-Logo.png\",\"width\":1992,\"height\":772,\"caption\":\"IBCparts\"},\"image\":{\"@id\":\"https:\/\/ibcparts.eu\/#\/schema\/logo\/image\/\"}}]}<\/script>\n<!-- \/ Yoast SEO plugin. -->","yoast_head_json":{"title":"IBC cisterna 1000 L Schutz \u2013 VIP komplet (zalivanje + za\u0161\u010dita) | IBCparts.eu","description":"\u200b\u200b1000l IBC cisterna Schutz na kovinski ali plasti\u010dni paleti + ponjava TARP +\u00a0Komplet AVA Ultima Irri\u00a0(1\" pipa + ventil s priklopom za vrtno cev).","robots":{"index":"index","follow":"follow","max-snippet":"max-snippet:-1","max-image-preview":"max-image-preview:large","max-video-preview":"max-video-preview:-1"},"canonical":"https:\/\/ibcparts.eu\/de\/produkt\/komplet-vip\/","og_locale":"de_DE","og_type":"article","og_title":"IBC cisterna 1000 L Schutz \u2013 VIP komplet (zalivanje + za\u0161\u010dita) | IBCparts.eu","og_description":"\u200b\u200b1000l IBC cisterna Schutz na kovinski ali plasti\u010dni paleti + ponjava TARP +\u00a0Komplet AVA Ultima Irri\u00a0(1\" pipa + ventil s priklopom za vrtno cev).","og_url":"https:\/\/ibcparts.eu\/de\/produkt\/komplet-vip\/","og_site_name":"IBCparts.eu","article_modified_time":"2026-03-12T14:51:02+00:00","og_image":[{"width":827,"height":465,"url":"https:\/\/ibcparts.eu\/wp-content\/uploads\/2023\/02\/akcija-namoci-ibc_orig.jpg","type":"image\/jpeg"}],"twitter_card":"summary_large_image","schema":{"@context":"https:\/\/schema.org","@graph":[{"@type":"WebPage","@id":"https:\/\/ibcparts.eu\/izdelek\/komplet-vip\/","url":"https:\/\/ibcparts.eu\/izdelek\/komplet-vip\/","name":"IBC cisterna 1000 L Schutz \u2013 VIP komplet (zalivanje + za\u0161\u010dita) | IBCparts.eu","isPartOf":{"@id":"https:\/\/ibcparts.eu\/#website"},"primaryImageOfPage":{"@id":"https:\/\/ibcparts.eu\/izdelek\/komplet-vip\/#primaryimage"},"image":{"@id":"https:\/\/ibcparts.eu\/izdelek\/komplet-vip\/#primaryimage"},"thumbnailUrl":"https:\/\/ibcparts.eu\/wp-content\/uploads\/2023\/02\/akcija-namoci-ibc_orig.jpg","datePublished":"2023-02-26T15:10:44+00:00","dateModified":"2026-03-12T14:51:02+00:00","description":"\u200b\u200b1000l IBC cisterna Schutz na kovinski ali plasti\u010dni paleti + ponjava TARP +\u00a0Komplet AVA Ultima Irri\u00a0(1\" pipa + ventil s priklopom za vrtno cev).","breadcrumb":{"@id":"https:\/\/ibcparts.eu\/izdelek\/komplet-vip\/#breadcrumb"},"inLanguage":"de","potentialAction":[{"@type":"ReadAction","target":["https:\/\/ibcparts.eu\/izdelek\/komplet-vip\/"]}]},{"@type":"ImageObject","inLanguage":"de","@id":"https:\/\/ibcparts.eu\/izdelek\/komplet-vip\/#primaryimage","url":"https:\/\/ibcparts.eu\/wp-content\/uploads\/2023\/02\/akcija-namoci-ibc_orig.jpg","contentUrl":"https:\/\/ibcparts.eu\/wp-content\/uploads\/2023\/02\/akcija-namoci-ibc_orig.jpg","width":827,"height":465},{"@type":"BreadcrumbList","@id":"https:\/\/ibcparts.eu\/izdelek\/komplet-vip\/#breadcrumb","itemListElement":[{"@type":"ListItem","position":1,"name":"Home","item":"https:\/\/ibcparts.eu\/"},{"@type":"ListItem","position":2,"name":"Nakupujte","item":"https:\/\/ibcparts.eu\/nakupujte\/"},{"@type":"ListItem","position":3,"name":"IBC cisterna 1000 L Schutz \u2013 VIP komplet (zalivanje + za\u0161\u010dita)"}]},{"@type":"WebSite","@id":"https:\/\/ibcparts.eu\/#website","url":"https:\/\/ibcparts.eu\/","name":"IBC-Teile.eu","description":"","publisher":{"@id":"https:\/\/ibcparts.eu\/#organization"},"potentialAction":[{"@type":"SearchAction","target":{"@type":"EntryPoint","urlTemplate":"https:\/\/ibcparts.eu\/?s={search_term_string}"},"query-input":{"@type":"PropertyValueSpecification","valueRequired":true,"valueName":"search_term_string"}}],"inLanguage":"de"},{"@type":"Organization","@id":"https:\/\/ibcparts.eu\/#organization","name":"IBC-Teile","url":"https:\/\/ibcparts.eu\/","logo":{"@type":"ImageObject","inLanguage":"de","@id":"https:\/\/ibcparts.eu\/#\/schema\/logo\/image\/","url":"https:\/\/ibcparts.eu\/wp-content\/uploads\/2021\/10\/Footer-Logo.png","contentUrl":"https:\/\/ibcparts.eu\/wp-content\/uploads\/2021\/10\/Footer-Logo.png","width":1992,"height":772,"caption":"IBCparts"},"image":{"@id":"https:\/\/ibcparts.eu\/#\/schema\/logo\/image\/"}}]}},"_links":{"self":[{"href":"https:\/\/ibcparts.eu\/de\/wp-json\/wp\/v2\/product\/14402","targetHints":{"allow":["GET"]}}],"collection":[{"href":"https:\/\/ibcparts.eu\/de\/wp-json\/wp\/v2\/product"}],"about":[{"href":"https:\/\/ibcparts.eu\/de\/wp-json\/wp\/v2\/types\/product"}],"version-history":[{"count":3,"href":"https:\/\/ibcparts.eu\/de\/wp-json\/wp\/v2\/product\/14402\/revisions"}],"predecessor-version":[{"id":20765,"href":"https:\/\/ibcparts.eu\/de\/wp-json\/wp\/v2\/product\/14402\/revisions\/20765"}],"wp:featuredmedia":[{"embeddable":true,"href":"https:\/\/ibcparts.eu\/de\/wp-json\/wp\/v2\/media\/14403"}],"wp:attachment":[{"href":"https:\/\/ibcparts.eu\/de\/wp-json\/wp\/v2\/media?parent=14402"}],"wp:term":[{"taxonomy":"product_brand","embeddable":true,"href":"https:\/\/ibcparts.eu\/de\/wp-json\/wp\/v2\/product_brand?post=14402"},{"taxonomy":"product_cat","embeddable":true,"href":"https:\/\/ibcparts.eu\/de\/wp-json\/wp\/v2\/product_cat?post=14402"},{"taxonomy":"product_tag","embeddable":true,"href":"https:\/\/ibcparts.eu\/de\/wp-json\/wp\/v2\/product_tag?post=14402"}],"curies":[{"name":"wp","href":"https:\/\/api.w.org\/{rel}","templated":true}]}}