{"id":12183,"date":"2022-01-14T15:08:03","date_gmt":"2022-01-14T14:08:03","guid":{"rendered":"https:\/\/ibcparts.eu\/?post_type=product&#038;p=12183"},"modified":"2026-01-04T12:06:58","modified_gmt":"2026-01-04T11:06:58","slug":"uv-zascitna-ponjava-eco-za-ibc-cisterno","status":"publish","type":"product","link":"https:\/\/ibcparts.eu\/de\/produkt\/uv-zascitna-ponjava-eco-za-ibc-cisterno\/","title":{"rendered":"ECO-Schutzplanen f\u00fcr IBC-Tanks"},"content":{"rendered":"","protected":false},"excerpt":{"rendered":"<p>Schutzplane f\u00fcr 1000L IBC-Tank.<\/p>\n<ul>\n<li>Glavna funkcija: <strong>Za\u0161\u010dita pred svetlobo.<\/strong><\/li>\n<li><strong>Primerna za notranje prostore &#8211; skladi\u0161\u010da<\/strong>. Ni za direktno izpostavljenost soncu. Ponjava je namenjena za\u0161\u010diti cisterne pred svetlobo in UV \u017earki, kar pa ne pomeni, da je ponjava 100% UV odporna!<\/li>\n<li>Es ist aus LDPE hergestellt.<\/li>\n<li>Wasserdicht.<\/li>\n<li>Geschwei\u00dfte N\u00e4hte.<\/li>\n<li>Passt perfekt zu einem 1000-Liter-Tank.<\/li>\n<li>Empfohlen f\u00fcr Orte, an denen die Gefahr einer mechanischen Besch\u00e4digung des Films geringer ist.<\/li>\n<li><strong>Sehr erschwinglich.<\/strong><\/li>\n<li>Die d\u00fcnnste der vier von uns angebotenen Planen.<\/li>\n<\/ul>\n<p><strong>Beschreibung:<\/strong><br \/>\nL\u00e4nge: 1280 mm<br \/>\nBreite: 1080 mm<br \/>\nH\u00f6he: 1160 mm - bis zum Boden<br \/>\nGewicht: 830 g<br \/>\nMaterial: LDPE<br \/>\nMaterialst\u00e4rke: 140\u00b5<br \/>\nFarbe: Schwarz<br \/>\n\u00d6ffnungen: keine (k\u00f6nnen bei Bedarf leicht mit einer Schere geschnitten werden)<\/p>","protected":false},"featured_media":12185,"template":"","meta":[],"product_brand":[],"product_cat":[182,262],"product_tag":[],"class_list":{"0":"post-12183","1":"product","2":"type-product","3":"status-publish","4":"has-post-thumbnail","6":"product_cat-ibc-cisterne-ventili-in-dodatki","7":"product_cat-zascitne-ponjave","9":"first","10":"instock","11":"shipping-taxable","12":"purchasable","13":"product-type-simple"},"yoast_head":"<!-- This site is optimized with the Yoast SEO plugin v27.1.1 - https:\/\/yoast.com\/product\/yoast-seo-wordpress\/ -->\n<title>Za\u0161\u010ditna ponjava ECO za IBC cisterno | IBCparts.eu<\/title>\n<meta name=\"description\" content=\"Izdelana je iz materiala LDPE, ki je odli\u010den material za ta namen. Primerna za notranje prostore, skladi\u0161\u010da.\" \/>\n<meta name=\"robots\" content=\"index, follow, max-snippet:-1, max-image-preview:large, max-video-preview:-1\" \/>\n<link rel=\"canonical\" href=\"https:\/\/ibcparts.eu\/de\/produkt\/uv-zascitna-ponjava-eco-za-ibc-cisterno\/\" \/>\n<meta property=\"og:locale\" content=\"de_DE\" \/>\n<meta property=\"og:type\" content=\"article\" \/>\n<meta property=\"og:title\" content=\"Za\u0161\u010ditna ponjava ECO za IBC cisterno | IBCparts.eu\" \/>\n<meta property=\"og:description\" content=\"Izdelana je iz materiala LDPE, ki je odli\u010den material za ta namen. Primerna za notranje prostore, skladi\u0161\u010da.\" \/>\n<meta property=\"og:url\" content=\"https:\/\/ibcparts.eu\/de\/produkt\/uv-zascitna-ponjava-eco-za-ibc-cisterno\/\" \/>\n<meta property=\"og:site_name\" content=\"IBCparts.eu\" \/>\n<meta property=\"article:modified_time\" content=\"2026-01-04T11:06:58+00:00\" \/>\n<meta property=\"og:image\" content=\"https:\/\/ibcparts.eu\/wp-content\/uploads\/2022\/01\/uv-eco2_orig.jpg\" \/>\n\t<meta property=\"og:image:width\" content=\"354\" \/>\n\t<meta property=\"og:image:height\" content=\"354\" \/>\n\t<meta property=\"og:image:type\" content=\"image\/jpeg\" \/>\n<meta name=\"twitter:card\" content=\"summary_large_image\" \/>\n<script type=\"application\/ld+json\" class=\"yoast-schema-graph\">{\"@context\":\"https:\/\/schema.org\",\"@graph\":[{\"@type\":\"WebPage\",\"@id\":\"https:\/\/ibcparts.eu\/izdelek\/uv-zascitna-ponjava-eco-za-ibc-cisterno\/\",\"url\":\"https:\/\/ibcparts.eu\/izdelek\/uv-zascitna-ponjava-eco-za-ibc-cisterno\/\",\"name\":\"Za\u0161\u010ditna ponjava ECO za IBC cisterno | IBCparts.eu\",\"isPartOf\":{\"@id\":\"https:\/\/ibcparts.eu\/#website\"},\"primaryImageOfPage\":{\"@id\":\"https:\/\/ibcparts.eu\/izdelek\/uv-zascitna-ponjava-eco-za-ibc-cisterno\/#primaryimage\"},\"image\":{\"@id\":\"https:\/\/ibcparts.eu\/izdelek\/uv-zascitna-ponjava-eco-za-ibc-cisterno\/#primaryimage\"},\"thumbnailUrl\":\"https:\/\/ibcparts.eu\/wp-content\/uploads\/2022\/01\/uv-eco2_orig.jpg\",\"datePublished\":\"2022-01-14T14:08:03+00:00\",\"dateModified\":\"2026-01-04T11:06:58+00:00\",\"description\":\"Izdelana je iz materiala LDPE, ki je odli\u010den material za ta namen. Primerna za notranje prostore, skladi\u0161\u010da.\",\"breadcrumb\":{\"@id\":\"https:\/\/ibcparts.eu\/izdelek\/uv-zascitna-ponjava-eco-za-ibc-cisterno\/#breadcrumb\"},\"inLanguage\":\"de\",\"potentialAction\":[{\"@type\":\"ReadAction\",\"target\":[\"https:\/\/ibcparts.eu\/izdelek\/uv-zascitna-ponjava-eco-za-ibc-cisterno\/\"]}]},{\"@type\":\"ImageObject\",\"inLanguage\":\"de\",\"@id\":\"https:\/\/ibcparts.eu\/izdelek\/uv-zascitna-ponjava-eco-za-ibc-cisterno\/#primaryimage\",\"url\":\"https:\/\/ibcparts.eu\/wp-content\/uploads\/2022\/01\/uv-eco2_orig.jpg\",\"contentUrl\":\"https:\/\/ibcparts.eu\/wp-content\/uploads\/2022\/01\/uv-eco2_orig.jpg\",\"width\":354,\"height\":354,\"caption\":\"uv-eco2_orig\"},{\"@type\":\"BreadcrumbList\",\"@id\":\"https:\/\/ibcparts.eu\/izdelek\/uv-zascitna-ponjava-eco-za-ibc-cisterno\/#breadcrumb\",\"itemListElement\":[{\"@type\":\"ListItem\",\"position\":1,\"name\":\"Home\",\"item\":\"https:\/\/ibcparts.eu\/\"},{\"@type\":\"ListItem\",\"position\":2,\"name\":\"Nakupujte\",\"item\":\"https:\/\/ibcparts.eu\/nakupujte\/\"},{\"@type\":\"ListItem\",\"position\":3,\"name\":\"Za\u0161\u010ditna ponjava ECO za IBC cisterno\"}]},{\"@type\":\"WebSite\",\"@id\":\"https:\/\/ibcparts.eu\/#website\",\"url\":\"https:\/\/ibcparts.eu\/\",\"name\":\"IBCparts.eu\",\"description\":\"\",\"publisher\":{\"@id\":\"https:\/\/ibcparts.eu\/#organization\"},\"potentialAction\":[{\"@type\":\"SearchAction\",\"target\":{\"@type\":\"EntryPoint\",\"urlTemplate\":\"https:\/\/ibcparts.eu\/?s={search_term_string}\"},\"query-input\":{\"@type\":\"PropertyValueSpecification\",\"valueRequired\":true,\"valueName\":\"search_term_string\"}}],\"inLanguage\":\"de\"},{\"@type\":\"Organization\",\"@id\":\"https:\/\/ibcparts.eu\/#organization\",\"name\":\"IBCparts\",\"url\":\"https:\/\/ibcparts.eu\/\",\"logo\":{\"@type\":\"ImageObject\",\"inLanguage\":\"de\",\"@id\":\"https:\/\/ibcparts.eu\/#\/schema\/logo\/image\/\",\"url\":\"https:\/\/ibcparts.eu\/wp-content\/uploads\/2021\/10\/Footer-Logo.png\",\"contentUrl\":\"https:\/\/ibcparts.eu\/wp-content\/uploads\/2021\/10\/Footer-Logo.png\",\"width\":1992,\"height\":772,\"caption\":\"IBCparts\"},\"image\":{\"@id\":\"https:\/\/ibcparts.eu\/#\/schema\/logo\/image\/\"}}]}<\/script>\n<!-- \/ Yoast SEO plugin. -->","yoast_head_json":{"title":"ECO-Schutzplanen f\u00fcr IBC-Tanks | IBCparts.eu","description":"Er besteht aus LDPE, einem f\u00fcr diesen Zweck ausgezeichneten Material. Geeignet f\u00fcr den Innenbereich, Lagerhallen.","robots":{"index":"index","follow":"follow","max-snippet":"max-snippet:-1","max-image-preview":"max-image-preview:large","max-video-preview":"max-video-preview:-1"},"canonical":"https:\/\/ibcparts.eu\/de\/produkt\/uv-zascitna-ponjava-eco-za-ibc-cisterno\/","og_locale":"de_DE","og_type":"article","og_title":"Za\u0161\u010ditna ponjava ECO za IBC cisterno | IBCparts.eu","og_description":"Izdelana je iz materiala LDPE, ki je odli\u010den material za ta namen. Primerna za notranje prostore, skladi\u0161\u010da.","og_url":"https:\/\/ibcparts.eu\/de\/produkt\/uv-zascitna-ponjava-eco-za-ibc-cisterno\/","og_site_name":"IBCparts.eu","article_modified_time":"2026-01-04T11:06:58+00:00","og_image":[{"width":354,"height":354,"url":"https:\/\/ibcparts.eu\/wp-content\/uploads\/2022\/01\/uv-eco2_orig.jpg","type":"image\/jpeg"}],"twitter_card":"summary_large_image","schema":{"@context":"https:\/\/schema.org","@graph":[{"@type":"WebPage","@id":"https:\/\/ibcparts.eu\/izdelek\/uv-zascitna-ponjava-eco-za-ibc-cisterno\/","url":"https:\/\/ibcparts.eu\/izdelek\/uv-zascitna-ponjava-eco-za-ibc-cisterno\/","name":"ECO-Schutzplanen f\u00fcr IBC-Tanks | IBCparts.eu","isPartOf":{"@id":"https:\/\/ibcparts.eu\/#website"},"primaryImageOfPage":{"@id":"https:\/\/ibcparts.eu\/izdelek\/uv-zascitna-ponjava-eco-za-ibc-cisterno\/#primaryimage"},"image":{"@id":"https:\/\/ibcparts.eu\/izdelek\/uv-zascitna-ponjava-eco-za-ibc-cisterno\/#primaryimage"},"thumbnailUrl":"https:\/\/ibcparts.eu\/wp-content\/uploads\/2022\/01\/uv-eco2_orig.jpg","datePublished":"2022-01-14T14:08:03+00:00","dateModified":"2026-01-04T11:06:58+00:00","description":"Er besteht aus LDPE, einem f\u00fcr diesen Zweck ausgezeichneten Material. Geeignet f\u00fcr den Innenbereich, Lagerhallen.","breadcrumb":{"@id":"https:\/\/ibcparts.eu\/izdelek\/uv-zascitna-ponjava-eco-za-ibc-cisterno\/#breadcrumb"},"inLanguage":"de","potentialAction":[{"@type":"ReadAction","target":["https:\/\/ibcparts.eu\/izdelek\/uv-zascitna-ponjava-eco-za-ibc-cisterno\/"]}]},{"@type":"ImageObject","inLanguage":"de","@id":"https:\/\/ibcparts.eu\/izdelek\/uv-zascitna-ponjava-eco-za-ibc-cisterno\/#primaryimage","url":"https:\/\/ibcparts.eu\/wp-content\/uploads\/2022\/01\/uv-eco2_orig.jpg","contentUrl":"https:\/\/ibcparts.eu\/wp-content\/uploads\/2022\/01\/uv-eco2_orig.jpg","width":354,"height":354,"caption":"uv-eco2_orig"},{"@type":"BreadcrumbList","@id":"https:\/\/ibcparts.eu\/izdelek\/uv-zascitna-ponjava-eco-za-ibc-cisterno\/#breadcrumb","itemListElement":[{"@type":"ListItem","position":1,"name":"Home","item":"https:\/\/ibcparts.eu\/"},{"@type":"ListItem","position":2,"name":"Nakupujte","item":"https:\/\/ibcparts.eu\/nakupujte\/"},{"@type":"ListItem","position":3,"name":"Za\u0161\u010ditna ponjava ECO za IBC cisterno"}]},{"@type":"WebSite","@id":"https:\/\/ibcparts.eu\/#website","url":"https:\/\/ibcparts.eu\/","name":"IBC-Teile.eu","description":"","publisher":{"@id":"https:\/\/ibcparts.eu\/#organization"},"potentialAction":[{"@type":"SearchAction","target":{"@type":"EntryPoint","urlTemplate":"https:\/\/ibcparts.eu\/?s={search_term_string}"},"query-input":{"@type":"PropertyValueSpecification","valueRequired":true,"valueName":"search_term_string"}}],"inLanguage":"de"},{"@type":"Organization","@id":"https:\/\/ibcparts.eu\/#organization","name":"IBC-Teile","url":"https:\/\/ibcparts.eu\/","logo":{"@type":"ImageObject","inLanguage":"de","@id":"https:\/\/ibcparts.eu\/#\/schema\/logo\/image\/","url":"https:\/\/ibcparts.eu\/wp-content\/uploads\/2021\/10\/Footer-Logo.png","contentUrl":"https:\/\/ibcparts.eu\/wp-content\/uploads\/2021\/10\/Footer-Logo.png","width":1992,"height":772,"caption":"IBCparts"},"image":{"@id":"https:\/\/ibcparts.eu\/#\/schema\/logo\/image\/"}}]}},"_links":{"self":[{"href":"https:\/\/ibcparts.eu\/de\/wp-json\/wp\/v2\/product\/12183","targetHints":{"allow":["GET"]}}],"collection":[{"href":"https:\/\/ibcparts.eu\/de\/wp-json\/wp\/v2\/product"}],"about":[{"href":"https:\/\/ibcparts.eu\/de\/wp-json\/wp\/v2\/types\/product"}],"version-history":[{"count":1,"href":"https:\/\/ibcparts.eu\/de\/wp-json\/wp\/v2\/product\/12183\/revisions"}],"predecessor-version":[{"id":19765,"href":"https:\/\/ibcparts.eu\/de\/wp-json\/wp\/v2\/product\/12183\/revisions\/19765"}],"wp:featuredmedia":[{"embeddable":true,"href":"https:\/\/ibcparts.eu\/de\/wp-json\/wp\/v2\/media\/12185"}],"wp:attachment":[{"href":"https:\/\/ibcparts.eu\/de\/wp-json\/wp\/v2\/media?parent=12183"}],"wp:term":[{"taxonomy":"product_brand","embeddable":true,"href":"https:\/\/ibcparts.eu\/de\/wp-json\/wp\/v2\/product_brand?post=12183"},{"taxonomy":"product_cat","embeddable":true,"href":"https:\/\/ibcparts.eu\/de\/wp-json\/wp\/v2\/product_cat?post=12183"},{"taxonomy":"product_tag","embeddable":true,"href":"https:\/\/ibcparts.eu\/de\/wp-json\/wp\/v2\/product_tag?post=12183"}],"curies":[{"name":"wp","href":"https:\/\/api.w.org\/{rel}","templated":true}]}}