{"id":3928,"date":"2016-04-03T19:02:18","date_gmt":"2016-04-03T18:02:18","guid":{"rendered":"http:\/\/janstudio.net\/gecko\/?page_id=3928"},"modified":"2024-03-06T11:46:20","modified_gmt":"2024-03-06T10:46:20","slug":"pogoji-uporabe","status":"publish","type":"page","link":"https:\/\/ibcparts.eu\/de\/allgemeine-geschaeftsbedingungen\/","title":{"rendered":"Bedingungen und Konditionen"},"content":{"rendered":"<p>IBCparts.eu verkauft Zubeh\u00f6r f\u00fcr IBC-Tanks f\u00fcr die Gartenbew\u00e4sserung und die industrielle Nutzung&nbsp;<strong>Wasser<\/strong>.<br>Das Angebot richtet sich sowohl an Unternehmen als auch an Privatpersonen.<\/p>\n\n\n\n<p>Alle Mitteilungen zwischen dem Kunden und dem Unternehmen, die auf elektronischem Wege erfolgen, gelten als in schriftlicher Form erfolgt und haben die Kraft eines Vertrages. Die Allgemeinen Gesch\u00e4ftsbedingungen bleiben bis zu ihrem Widerruf oder bis zur Herausgabe neuer Gesch\u00e4ftsbedingungen in Kraft. Die neuen Bedingungen treten in Kraft, sobald sie auf der Website ver\u00f6ffentlicht sind. Sollten Sie diese Bedingungen nicht vollst\u00e4ndig verstehen oder sollten Sie weitere Erl\u00e4uterungen zu den Produkten, dem Kaufvorgang usw. ben\u00f6tigen, stehen wir Ihnen jederzeit unter der Telefonnummer +386 (0)40 416 632 und unter namoci.si@gmail.com zur Verf\u00fcgung.<\/p>\n\n\n\n<p><strong>PREISE<\/strong><br>Die auf der Website angegebenen Preise sind in Euro und enthalten keine Mehrwertsteuer, es sei denn, dies ist bei den Produkten der Partner ausdr\u00fccklich angegeben. Die Mehrwertsteuer wird gem\u00e4\u00df Artikel 94 Absatz 1 des Mehrwertsteuergesetzes nicht erhoben!<br>Das Porto wird zu den auf der Website angegebenen Preisen berechnet und kann ohne vorherige Ank\u00fcndigung ge\u00e4ndert werden.<br>Die Produktpreise k\u00f6nnen ohne vorherige Ank\u00fcndigung ge\u00e4ndert werden.<\/p>\n\n\n\n<p><strong>BESTELLUNG UND BEZAHLUNG<\/strong><br>Sie k\u00f6nnen Produkte \u00fcber ein Online-Formular, per E-Mail oder telefonisch bestellen.<br>Die Bezahlung ist in der Regel nur per Bank\u00fcberweisung m\u00f6glich, aber es gibt Zeiten, in denen wir die Nachnahmeoption testen. Nach Absprache mit Ihnen kann die Ware versandt werden, bevor die Zahlung sichtbar ist, und mit W\u00e4hrung in Rechnung gestellt werden (insbesondere f\u00fcr Unternehmen). Die Ware bleibt bis zur Bezahlung Eigentum von IBCparts.eu. Wir behalten uns das Recht vor, gesetzliche Verzugszinsen und Mahnkosten in H\u00f6he von 5 \u20ac\/Mahnung zu berechnen.<br>Pakete werden von Post Slovenije oder GLS zugestellt.<br><br><strong>QUALIT\u00c4T<\/strong><br>Unsere Produkte sind durch eine Qualit\u00e4tsgarantie abgedeckt. Wir \u00fcberpr\u00fcfen st\u00e4ndig die Qualit\u00e4t aller unserer Produkte und tun unser Bestes, um die beste Art und Weise ihrer Verwendung zu beschreiben. Wir bieten sowohl preisg\u00fcnstige Produkte an, die f\u00fcr jeden Zweck geeignet sind, als auch professionelle Produkte, die aufgrund ihrer Qualit\u00e4t vielseitig einsetzbar sind. Alle Produkte sind getestet f\u00fcr die Verwendung mit\u00a0<strong>Wasser<\/strong>. Einige Produkte (z.B. der Zapfhahn) k\u00f6nnen nach den Angaben des Herstellers (die auch auf dem Produkt beschrieben sind) auch f\u00fcr andere Fl\u00fcssigkeiten geeignet sein, aber wir \u00fcberpr\u00fcfen die Eignung dieser Produkte f\u00fcr andere Fl\u00fcssigkeiten als Wasser nicht und garantieren daher NICHT ihre Eignung. Wir bem\u00fchen uns, neue, innovative, immer bessere und n\u00fctzlichere Produkte anzubieten. Wir legen gro\u00dfen Wert darauf, zu erkl\u00e4ren, wof\u00fcr ein bestimmter Artikel gedacht ist. Bei richtiger Anwendung funktioniert das Produkt perfekt. Sollte etwas mit dem Produkt nicht in Ordnung sein, teilen Sie uns dies bitte sofort mit und wir werden es durch ein neues ersetzen.<br>Der Auftrag wird in der vereinbarten Qualit\u00e4t und innerhalb des vereinbarten Zeitrahmens ausgef\u00fchrt, ohne versteckte Kosten oder schlechte Leistungen.<\/p>\n\n\n\n<p><strong>WICHTIG (Lieferzeiten und visuell unterschiedliche Produkte)<\/strong><br>Die Lieferzeiten k\u00f6nnen manchmal ein sehr st\u00f6render Faktor f\u00fcr unser Gesch\u00e4ft sein. Lieferanten k\u00f6nnen Waren liefern, die funktionell identisch sind, sich aber in Farbe und anderen Merkmalen unterscheiden k\u00f6nnen. Zum Beispiel: Gelieferte Wasserh\u00e4hne k\u00f6nnen sich in Form, Griff und Grifffarbe unterscheiden. In diesen F\u00e4llen achten wir stets darauf, dass der Kunde ein gleichwertiges, funktionell identisches oder sogar besseres Produkt als das bestellte erh\u00e4lt. Bei gr\u00f6\u00dferen \u00c4nderungen informieren wir den Kunden im Voraus.<br><br><strong>LIEFERUNG<\/strong><br>Die Lieferzeit betr\u00e4gt bis zu drei Werktage ab Zahlungseingang oder Vereinbarung eines Expressversands. In der Hochsaison kann sich dieser Zeitraum gelegentlich um ein oder zwei Tage verl\u00e4ngern. Das Paket wird in der Regel am n\u00e4chsten Werktag nach Begleichung der Rechnung versandt, vorbehaltlich der normalen Zustellbarkeit, oder je nach Menge nach Vereinbarung. Auf IBCparts.eu gilt ein Mindestbestellwert von 13 \u20ac (ohne Porto). Liegt der Bestellwert unter 13 \u20ac, sind wir verpflichtet, eine Bearbeitungsgeb\u00fchr von 5 \u20ac zu berechnen.<\/p>\n\n\n\n<p><strong>COMPLAINTS<\/strong><br>Geringf\u00fcgige Abweichungen in Form, Gr\u00f6\u00dfe, Material, Farbe usw. liegen au\u00dferhalb unserer Kontrolle und wir k\u00f6nnen nicht daf\u00fcr verantwortlich gemacht werden.<br>Wir akzeptieren Reklamationen innerhalb von 8 Tagen ab dem Datum der Bestellung, muss von einer Rechnung begleitet werden.&nbsp;<br>Beanstandungen von M\u00e4ngeln an der Ware werden nur gegen Vorlage der vollst\u00e4ndigen Ware und einer Kopie der Rechnung akzeptiert.<br>Wir akzeptieren nur unbenutzte Produkte. Sollte das Material einen Defekt aufweisen, der die Funktion beeintr\u00e4chtigt, ersetzen wir es kostenlos durch ein neues.<\/p>\n\n\n\n<p><strong>HAFTUNGSAUSSCHLUSS<\/strong><br>Der Betreiber der Website, Luka Kranjec s.p., bem\u00fcht sich um die gr\u00f6\u00dftm\u00f6gliche Aktualit\u00e4t und Richtigkeit der auf der Website www.IBCparts.eu ver\u00f6ffentlichten Daten, jedoch kann ein vermindertes Leistungsniveau der verwendeten technologischen L\u00f6sung, der Eingabe, der \u00dcbertragung oder jeder anderen Verarbeitung der Daten zu einem Fehler f\u00fchren, der auf der Website angezeigt wird. Sollte ein Besucher der Website der Ansicht sein, dass die Daten falsch angezeigt werden, kann er uns dies jederzeit per E-Mail an namoci.si@gmail.com mitteilen.<br><br>Das Unternehmen haftet nicht f\u00fcr die zeitweilige Nichtverf\u00fcgbarkeit der Website, f\u00fcr die Ungenauigkeit der Informationen oder f\u00fcr Sch\u00e4den, die durch die Nutzung von ungenauen oder unvollst\u00e4ndigen Informationen oder durch die Unf\u00e4higkeit, auf die Informationen auf dieser Website zuzugreifen und sie zu nutzen, entstehen.<br><br>Es gibt viele Hersteller von IBC-Tanks. Jeder von ihnen produziert mehrere Versionen. Einige der auf dem Markt befindlichen Versionen k\u00f6nnen 20 oder mehr Jahre alt sein und sind inzwischen eingestellt worden. Wir versuchen, die Unterschiede zwischen ihnen so gut wie m\u00f6glich mit Beschreibungen zu erl\u00e4utern, insbesondere dort, wo die Unterschiede offensichtlich sind. Selbst wenn Hersteller eine bestimmte Norm einhalten (z. B. f\u00fcr das S60x6-Gewinde eines Ventils), kann es aufgrund unterschiedlicher Herstellungsverfahren zu Abweichungen kommen. Da es unm\u00f6glich ist, die Kompatibilit\u00e4t aller Artikel mit allen Herstellern und deren Tankversionen zu \u00fcberpr\u00fcfen, lehnen wir jede Verantwortung daf\u00fcr ab, dass die von Ihnen bestellten Artikel 100% kompatibel sind. Sollte dies nicht der Fall sein, informieren Sie uns bitte und wir werden eine geeignete L\u00f6sung finden.<\/p>\n\n\n\n<p>Die ver\u00f6ffentlichten Fotos sind symbolisch und stellen keine Garantie f\u00fcr die Eigenschaften des Produkts dar. Wir behalten uns das Recht vor, Angebote und Preise ohne vorherige Ank\u00fcndigung zu \u00e4ndern.<\/p>\n\n\n\n<p><strong>Alle Artikel auf der Website sind nur f\u00fcr den Gebrauch mit Wasser bestimmt.<\/strong>&nbsp;(f\u00fcr die Gartenbew\u00e4sserung oder Brauchwasser) und werden auf diese Weise gepr\u00fcft. Bei Artikeln, die speziell f\u00fcr den Kontakt mit Lebensmitteln zertifiziert sind, ist dies in der Beschreibung angegeben.<br>Die Nutzung aller auf www.IBCparts.eu verf\u00fcgbaren Elemente erfolgt auf eigene Gefahr.<\/p>\n\n\n\n<p><strong>VERPFLICHTUNGEN DER PARTEIEN<\/strong><br>Die Nutzer verpflichten sich, dass alle Informationen, die sie auf der Website eingeben, richtig sind und dass sie f\u00fcr deren Authentizit\u00e4t verantwortlich sind. Im Falle der Eingabe von fiktiven Informationen wird der Kunde strafrechtlich zur Verantwortung gezogen und tr\u00e4gt alle dadurch entstehenden Kosten. Mit der Bestellung\/dem Kauf eines Produkts aus unserem Angebot versteht und akzeptiert der Kunde in vollem Umfang alle in diesen Allgemeinen Gesch\u00e4ftsbedingungen enthaltenen Einschr\u00e4nkungen und Erkl\u00e4rungen in Bezug auf Produkte und Dienstleistungen. Der Kunde ist verpflichtet, die gelieferten Waren per Rechnung oder zum Zeitpunkt der Rechnungsstellung zu bezahlen. Wenn die Abholung der Ware vor der Zahlung vereinbart wurde, betr\u00e4gt die Zahlungsfrist 7 Tage ab Rechnungsdatum. Andernfalls k\u00f6nnen wir gesetzliche Zinsen berechnen. Die Ware ist bis zur Bezahlung Eigentum von Luka Kranjec s.p..<br>,<br><strong>SCHUTZ DER PERSONENBEZOGENEN DATEN&nbsp;<\/strong><br>Wir verpflichten uns, alle pers\u00f6nlichen Daten als Gesch\u00e4ftsgeheimnis zu wahren und sie nur von befugten Personen in \u00dcbereinstimmung mit der Datenschutzerkl\u00e4rung zu behandeln.<\/p>\n\n\n\n<p><strong>SCHLUSSBESTIMMUNGEN<\/strong><br>Alle Streitigkeiten werden im gegenseitigen Einvernehmen beigelegt, oder wenn dies nicht m\u00f6glich ist, ist das Gericht in Ljubljana, Slowenien, zust\u00e4ndig.<\/p>","protected":false},"excerpt":{"rendered":"<p>IBCparts.eu se ukvarja s prodajo pripomo\u010dkov za IBC cisterne za namen zalivanja vrta in uporabo industrijske&nbsp;vode.Ponudba je namenjena tako podjetjem<\/p>","protected":false},"author":1,"featured_media":4986,"parent":0,"menu_order":0,"comment_status":"closed","ping_status":"closed","template":"elementor_header_footer","meta":{"footnotes":""},"class_list":["post-3928","page","type-page","status-publish","has-post-thumbnail","hentry"],"yoast_head":"<!-- This site is optimized with the Yoast SEO plugin v27.1.1 - https:\/\/yoast.com\/product\/yoast-seo-wordpress\/ -->\n<title>Pogoji poslovanja | IBCparts.eu<\/title>\n<meta name=\"description\" content=\"IBCparts.eu se ukvarja s prodajo pripomo\u010dkov za IBC cisterne za namen zalivanja vrta in uporabo industrijske vode.\" \/>\n<meta name=\"robots\" content=\"index, follow, max-snippet:-1, max-image-preview:large, max-video-preview:-1\" \/>\n<link rel=\"canonical\" href=\"https:\/\/ibcparts.eu\/de\/allgemeine-geschaeftsbedingungen\/\" \/>\n<meta property=\"og:locale\" content=\"de_DE\" \/>\n<meta property=\"og:type\" content=\"article\" \/>\n<meta property=\"og:title\" content=\"Pogoji poslovanja | IBCparts.eu\" \/>\n<meta property=\"og:description\" content=\"IBCparts.eu se ukvarja s prodajo pripomo\u010dkov za IBC cisterne za namen zalivanja vrta in uporabo industrijske vode.\" \/>\n<meta property=\"og:url\" content=\"https:\/\/ibcparts.eu\/de\/allgemeine-geschaeftsbedingungen\/\" \/>\n<meta property=\"og:site_name\" content=\"IBCparts.eu\" \/>\n<meta property=\"article:modified_time\" content=\"2024-03-06T10:46:20+00:00\" \/>\n<meta property=\"og:image\" content=\"https:\/\/ibcparts.eu\/wp-content\/uploads\/2021\/10\/img-63.png\" \/>\n\t<meta property=\"og:image:width\" content=\"370\" \/>\n\t<meta property=\"og:image:height\" content=\"493\" \/>\n\t<meta property=\"og:image:type\" content=\"image\/jpeg\" \/>\n<meta name=\"twitter:card\" content=\"summary_large_image\" \/>\n<meta name=\"twitter:label1\" content=\"Gesch\u00e4tzte Lesezeit\" \/>\n\t<meta name=\"twitter:data1\" content=\"5\u00a0Minuten\" \/>\n<script type=\"application\/ld+json\" class=\"yoast-schema-graph\">{\"@context\":\"https:\/\/schema.org\",\"@graph\":[{\"@type\":\"WebPage\",\"@id\":\"https:\/\/ibcparts.eu\/pogoji-uporabe\/\",\"url\":\"https:\/\/ibcparts.eu\/pogoji-uporabe\/\",\"name\":\"Pogoji poslovanja | IBCparts.eu\",\"isPartOf\":{\"@id\":\"https:\/\/ibcparts.eu\/#website\"},\"primaryImageOfPage\":{\"@id\":\"https:\/\/ibcparts.eu\/pogoji-uporabe\/#primaryimage\"},\"image\":{\"@id\":\"https:\/\/ibcparts.eu\/pogoji-uporabe\/#primaryimage\"},\"thumbnailUrl\":\"https:\/\/ibcparts.eu\/wp-content\/uploads\/2021\/10\/img-63.png\",\"datePublished\":\"2016-04-03T18:02:18+00:00\",\"dateModified\":\"2024-03-06T10:46:20+00:00\",\"description\":\"IBCparts.eu se ukvarja s prodajo pripomo\u010dkov za IBC cisterne za namen zalivanja vrta in uporabo industrijske vode.\",\"breadcrumb\":{\"@id\":\"https:\/\/ibcparts.eu\/pogoji-uporabe\/#breadcrumb\"},\"inLanguage\":\"de\",\"potentialAction\":[{\"@type\":\"ReadAction\",\"target\":[\"https:\/\/ibcparts.eu\/pogoji-uporabe\/\"]}]},{\"@type\":\"ImageObject\",\"inLanguage\":\"de\",\"@id\":\"https:\/\/ibcparts.eu\/pogoji-uporabe\/#primaryimage\",\"url\":\"https:\/\/ibcparts.eu\/wp-content\/uploads\/2021\/10\/img-63.png\",\"contentUrl\":\"https:\/\/ibcparts.eu\/wp-content\/uploads\/2021\/10\/img-63.png\",\"width\":370,\"height\":493},{\"@type\":\"BreadcrumbList\",\"@id\":\"https:\/\/ibcparts.eu\/pogoji-uporabe\/#breadcrumb\",\"itemListElement\":[{\"@type\":\"ListItem\",\"position\":1,\"name\":\"Home\",\"item\":\"https:\/\/ibcparts.eu\/\"},{\"@type\":\"ListItem\",\"position\":2,\"name\":\"Pogoji poslovanja\"}]},{\"@type\":\"WebSite\",\"@id\":\"https:\/\/ibcparts.eu\/#website\",\"url\":\"https:\/\/ibcparts.eu\/\",\"name\":\"IBCparts.eu\",\"description\":\"\",\"publisher\":{\"@id\":\"https:\/\/ibcparts.eu\/#organization\"},\"potentialAction\":[{\"@type\":\"SearchAction\",\"target\":{\"@type\":\"EntryPoint\",\"urlTemplate\":\"https:\/\/ibcparts.eu\/?s={search_term_string}\"},\"query-input\":{\"@type\":\"PropertyValueSpecification\",\"valueRequired\":true,\"valueName\":\"search_term_string\"}}],\"inLanguage\":\"de\"},{\"@type\":\"Organization\",\"@id\":\"https:\/\/ibcparts.eu\/#organization\",\"name\":\"IBCparts\",\"url\":\"https:\/\/ibcparts.eu\/\",\"logo\":{\"@type\":\"ImageObject\",\"inLanguage\":\"de\",\"@id\":\"https:\/\/ibcparts.eu\/#\/schema\/logo\/image\/\",\"url\":\"https:\/\/ibcparts.eu\/wp-content\/uploads\/2021\/10\/Footer-Logo.png\",\"contentUrl\":\"https:\/\/ibcparts.eu\/wp-content\/uploads\/2021\/10\/Footer-Logo.png\",\"width\":1992,\"height\":772,\"caption\":\"IBCparts\"},\"image\":{\"@id\":\"https:\/\/ibcparts.eu\/#\/schema\/logo\/image\/\"}}]}<\/script>\n<!-- \/ Yoast SEO plugin. -->","yoast_head_json":{"title":"Allgemeine Gesch\u00e4ftsbedingungen | IBCparts.eu","description":"IBCparts.eu vertreibt Zubeh\u00f6r f\u00fcr IBC-Tanks f\u00fcr die Gartenbew\u00e4sserung und die industrielle Wassernutzung.","robots":{"index":"index","follow":"follow","max-snippet":"max-snippet:-1","max-image-preview":"max-image-preview:large","max-video-preview":"max-video-preview:-1"},"canonical":"https:\/\/ibcparts.eu\/de\/allgemeine-geschaeftsbedingungen\/","og_locale":"de_DE","og_type":"article","og_title":"Pogoji poslovanja | IBCparts.eu","og_description":"IBCparts.eu se ukvarja s prodajo pripomo\u010dkov za IBC cisterne za namen zalivanja vrta in uporabo industrijske vode.","og_url":"https:\/\/ibcparts.eu\/de\/allgemeine-geschaeftsbedingungen\/","og_site_name":"IBCparts.eu","article_modified_time":"2024-03-06T10:46:20+00:00","og_image":[{"width":370,"height":493,"url":"https:\/\/ibcparts.eu\/wp-content\/uploads\/2021\/10\/img-63.png","type":"image\/jpeg"}],"twitter_card":"summary_large_image","twitter_misc":{"Gesch\u00e4tzte Lesezeit":"5\u00a0Minuten"},"schema":{"@context":"https:\/\/schema.org","@graph":[{"@type":"WebPage","@id":"https:\/\/ibcparts.eu\/pogoji-uporabe\/","url":"https:\/\/ibcparts.eu\/pogoji-uporabe\/","name":"Allgemeine Gesch\u00e4ftsbedingungen | IBCparts.eu","isPartOf":{"@id":"https:\/\/ibcparts.eu\/#website"},"primaryImageOfPage":{"@id":"https:\/\/ibcparts.eu\/pogoji-uporabe\/#primaryimage"},"image":{"@id":"https:\/\/ibcparts.eu\/pogoji-uporabe\/#primaryimage"},"thumbnailUrl":"https:\/\/ibcparts.eu\/wp-content\/uploads\/2021\/10\/img-63.png","datePublished":"2016-04-03T18:02:18+00:00","dateModified":"2024-03-06T10:46:20+00:00","description":"IBCparts.eu vertreibt Zubeh\u00f6r f\u00fcr IBC-Tanks f\u00fcr die Gartenbew\u00e4sserung und die industrielle Wassernutzung.","breadcrumb":{"@id":"https:\/\/ibcparts.eu\/pogoji-uporabe\/#breadcrumb"},"inLanguage":"de","potentialAction":[{"@type":"ReadAction","target":["https:\/\/ibcparts.eu\/pogoji-uporabe\/"]}]},{"@type":"ImageObject","inLanguage":"de","@id":"https:\/\/ibcparts.eu\/pogoji-uporabe\/#primaryimage","url":"https:\/\/ibcparts.eu\/wp-content\/uploads\/2021\/10\/img-63.png","contentUrl":"https:\/\/ibcparts.eu\/wp-content\/uploads\/2021\/10\/img-63.png","width":370,"height":493},{"@type":"BreadcrumbList","@id":"https:\/\/ibcparts.eu\/pogoji-uporabe\/#breadcrumb","itemListElement":[{"@type":"ListItem","position":1,"name":"Home","item":"https:\/\/ibcparts.eu\/"},{"@type":"ListItem","position":2,"name":"Pogoji poslovanja"}]},{"@type":"WebSite","@id":"https:\/\/ibcparts.eu\/#website","url":"https:\/\/ibcparts.eu\/","name":"IBC-Teile.eu","description":"","publisher":{"@id":"https:\/\/ibcparts.eu\/#organization"},"potentialAction":[{"@type":"SearchAction","target":{"@type":"EntryPoint","urlTemplate":"https:\/\/ibcparts.eu\/?s={search_term_string}"},"query-input":{"@type":"PropertyValueSpecification","valueRequired":true,"valueName":"search_term_string"}}],"inLanguage":"de"},{"@type":"Organization","@id":"https:\/\/ibcparts.eu\/#organization","name":"IBC-Teile","url":"https:\/\/ibcparts.eu\/","logo":{"@type":"ImageObject","inLanguage":"de","@id":"https:\/\/ibcparts.eu\/#\/schema\/logo\/image\/","url":"https:\/\/ibcparts.eu\/wp-content\/uploads\/2021\/10\/Footer-Logo.png","contentUrl":"https:\/\/ibcparts.eu\/wp-content\/uploads\/2021\/10\/Footer-Logo.png","width":1992,"height":772,"caption":"IBCparts"},"image":{"@id":"https:\/\/ibcparts.eu\/#\/schema\/logo\/image\/"}}]}},"_links":{"self":[{"href":"https:\/\/ibcparts.eu\/de\/wp-json\/wp\/v2\/pages\/3928","targetHints":{"allow":["GET"]}}],"collection":[{"href":"https:\/\/ibcparts.eu\/de\/wp-json\/wp\/v2\/pages"}],"about":[{"href":"https:\/\/ibcparts.eu\/de\/wp-json\/wp\/v2\/types\/page"}],"author":[{"embeddable":true,"href":"https:\/\/ibcparts.eu\/de\/wp-json\/wp\/v2\/users\/1"}],"replies":[{"embeddable":true,"href":"https:\/\/ibcparts.eu\/de\/wp-json\/wp\/v2\/comments?post=3928"}],"version-history":[{"count":0,"href":"https:\/\/ibcparts.eu\/de\/wp-json\/wp\/v2\/pages\/3928\/revisions"}],"wp:featuredmedia":[{"embeddable":true,"href":"https:\/\/ibcparts.eu\/de\/wp-json\/wp\/v2\/media\/4986"}],"wp:attachment":[{"href":"https:\/\/ibcparts.eu\/de\/wp-json\/wp\/v2\/media?parent=3928"}],"curies":[{"name":"wp","href":"https:\/\/api.w.org\/{rel}","templated":true}]}}